{"id":17249,"date":"2024-06-20T12:24:14","date_gmt":"2024-06-20T17:24:14","guid":{"rendered":"https:\/\/www.producempresarial.pe\/?page_id=17249"},"modified":"2025-08-28T09:51:32","modified_gmt":"2025-08-28T14:51:32","slug":"tejido-empresarial-directorio","status":"publish","type":"page","link":"https:\/\/www.producempresarial.pe\/en\/tejido-empresarial-directorio\/","title":{"rendered":"tejido-empresarial-directorio"},"content":{"rendered":"<div data-elementor-type=\"wp-page\" data-elementor-id=\"17249\" class=\"elementor elementor-17249\" data-elementor-post-type=\"page\">\n\t\t\t\t<div class=\"elementor-element elementor-element-3e70c87 e-grid e-con-full e-con e-child\" data-id=\"3e70c87\" data-element_type=\"container\" data-e-type=\"container\" data-settings=\"{&quot;background_background&quot;:&quot;classic&quot;}\">\n\t\t<div class=\"elementor-element elementor-element-3d694c2 e-grid e-con-full e-con e-child\" data-id=\"3d694c2\" data-element_type=\"container\" data-e-type=\"container\">\n\t\t\t\t<div class=\"elementor-element elementor-element-738716e elementor-widget elementor-widget-heading\" data-id=\"738716e\" data-element_type=\"widget\" data-e-type=\"widget\" data-widget_type=\"heading.default\">\n\t\t\t\t<div class=\"elementor-widget-container\">\n\t\t\t\t\t<h2 class=\"elementor-heading-title elementor-size-default\">Directory<\/h2>\t\t\t\t<\/div>\n\t\t\t\t<\/div>\n\t\t\t\t<\/div>\n\t\t\t\t<\/div>\n\t\t<div class=\"elementor-element elementor-element-f9a990d e-con-full e-flex e-con e-parent\" data-id=\"f9a990d\" data-element_type=\"container\" data-e-type=\"container\">\n\t\t\t\t<div class=\"elementor-element elementor-element-dedd725 elementor-widget elementor-widget-html\" data-id=\"dedd725\" data-element_type=\"widget\" data-e-type=\"widget\" data-widget_type=\"html.default\">\n\t\t\t\t<div class=\"elementor-widget-container\">\n\t\t\t\t\t<div id='migas_de_pan' class='d-flex'>\n        <div id='div_opcion_inicio'>Home<\/div> \n        <div class='sep_opciones'>&gt;<\/div>\n        <div id='div_opcion_inicio'>Business Sector<\/div> \n        <div class='sep_opciones'>&gt;<\/div>\n        <div id='div_opcion_submenu_principal2'>Directory<\/div>\n        \n\t<\/div>\t\t\t\t<\/div>\n\t\t\t\t<\/div>\n\t\t\t\t<\/div>\n\t\t<div class=\"elementor-element elementor-element-4a60451 e-con-full contenedorAdministrable e-flex e-con e-parent\" data-id=\"4a60451\" data-element_type=\"container\" data-e-type=\"container\">\n\t\t<div class=\"elementor-element elementor-element-8367d28 e-con-full bloque1Administrable e-flex e-con e-child\" data-id=\"8367d28\" data-element_type=\"container\" data-e-type=\"container\">\n\t\t\t\t<div class=\"elementor-element elementor-element-c9f12a4 elementor-widget elementor-widget-shortcode\" data-id=\"c9f12a4\" data-element_type=\"widget\" data-e-type=\"widget\" data-widget_type=\"shortcode.default\">\n\t\t\t\t<div class=\"elementor-widget-container\">\n\t\t\t\t\t\t\t<div class=\"elementor-shortcode\">\r\n        <input type='hidden' name='opcionMenu' id='opcionMenu' value='tejido_empresarial'>\r\n        <input type='hidden' name='urlWeb' id='urlWeb' value='https:\/\/www.producempresarial.pe\/'>\r\n        <input type='hidden' name='slugWeb' id='slugWeb' value='wp-json\/wp\/v2\/pages\/17249'>\r\n        <div class='row g-2' id='divContainerPublicaciones'>\r\n            <div class='col-12' id='menuGeneral'>\r\n                <div class='card menuCard'>\r\n                    <div id='divmenuGeneral' class='card-body'>\r\n                        <div id='divMenuGeneral' class='container-fluid'>\r\n                            <nav id='navMenuGeneral'>\r\n                                <ul>\r\n                                    <li>\r\n                                        <a class='tipoPublicacion' onclick = 'event.preventDefault();' href='#'>\r\n                                            <p class='card-text text-center mb-3  classNombreCategoria'>Directory<\/p>\r\n                                            <input type='hidden' class='slug' value='tejido-empresarial-directorio'>\r\n                                        <\/a>\r\n                                    <\/li><\/ul>\r\n                            <\/nav>\r\n                        <\/div>\r\n                    <\/div>\r\n                <\/div>\r\n            <\/div>\r\n        <\/div>\r\n    \r\n    <\/div>\n\t\t\t\t\t\t<\/div>\n\t\t\t\t<\/div>\n\t\t\t\t<\/div>\n\t\t<div class=\"elementor-element elementor-element-b388a52 e-con-full bloque2Administrable e-flex e-con e-child\" data-id=\"b388a52\" data-element_type=\"container\" data-e-type=\"container\">\n\t\t\t\t<div class=\"elementor-element elementor-element-9164b2b elementor-widget elementor-widget-heading\" data-id=\"9164b2b\" data-element_type=\"widget\" data-e-type=\"widget\" data-widget_type=\"heading.default\">\n\t\t\t\t<div class=\"elementor-widget-container\">\n\t\t\t\t\t<h2 class=\"elementor-heading-title elementor-size-default\">Business Landscape Directory<\/h2>\t\t\t\t<\/div>\n\t\t\t\t<\/div>\n\t\t\t\t<div class=\"elementor-element elementor-element-38c7829 elementor-widget elementor-widget-text-editor\" data-id=\"38c7829\" data-element_type=\"widget\" data-e-type=\"widget\" data-widget_type=\"text-editor.default\">\n\t\t\t\t<div class=\"elementor-widget-container\">\n\t\t\t\t\t\t\t\t\t<p>This section presents directories of micro, small, and medium-sized enterprises (MSMEs) operating in the manufacturing, trade, and services sectors. Each directory provides the following information: legal name, International Standard Industrial Classification (ISIC), Revision 3, ISIC description, and location by department, province, and district. This information is obtained from administrative records from the National Superintendency of Tax Administration (SUNAT), the Ministry of Production, and private entities.<\/p>\t\t\t\t\t\t\t\t<\/div>\n\t\t\t\t<\/div>\n\t\t\t\t<div class=\"elementor-element elementor-element-60a1475 elementor-invisible elementor-widget elementor-widget-image\" data-id=\"60a1475\" data-element_type=\"widget\" data-e-type=\"widget\" data-settings=\"{&quot;_animation&quot;:&quot;zoomIn&quot;,&quot;_animation_delay&quot;:200}\" data-widget_type=\"image.default\">\n\t\t\t\t<div class=\"elementor-widget-container\">\n\t\t\t\t\t\t\t\t\t\t\t\t\t\t\t<img fetchpriority=\"high\" decoding=\"async\" width=\"900\" height=\"433\" src=\"https:\/\/www.producempresarial.pe\/wp-content\/uploads\/2024\/06\/TEJIDO-EMPRESARIAL-10.png\" class=\"attachment-large size-large wp-image-17891\" alt=\"\" \/>\t\t\t\t\t\t\t\t\t\t\t\t\t\t\t<\/div>\n\t\t\t\t<\/div>\n\t\t\t\t<div class=\"elementor-element elementor-element-38136b9 elementor-widget elementor-widget-heading\" data-id=\"38136b9\" data-element_type=\"widget\" data-e-type=\"widget\" data-widget_type=\"heading.default\">\n\t\t\t\t<div class=\"elementor-widget-container\">\n\t\t\t\t\t<h2 class=\"elementor-heading-title elementor-size-medium\">MSME Directory<\/h2>\t\t\t\t<\/div>\n\t\t\t\t<\/div>\n\t\t\t\t<div class=\"elementor-element elementor-element-2c9d6f9 elementor-widget elementor-widget-text-editor\" data-id=\"2c9d6f9\" data-element_type=\"widget\" data-e-type=\"widget\" data-widget_type=\"text-editor.default\">\n\t\t\t\t<div class=\"elementor-widget-container\">\n\t\t\t\t\t\t\t\t\t<p>This section displays directories of enterprises engaged in activities corresponding to the manufacturing, services, and trade sectors.<\/p>\n<p>The manufacturing sector includes the following activities:<\/p>\n<ul>\n<li>Manufacture of food products.<\/li>\n<li>Processing of fresh fishery products (such as oyster shucking and fish filleting) not carried out on board fishing vessels.<\/li>\n<li>Printing and related activities.<\/li>\n<li>Manufacture of grain mill products, starches, and starch products.<\/li>\n<li>Leather processing.<\/li>\n<li>Wood preservation.<\/li>\n<li>Metal coating, plating, heat treatment, and polishing.<\/li>\n<li>Rebuilding or manufacture of machinery, such as motor vehicle engines.<\/li>\n<li>Tire retreading.<\/li>\n<\/ul>\n<p>The services sector includes the following activities:<\/p>\n<ul>\n<li>Construction, transport-related, and IT services.<\/li>\n<li>Administrative and support services.<\/li>\n<li>Financial services.<\/li>\n<li>Health, educational, cultural, and other social services.<\/li>\n<li>Other service activities.<\/li>\n<\/ul>\n<p>The trade sector includes the following activities:<\/p>\n<ul>\n<li>Wholesale and retail trade; repair of motor vehicles, motorcycles, personal and household goods.<\/li>\n<li>Retail sale of computers, peripheral equipment, software and telecommunications equipment in specialized stores.<\/li>\n<li>Transportation, storage and communications.<\/li>\n<li>Hotels and restaurants.<\/li>\n<li>Real estate, business and rental activities<\/li>\n<li>Financial intermediation.<\/li>\n<li>Education<\/li>\n<li>Social and Health Services.<\/li>\n<li>Other community, social, and personal service activities.<\/li>\n<\/ul>\n<p>Micro, small, and medium-sized enterprises (MSMEs) are a fundamental component of the global business sector. Their significance lies in their multiple contributions to the world economy, such as their share of the total number of businesses and their role in job creation.<\/p>\n<p>In Peru, MSMEs represent 99.4% of the business structure, generate 61.4% of employment, and contribute 7% of the total value of exports. Of the 2.2 million formal MSMEs in Peru, 94.7% are microenterprises, 5.0% are small enterprises, and 0.3% are medium-sized enterprises.&nbsp;<\/p>\t\t\t\t\t\t\t\t<\/div>\n\t\t\t\t<\/div>\n\t\t<div class=\"elementor-element elementor-element-4f19686 e-grid e-con-boxed e-con e-child\" data-id=\"4f19686\" data-element_type=\"container\" data-e-type=\"container\">\n\t\t\t\t\t<div class=\"e-con-inner\">\n\t\t\t\t<div class=\"elementor-element elementor-element-29ea1d6 elementor-widget elementor-widget-text-editor\" data-id=\"29ea1d6\" data-element_type=\"widget\" data-e-type=\"widget\" data-widget_type=\"text-editor.default\">\n\t\t\t\t<div class=\"elementor-widget-container\">\n\t\t\t\t\t\t\t\t\t<div><span style=\"color: #ff0000;\"><strong>2023<\/strong><\/span><\/div><ul><li><a href=\"https:\/\/www.producempresarial.pe\/wp-content\/uploads\/2024\/07\/2023-MIPYME-MANUFACTURA-2.xlsx\" target=\"_blank\" rel=\"noopener\">MSME Directory for the Manufacturing Sector<\/a><\/li><li><a href=\"https:\/\/www.producempresarial.pe\/wp-content\/uploads\/2024\/07\/2023-MIPYME-COMERCIO-INTERNO.xlsx\" target=\"_blank\" rel=\"noopener\">MSME Directory for the Trade Sector<\/a><\/li><li><a href=\"https:\/\/www.producempresarial.pe\/wp-content\/uploads\/2024\/07\/2023-MIPYME-SERVICIO-1.xlsx\" target=\"_blank\" rel=\"noopener\">MSME Directory for the Services Sector<\/a><\/li><\/ul>\t\t\t\t\t\t\t\t<\/div>\n\t\t\t\t<\/div>\n\t\t\t\t<div class=\"elementor-element elementor-element-bec36ca elementor-widget elementor-widget-text-editor\" data-id=\"bec36ca\" data-element_type=\"widget\" data-e-type=\"widget\" data-widget_type=\"text-editor.default\">\n\t\t\t\t<div class=\"elementor-widget-container\">\n\t\t\t\t\t\t\t\t\t<div><span style=\"color: #ff0000;\"><strong>2022<\/strong><\/span><\/div><ul><li><a href=\"https:\/\/www.producempresarial.pe\/wp-content\/uploads\/2024\/06\/Manufactura-2022.xlsx\" target=\"_blank\" rel=\"noopener\">MSME Directory for the Manufacturing Sector<\/a><\/li><li><a href=\"https:\/\/www.producempresarial.pe\/wp-content\/uploads\/2024\/07\/2022-MIPYME-COMERCIO-INTERNO.xlsx\" target=\"_blank\" rel=\"noopener\">MSME Directory for the Trade Sector<\/a><\/li><li><a href=\"https:\/\/www.producempresarial.pe\/wp-content\/uploads\/2024\/06\/2022-sector-servicio.xlsx\" target=\"_blank\" rel=\"noopener\">MSME Directory for the Services Sector<\/a><\/li><\/ul>\t\t\t\t\t\t\t\t<\/div>\n\t\t\t\t<\/div>\n\t\t\t\t<div class=\"elementor-element elementor-element-6052111 elementor-widget elementor-widget-text-editor\" data-id=\"6052111\" data-element_type=\"widget\" data-e-type=\"widget\" data-widget_type=\"text-editor.default\">\n\t\t\t\t<div class=\"elementor-widget-container\">\n\t\t\t\t\t\t\t\t\t<div><span style=\"color: #ff0000;\"><strong>2024<\/strong><\/span><\/div><ul><li><a href=\"https:\/\/www.producempresarial.pe\/wp-content\/uploads\/2025\/08\/2024-MIPYME-MANUFACTURA.xlsx\" target=\"_blank\" rel=\"noopener\">MSME Directory for the Manufacturing Sector<\/a><\/li><li><a href=\"https:\/\/www.producempresarial.pe\/wp-content\/uploads\/2025\/08\/2024-MIPYME-COMERCIO-INTERNO.xlsx\" target=\"_blank\" rel=\"noopener\">MSME Directory for the Trade Sector<\/a><\/li><li><a href=\"https:\/\/www.producempresarial.pe\/wp-content\/uploads\/2025\/08\/2024-MIPYME-SERVICIO.xlsx\" target=\"_blank\" rel=\"noopener\">MSME Directory for the Services Sector<\/a><\/li><\/ul>\t\t\t\t\t\t\t\t<\/div>\n\t\t\t\t<\/div>\n\t\t\t\t\t<\/div>\n\t\t\t\t<\/div>\n\t\t\t\t<\/div>\n\t\t\t\t<\/div>\n\t\t\t\t<\/div>","protected":false},"excerpt":{"rendered":"<p>Directorio Inicio &gt; Tejido Empresarial &gt; Directorio Directorio Tejido Empresarial Esta secci\u00f3n presenta los directorios de las micro, peque\u00f1as y medianas empresas (MIPYMEs) que operan en los sectores de manufactura, comercio y servicios. Cada directorio proporciona la siguiente informaci\u00f3n: raz\u00f3n social, clasificaci\u00f3n industrial internacional uniforme (CIIU) revisi\u00f3n 3, descripci\u00f3n CIIU, ubicaci\u00f3n por departamento, provincia y &#8230; <a title=\"tejido-empresarial-directorio\" class=\"read-more\" href=\"https:\/\/www.producempresarial.pe\/en\/tejido-empresarial-directorio\/\" aria-label=\"Read more about tejido-empresarial-directorio\">Read more<\/a><\/p>","protected":false},"author":1,"featured_media":0,"parent":0,"menu_order":0,"comment_status":"closed","ping_status":"closed","template":"elementor_header_footer","meta":{"_acf_changed":false,"footnotes":""},"class_list":["post-17249","page","type-page","status-publish"],"acf":[],"yoast_head":"<!-- This site is optimized with the Yoast SEO plugin v27.1.1 - https:\/\/yoast.com\/product\/yoast-seo-wordpress\/ -->\n<title>tejido-empresarial-directorio - Observatorio PRODUCEmpresarial<\/title>\n<meta name=\"robots\" content=\"index, follow, max-snippet:-1, max-image-preview:large, max-video-preview:-1\" \/>\n<link rel=\"canonical\" href=\"https:\/\/www.producempresarial.pe\/en\/tejido-empresarial-directorio\/\" \/>\n<meta property=\"og:locale\" content=\"en_US\" \/>\n<meta property=\"og:type\" content=\"article\" \/>\n<meta property=\"og:title\" content=\"tejido-empresarial-directorio - Observatorio PRODUCEmpresarial\" \/>\n<meta property=\"og:description\" content=\"Directorio Inicio &gt; Tejido Empresarial &gt; Directorio Directorio Tejido Empresarial Esta secci\u00f3n presenta los directorios de las micro, peque\u00f1as y medianas empresas (MIPYMEs) que operan en los sectores de manufactura, comercio y servicios. Cada directorio proporciona la siguiente informaci\u00f3n: raz\u00f3n social, clasificaci\u00f3n industrial internacional uniforme (CIIU) revisi\u00f3n 3, descripci\u00f3n CIIU, ubicaci\u00f3n por departamento, provincia y ... Read more\" \/>\n<meta property=\"og:url\" content=\"https:\/\/www.producempresarial.pe\/en\/tejido-empresarial-directorio\/\" \/>\n<meta property=\"og:site_name\" content=\"Observatorio PRODUCEmpresarial\" \/>\n<meta property=\"article:modified_time\" content=\"2025-08-28T14:51:32+00:00\" \/>\n<meta property=\"og:image\" content=\"https:\/\/www.producempresarial.pe\/wp-content\/uploads\/2024\/06\/TEJIDO-EMPRESARIAL-10.png\" \/>\n\t<meta property=\"og:image:width\" content=\"978\" \/>\n\t<meta property=\"og:image:height\" content=\"471\" \/>\n\t<meta property=\"og:image:type\" content=\"image\/png\" \/>\n<meta name=\"twitter:card\" content=\"summary_large_image\" \/>\n<meta name=\"twitter:label1\" content=\"Est. reading time\" \/>\n\t<meta name=\"twitter:data1\" content=\"3 minutes\" \/>\n<script type=\"application\/ld+json\" class=\"yoast-schema-graph\">{\"@context\":\"https:\/\/schema.org\",\"@graph\":[{\"@type\":\"WebPage\",\"@id\":\"https:\/\/www.producempresarial.pe\/tejido-empresarial-directorio\/\",\"url\":\"https:\/\/www.producempresarial.pe\/tejido-empresarial-directorio\/\",\"name\":\"tejido-empresarial-directorio - Observatorio PRODUCEmpresarial\",\"isPartOf\":{\"@id\":\"https:\/\/www.producempresarial.pe\/#website\"},\"primaryImageOfPage\":{\"@id\":\"https:\/\/www.producempresarial.pe\/tejido-empresarial-directorio\/#primaryimage\"},\"image\":{\"@id\":\"https:\/\/www.producempresarial.pe\/tejido-empresarial-directorio\/#primaryimage\"},\"thumbnailUrl\":\"https:\/\/www.producempresarial.pe\/wp-content\/uploads\/2024\/06\/TEJIDO-EMPRESARIAL-10.png\",\"datePublished\":\"2024-06-20T17:24:14+00:00\",\"dateModified\":\"2025-08-28T14:51:32+00:00\",\"breadcrumb\":{\"@id\":\"https:\/\/www.producempresarial.pe\/tejido-empresarial-directorio\/#breadcrumb\"},\"inLanguage\":\"en-US\",\"potentialAction\":[{\"@type\":\"ReadAction\",\"target\":[\"https:\/\/www.producempresarial.pe\/tejido-empresarial-directorio\/\"]}]},{\"@type\":\"ImageObject\",\"inLanguage\":\"en-US\",\"@id\":\"https:\/\/www.producempresarial.pe\/tejido-empresarial-directorio\/#primaryimage\",\"url\":\"https:\/\/www.producempresarial.pe\/wp-content\/uploads\/2024\/06\/TEJIDO-EMPRESARIAL-10.png\",\"contentUrl\":\"https:\/\/www.producempresarial.pe\/wp-content\/uploads\/2024\/06\/TEJIDO-EMPRESARIAL-10.png\"},{\"@type\":\"BreadcrumbList\",\"@id\":\"https:\/\/www.producempresarial.pe\/tejido-empresarial-directorio\/#breadcrumb\",\"itemListElement\":[{\"@type\":\"ListItem\",\"position\":1,\"name\":\"Home\",\"item\":\"https:\/\/www.producempresarial.pe\/\"},{\"@type\":\"ListItem\",\"position\":2,\"name\":\"tejido-empresarial-directorio\"}]},{\"@type\":\"WebSite\",\"@id\":\"https:\/\/www.producempresarial.pe\/#website\",\"url\":\"https:\/\/www.producempresarial.pe\/\",\"name\":\"Observatorio PRODUCEmpresarial\",\"description\":\"Herramienta estrat\u00e9gica que integra y genera peri\u00f3dicamente evidencia y an\u00e1lisis sobre el desempe\u00f1o productivo del sector empresarial, as\u00ed como contribuye en la difusi\u00f3n de informaci\u00f3n y documentos t\u00e9cnicos anal\u00edticos y especializados sobre el desempe\u00f1o de las empresas en el Per\u00fa.\",\"publisher\":{\"@id\":\"https:\/\/www.producempresarial.pe\/#organization\"},\"potentialAction\":[{\"@type\":\"SearchAction\",\"target\":{\"@type\":\"EntryPoint\",\"urlTemplate\":\"https:\/\/www.producempresarial.pe\/?s={search_term_string}\"},\"query-input\":{\"@type\":\"PropertyValueSpecification\",\"valueRequired\":true,\"valueName\":\"search_term_string\"}}],\"inLanguage\":\"en-US\"},{\"@type\":\"Organization\",\"@id\":\"https:\/\/www.producempresarial.pe\/#organization\",\"name\":\"PRDOUCE\",\"url\":\"https:\/\/www.producempresarial.pe\/\",\"logo\":{\"@type\":\"ImageObject\",\"inLanguage\":\"en-US\",\"@id\":\"https:\/\/www.producempresarial.pe\/#\/schema\/logo\/image\/\",\"url\":\"https:\/\/www.producempresarial.pe\/wp-content\/uploads\/2024\/02\/image-logo-share.png\",\"contentUrl\":\"https:\/\/www.producempresarial.pe\/wp-content\/uploads\/2024\/02\/image-logo-share.png\",\"width\":1200,\"height\":628,\"caption\":\"PRDOUCE\"},\"image\":{\"@id\":\"https:\/\/www.producempresarial.pe\/#\/schema\/logo\/image\/\"}}]}<\/script>\n<!-- \/ Yoast SEO plugin. -->","yoast_head_json":{"title":"tejido-empresarial-directorio - Observatorio PRODUCEmpresarial","robots":{"index":"index","follow":"follow","max-snippet":"max-snippet:-1","max-image-preview":"max-image-preview:large","max-video-preview":"max-video-preview:-1"},"canonical":"https:\/\/www.producempresarial.pe\/en\/tejido-empresarial-directorio\/","og_locale":"en_US","og_type":"article","og_title":"tejido-empresarial-directorio - Observatorio PRODUCEmpresarial","og_description":"Directorio Inicio &gt; Tejido Empresarial &gt; Directorio Directorio Tejido Empresarial Esta secci\u00f3n presenta los directorios de las micro, peque\u00f1as y medianas empresas (MIPYMEs) que operan en los sectores de manufactura, comercio y servicios. Cada directorio proporciona la siguiente informaci\u00f3n: raz\u00f3n social, clasificaci\u00f3n industrial internacional uniforme (CIIU) revisi\u00f3n 3, descripci\u00f3n CIIU, ubicaci\u00f3n por departamento, provincia y ... Read more","og_url":"https:\/\/www.producempresarial.pe\/en\/tejido-empresarial-directorio\/","og_site_name":"Observatorio PRODUCEmpresarial","article_modified_time":"2025-08-28T14:51:32+00:00","og_image":[{"width":978,"height":471,"url":"https:\/\/www.producempresarial.pe\/wp-content\/uploads\/2024\/06\/TEJIDO-EMPRESARIAL-10.png","type":"image\/png"}],"twitter_card":"summary_large_image","twitter_misc":{"Est. reading time":"3 minutes"},"schema":{"@context":"https:\/\/schema.org","@graph":[{"@type":"WebPage","@id":"https:\/\/www.producempresarial.pe\/tejido-empresarial-directorio\/","url":"https:\/\/www.producempresarial.pe\/tejido-empresarial-directorio\/","name":"tejido-empresarial-directorio - Observatorio PRODUCEmpresarial","isPartOf":{"@id":"https:\/\/www.producempresarial.pe\/#website"},"primaryImageOfPage":{"@id":"https:\/\/www.producempresarial.pe\/tejido-empresarial-directorio\/#primaryimage"},"image":{"@id":"https:\/\/www.producempresarial.pe\/tejido-empresarial-directorio\/#primaryimage"},"thumbnailUrl":"https:\/\/www.producempresarial.pe\/wp-content\/uploads\/2024\/06\/TEJIDO-EMPRESARIAL-10.png","datePublished":"2024-06-20T17:24:14+00:00","dateModified":"2025-08-28T14:51:32+00:00","breadcrumb":{"@id":"https:\/\/www.producempresarial.pe\/tejido-empresarial-directorio\/#breadcrumb"},"inLanguage":"en-US","potentialAction":[{"@type":"ReadAction","target":["https:\/\/www.producempresarial.pe\/tejido-empresarial-directorio\/"]}]},{"@type":"ImageObject","inLanguage":"en-US","@id":"https:\/\/www.producempresarial.pe\/tejido-empresarial-directorio\/#primaryimage","url":"https:\/\/www.producempresarial.pe\/wp-content\/uploads\/2024\/06\/TEJIDO-EMPRESARIAL-10.png","contentUrl":"https:\/\/www.producempresarial.pe\/wp-content\/uploads\/2024\/06\/TEJIDO-EMPRESARIAL-10.png"},{"@type":"BreadcrumbList","@id":"https:\/\/www.producempresarial.pe\/tejido-empresarial-directorio\/#breadcrumb","itemListElement":[{"@type":"ListItem","position":1,"name":"Home","item":"https:\/\/www.producempresarial.pe\/"},{"@type":"ListItem","position":2,"name":"tejido-empresarial-directorio"}]},{"@type":"WebSite","@id":"https:\/\/www.producempresarial.pe\/#website","url":"https:\/\/www.producempresarial.pe\/","name":"PRODUCEmpresarial Observatory","description":"Herramienta estrat\u00e9gica que integra y genera peri\u00f3dicamente evidencia y an\u00e1lisis sobre el desempe\u00f1o productivo del sector empresarial, as\u00ed como contribuye en la difusi\u00f3n de informaci\u00f3n y documentos t\u00e9cnicos anal\u00edticos y especializados sobre el desempe\u00f1o de las empresas en el Per\u00fa.","publisher":{"@id":"https:\/\/www.producempresarial.pe\/#organization"},"potentialAction":[{"@type":"SearchAction","target":{"@type":"EntryPoint","urlTemplate":"https:\/\/www.producempresarial.pe\/?s={search_term_string}"},"query-input":{"@type":"PropertyValueSpecification","valueRequired":true,"valueName":"search_term_string"}}],"inLanguage":"en-US"},{"@type":"Organization","@id":"https:\/\/www.producempresarial.pe\/#organization","name":"PRDOUCE","url":"https:\/\/www.producempresarial.pe\/","logo":{"@type":"ImageObject","inLanguage":"en-US","@id":"https:\/\/www.producempresarial.pe\/#\/schema\/logo\/image\/","url":"https:\/\/www.producempresarial.pe\/wp-content\/uploads\/2024\/02\/image-logo-share.png","contentUrl":"https:\/\/www.producempresarial.pe\/wp-content\/uploads\/2024\/02\/image-logo-share.png","width":1200,"height":628,"caption":"PRDOUCE"},"image":{"@id":"https:\/\/www.producempresarial.pe\/#\/schema\/logo\/image\/"}}]}},"_links":{"self":[{"href":"https:\/\/www.producempresarial.pe\/en\/wp-json\/wp\/v2\/pages\/17249","targetHints":{"allow":["GET"]}}],"collection":[{"href":"https:\/\/www.producempresarial.pe\/en\/wp-json\/wp\/v2\/pages"}],"about":[{"href":"https:\/\/www.producempresarial.pe\/en\/wp-json\/wp\/v2\/types\/page"}],"author":[{"embeddable":true,"href":"https:\/\/www.producempresarial.pe\/en\/wp-json\/wp\/v2\/users\/1"}],"replies":[{"embeddable":true,"href":"https:\/\/www.producempresarial.pe\/en\/wp-json\/wp\/v2\/comments?post=17249"}],"version-history":[{"count":127,"href":"https:\/\/www.producempresarial.pe\/en\/wp-json\/wp\/v2\/pages\/17249\/revisions"}],"predecessor-version":[{"id":27707,"href":"https:\/\/www.producempresarial.pe\/en\/wp-json\/wp\/v2\/pages\/17249\/revisions\/27707"}],"wp:attachment":[{"href":"https:\/\/www.producempresarial.pe\/en\/wp-json\/wp\/v2\/media?parent=17249"}],"curies":[{"name":"wp","href":"https:\/\/api.w.org\/{rel}","templated":true}]}}