{"id":17251,"date":"2024-06-20T12:25:47","date_gmt":"2024-06-20T17:25:47","guid":{"rendered":"https:\/\/www.producempresarial.pe\/?page_id=17251"},"modified":"2025-08-28T09:36:04","modified_gmt":"2025-08-28T14:36:04","slug":"pesca-y-acuicultura-directorio","status":"publish","type":"page","link":"https:\/\/www.producempresarial.pe\/en\/pesca-y-acuicultura-directorio\/","title":{"rendered":"pesca-y-acuicultura-directorio"},"content":{"rendered":"<div data-elementor-type=\"wp-page\" data-elementor-id=\"17251\" class=\"elementor elementor-17251\" data-elementor-post-type=\"page\">\n\t\t\t\t<div class=\"elementor-element elementor-element-3e70c87 e-grid e-con-full e-con e-child\" data-id=\"3e70c87\" data-element_type=\"container\" data-e-type=\"container\" data-settings=\"{&quot;background_background&quot;:&quot;classic&quot;}\">\n\t\t<div class=\"elementor-element elementor-element-3d694c2 e-grid e-con-full e-con e-child\" data-id=\"3d694c2\" data-element_type=\"container\" data-e-type=\"container\">\n\t\t\t\t<div class=\"elementor-element elementor-element-738716e elementor-widget elementor-widget-heading\" data-id=\"738716e\" data-element_type=\"widget\" data-e-type=\"widget\" data-widget_type=\"heading.default\">\n\t\t\t\t<div class=\"elementor-widget-container\">\n\t\t\t\t\t<h2 class=\"elementor-heading-title elementor-size-default\">Directory<\/h2>\t\t\t\t<\/div>\n\t\t\t\t<\/div>\n\t\t\t\t<\/div>\n\t\t\t\t<\/div>\n\t\t<div class=\"elementor-element elementor-element-f9a990d e-con-full e-flex e-con e-parent\" data-id=\"f9a990d\" data-element_type=\"container\" data-e-type=\"container\">\n\t\t\t\t<div class=\"elementor-element elementor-element-dedd725 elementor-widget elementor-widget-html\" data-id=\"dedd725\" data-element_type=\"widget\" data-e-type=\"widget\" data-widget_type=\"html.default\">\n\t\t\t\t<div class=\"elementor-widget-container\">\n\t\t\t\t\t<div id='migas_de_pan' class='d-flex'>\n        <div id='div_opcion_inicio'>Home<\/div> \n        <div class='sep_opciones'>&gt;<\/div>\n        <div id='div_opcion_inicio'>Fishing and Aquaculture<\/div> \n        <div class='sep_opciones'>&gt;<\/div>\n        <div id='div_opcion_submenu_principal2'>Directory<\/div>\n\t<\/div>\t\t\t\t<\/div>\n\t\t\t\t<\/div>\n\t\t\t\t<\/div>\n\t\t<div class=\"elementor-element elementor-element-4a60451 e-con-full contenedorAdministrable e-flex e-con e-parent\" data-id=\"4a60451\" data-element_type=\"container\" data-e-type=\"container\">\n\t\t<div class=\"elementor-element elementor-element-8367d28 e-con-full bloque1Administrable e-flex e-con e-child\" data-id=\"8367d28\" data-element_type=\"container\" data-e-type=\"container\">\n\t\t\t\t<div class=\"elementor-element elementor-element-c9f12a4 elementor-widget elementor-widget-shortcode\" data-id=\"c9f12a4\" data-element_type=\"widget\" data-e-type=\"widget\" data-widget_type=\"shortcode.default\">\n\t\t\t\t<div class=\"elementor-widget-container\">\n\t\t\t\t\t\t\t<div class=\"elementor-shortcode\">\r\n        <input type='hidden' name='opcionMenu' id='opcionMenu' value='pescaacuicultura'>\r\n        <input type='hidden' name='urlWeb' id='urlWeb' value='https:\/\/www.producempresarial.pe\/'>\r\n        <input type='hidden' name='slugWeb' id='slugWeb' value='wp-json\/wp\/v2\/pages\/17251'>\r\n        <div class='row g-2' id='divContainerPublicaciones'>\r\n            <div class='col-12' id='menuGeneral'>\r\n                <div class='card menuCard'>\r\n                    <div id='divmenuGeneral' class='card-body'>\r\n                        <div id='divMenuGeneral' class='container-fluid'>\r\n                            <nav id='navMenuGeneral'>\r\n                                <ul>\r\n                                    <li>\r\n                                        <a class='tipoPublicacion' onclick = 'event.preventDefault();' href='#'>\r\n                                            <p class='card-text text-center mb-3  classNombreCategoria'>Directory<\/p>\r\n                                            <input type='hidden' class='slug' value='pesca-y-acuicultura-directorio'>\r\n                                        <\/a>\r\n                                    <\/li><\/ul>\r\n                            <\/nav>\r\n                        <\/div>\r\n                    <\/div>\r\n                <\/div>\r\n            <\/div>\r\n        <\/div>\r\n    \r\n    <\/div>\n\t\t\t\t\t\t<\/div>\n\t\t\t\t<\/div>\n\t\t\t\t<\/div>\n\t\t<div class=\"elementor-element elementor-element-b388a52 e-con-full bloque2Administrable e-flex e-con e-child\" data-id=\"b388a52\" data-element_type=\"container\" data-e-type=\"container\">\n\t\t\t\t<div class=\"elementor-element elementor-element-9164b2b elementor-widget elementor-widget-heading\" data-id=\"9164b2b\" data-element_type=\"widget\" data-e-type=\"widget\" data-widget_type=\"heading.default\">\n\t\t\t\t<div class=\"elementor-widget-container\">\n\t\t\t\t\t<h2 class=\"elementor-heading-title elementor-size-default\">Fisheries and Aquaculture Directory<\/h2>\t\t\t\t<\/div>\n\t\t\t\t<\/div>\n\t\t\t\t<div class=\"elementor-element elementor-element-ab9cc20 elementor-widget elementor-widget-text-editor\" data-id=\"ab9cc20\" data-element_type=\"widget\" data-e-type=\"widget\" data-widget_type=\"text-editor.default\">\n\t\t\t\t<div class=\"elementor-widget-container\">\n\t\t\t\t\t\t\t\t\t<p>This section presents the directory of micro, small, and medium-sized enterprises (MSMEs) operating in the fisheries and aquaculture sector. The directory provides the following information: company name, International Standard Industrial Classification (ISIC) Rev. 3, ISIC description, and location by department, province, and district. This information is obtained from the administrative records of the National Superintendence of Tax Administration (SUNAT), the Ministry of Production, and private entities.<\/p>\t\t\t\t\t\t\t\t<\/div>\n\t\t\t\t<\/div>\n\t\t\t\t<div class=\"elementor-element elementor-element-b6ff259 elementor-invisible elementor-widget elementor-widget-image\" data-id=\"b6ff259\" data-element_type=\"widget\" data-e-type=\"widget\" data-settings=\"{&quot;_animation&quot;:&quot;zoomIn&quot;}\" data-widget_type=\"image.default\">\n\t\t\t\t<div class=\"elementor-widget-container\">\n\t\t\t\t\t\t\t\t\t\t\t\t\t\t\t<img fetchpriority=\"high\" decoding=\"async\" width=\"1024\" height=\"446\" src=\"https:\/\/www.producempresarial.pe\/wp-content\/uploads\/2024\/06\/PESCA-15.png\" class=\"attachment-large size-large wp-image-17540\" alt=\"\" \/>\t\t\t\t\t\t\t\t\t\t\t\t\t\t\t<\/div>\n\t\t\t\t<\/div>\n\t\t\t\t<div class=\"elementor-element elementor-element-f44ff1c elementor-widget elementor-widget-text-editor\" data-id=\"f44ff1c\" data-element_type=\"widget\" data-e-type=\"widget\" data-widget_type=\"text-editor.default\">\n\t\t\t\t<div class=\"elementor-widget-container\">\n\t\t\t\t\t\t\t\t\t<p>In 2023, extractive activity in the fisheries sector recorded a 34.4% decline in volume compared to 2022. This performance was mainly explained by unfavorable oceanographic conditions, including the presence of warm waters caused by the Coastal El Ni\u00f1o phenomenon \u2014 EFEN during much of the year, which affected the extraction of anchoveta destined for the fishmeal industry. In this context, in 2023, the value of Extractive Fisheries GDP amounted to PEN 1,672 million, representing 0.30% of National GDP. Of this value, 75.1% corresponded to direct human consumption \u2014 DHC, equivalent to PEN 1,256 million, while 24.9% corresponded to indirect human consumption \u2014 IHC, amounting to PEN 417 million.<\/p><p>On the other hand, in 2023, aquaculture harvest activity recorded a 32.8% decrease in volume compared to 2022, with harvest reaching 94,758 MT. However, in 2024, a recovery is expected in scallop farming (+27.0%) and trout farming (+10.7%), since these farmed species were affected the previous year by weather factors and social conflicts.\u00a0<\/p>\t\t\t\t\t\t\t\t<\/div>\n\t\t\t\t<\/div>\n\t\t<div class=\"elementor-element elementor-element-4f19686 e-grid e-con-boxed e-con e-child\" data-id=\"4f19686\" data-element_type=\"container\" data-e-type=\"container\">\n\t\t\t\t\t<div class=\"e-con-inner\">\n\t\t\t\t<div class=\"elementor-element elementor-element-c3b15e5 elementor-widget elementor-widget-text-editor\" data-id=\"c3b15e5\" data-element_type=\"widget\" data-e-type=\"widget\" data-widget_type=\"text-editor.default\">\n\t\t\t\t<div class=\"elementor-widget-container\">\n\t\t\t\t\t\t\t\t\t<div><span style=\"color: #ff0000;\"><strong>\u00a0 \u00a0 \u00a0 \u00a0 2023<\/strong><\/span><\/div><ul><li><a href=\"https:\/\/www.producempresarial.pe\/wp-content\/uploads\/2024\/07\/2023-MIPYME-PESCA-Y-ACUICULTURA.xlsx\" target=\"_blank\" rel=\"noopener\">MSME Directory of the Fisheries and Aquaculture Sector<\/a><\/li><\/ul>\t\t\t\t\t\t\t\t<\/div>\n\t\t\t\t<\/div>\n\t\t\t\t<div class=\"elementor-element elementor-element-980e758 elementor-widget elementor-widget-text-editor\" data-id=\"980e758\" data-element_type=\"widget\" data-e-type=\"widget\" data-widget_type=\"text-editor.default\">\n\t\t\t\t<div class=\"elementor-widget-container\">\n\t\t\t\t\t\t\t\t\t<div><span style=\"color: #ff0000;\"><strong>\u00a0 \u00a0 \u00a0 \u00a0 2022<\/strong><\/span><\/div><ul><li><a href=\"https:\/\/www.producempresarial.pe\/wp-content\/uploads\/2024\/06\/2022-sector-pesca-y-acuicultura.xlsx\" target=\"_blank\" rel=\"noopener\">MSME Directory of the Fisheries and Aquaculture Sector<\/a><\/li><\/ul>\t\t\t\t\t\t\t\t<\/div>\n\t\t\t\t<\/div>\n\t\t\t\t<div class=\"elementor-element elementor-element-1fee5f6 elementor-widget elementor-widget-text-editor\" data-id=\"1fee5f6\" data-element_type=\"widget\" data-e-type=\"widget\" data-widget_type=\"text-editor.default\">\n\t\t\t\t<div class=\"elementor-widget-container\">\n\t\t\t\t\t\t\t\t\t<div><span style=\"color: #ff0000;\"><strong>\u00a0 \u00a0 \u00a0 \u00a0 2024<\/strong><\/span><\/div><ul><li><a href=\"https:\/\/www.producempresarial.pe\/wp-content\/uploads\/2025\/08\/2024-MIPYME-PESCA-Y-ACUICULTURA.xlsx\" target=\"_blank\" rel=\"noopener\">MSME Directory of the Fisheries and Aquaculture Sector<\/a><\/li><\/ul>\t\t\t\t\t\t\t\t<\/div>\n\t\t\t\t<\/div>\n\t\t\t\t\t<\/div>\n\t\t\t\t<\/div>\n\t\t\t\t<\/div>\n\t\t\t\t<\/div>\n\t\t\t\t<\/div>","protected":false},"excerpt":{"rendered":"<p>Directorio Inicio &gt; Pesca y Acuicultura &gt; Directorio Directorio Pesca y Acuicultura Esta secci\u00f3n presenta el directorio de las micro, peque\u00f1as y medianas empresas (MIPYMEs) que operan en el sector pesquero y acu\u00edcola. El directorio proporciona la siguiente informaci\u00f3n: raz\u00f3n social, clasificaci\u00f3n industrial internacional uniforme (CIIU) revisi\u00f3n 3, descripci\u00f3n CIIU, ubicaci\u00f3n por departamento, provincia y &#8230; <a title=\"pesca-y-acuicultura-directorio\" class=\"read-more\" href=\"https:\/\/www.producempresarial.pe\/en\/pesca-y-acuicultura-directorio\/\" aria-label=\"Read more about pesca-y-acuicultura-directorio\">Read more<\/a><\/p>","protected":false},"author":1,"featured_media":0,"parent":0,"menu_order":0,"comment_status":"closed","ping_status":"closed","template":"elementor_header_footer","meta":{"_acf_changed":false,"footnotes":""},"class_list":["post-17251","page","type-page","status-publish"],"acf":[],"yoast_head":"<!-- This site is optimized with the Yoast SEO plugin v27.1.1 - https:\/\/yoast.com\/product\/yoast-seo-wordpress\/ -->\n<title>pesca-y-acuicultura-directorio - Observatorio PRODUCEmpresarial<\/title>\n<meta name=\"robots\" content=\"index, follow, max-snippet:-1, max-image-preview:large, max-video-preview:-1\" \/>\n<link rel=\"canonical\" href=\"https:\/\/www.producempresarial.pe\/en\/pesca-y-acuicultura-directorio\/\" \/>\n<meta property=\"og:locale\" content=\"en_US\" \/>\n<meta property=\"og:type\" content=\"article\" \/>\n<meta property=\"og:title\" content=\"pesca-y-acuicultura-directorio - Observatorio PRODUCEmpresarial\" \/>\n<meta property=\"og:description\" content=\"Directorio Inicio &gt; Pesca y Acuicultura &gt; Directorio Directorio Pesca y Acuicultura Esta secci\u00f3n presenta el directorio de las micro, peque\u00f1as y medianas empresas (MIPYMEs) que operan en el sector pesquero y acu\u00edcola. El directorio proporciona la siguiente informaci\u00f3n: raz\u00f3n social, clasificaci\u00f3n industrial internacional uniforme (CIIU) revisi\u00f3n 3, descripci\u00f3n CIIU, ubicaci\u00f3n por departamento, provincia y ... Read more\" \/>\n<meta property=\"og:url\" content=\"https:\/\/www.producempresarial.pe\/en\/pesca-y-acuicultura-directorio\/\" \/>\n<meta property=\"og:site_name\" content=\"Observatorio PRODUCEmpresarial\" \/>\n<meta property=\"article:modified_time\" content=\"2025-08-28T14:36:04+00:00\" \/>\n<meta property=\"og:image\" content=\"https:\/\/www.producempresarial.pe\/wp-content\/uploads\/2024\/06\/PESCA-15.png\" \/>\n\t<meta property=\"og:image:width\" content=\"1162\" \/>\n\t<meta property=\"og:image:height\" content=\"506\" \/>\n\t<meta property=\"og:image:type\" content=\"image\/png\" \/>\n<meta name=\"twitter:card\" content=\"summary_large_image\" \/>\n<meta name=\"twitter:label1\" content=\"Est. reading time\" \/>\n\t<meta name=\"twitter:data1\" content=\"2 minutes\" \/>\n<script type=\"application\/ld+json\" class=\"yoast-schema-graph\">{\"@context\":\"https:\/\/schema.org\",\"@graph\":[{\"@type\":\"WebPage\",\"@id\":\"https:\/\/www.producempresarial.pe\/pesca-y-acuicultura-directorio\/\",\"url\":\"https:\/\/www.producempresarial.pe\/pesca-y-acuicultura-directorio\/\",\"name\":\"pesca-y-acuicultura-directorio - Observatorio PRODUCEmpresarial\",\"isPartOf\":{\"@id\":\"https:\/\/www.producempresarial.pe\/#website\"},\"primaryImageOfPage\":{\"@id\":\"https:\/\/www.producempresarial.pe\/pesca-y-acuicultura-directorio\/#primaryimage\"},\"image\":{\"@id\":\"https:\/\/www.producempresarial.pe\/pesca-y-acuicultura-directorio\/#primaryimage\"},\"thumbnailUrl\":\"https:\/\/www.producempresarial.pe\/wp-content\/uploads\/2024\/06\/PESCA-15.png\",\"datePublished\":\"2024-06-20T17:25:47+00:00\",\"dateModified\":\"2025-08-28T14:36:04+00:00\",\"breadcrumb\":{\"@id\":\"https:\/\/www.producempresarial.pe\/pesca-y-acuicultura-directorio\/#breadcrumb\"},\"inLanguage\":\"en-US\",\"potentialAction\":[{\"@type\":\"ReadAction\",\"target\":[\"https:\/\/www.producempresarial.pe\/pesca-y-acuicultura-directorio\/\"]}]},{\"@type\":\"ImageObject\",\"inLanguage\":\"en-US\",\"@id\":\"https:\/\/www.producempresarial.pe\/pesca-y-acuicultura-directorio\/#primaryimage\",\"url\":\"https:\/\/www.producempresarial.pe\/wp-content\/uploads\/2024\/06\/PESCA-15.png\",\"contentUrl\":\"https:\/\/www.producempresarial.pe\/wp-content\/uploads\/2024\/06\/PESCA-15.png\"},{\"@type\":\"BreadcrumbList\",\"@id\":\"https:\/\/www.producempresarial.pe\/pesca-y-acuicultura-directorio\/#breadcrumb\",\"itemListElement\":[{\"@type\":\"ListItem\",\"position\":1,\"name\":\"Home\",\"item\":\"https:\/\/www.producempresarial.pe\/\"},{\"@type\":\"ListItem\",\"position\":2,\"name\":\"pesca-y-acuicultura-directorio\"}]},{\"@type\":\"WebSite\",\"@id\":\"https:\/\/www.producempresarial.pe\/#website\",\"url\":\"https:\/\/www.producempresarial.pe\/\",\"name\":\"Observatorio PRODUCEmpresarial\",\"description\":\"Herramienta estrat\u00e9gica que integra y genera peri\u00f3dicamente evidencia y an\u00e1lisis sobre el desempe\u00f1o productivo del sector empresarial, as\u00ed como contribuye en la difusi\u00f3n de informaci\u00f3n y documentos t\u00e9cnicos anal\u00edticos y especializados sobre el desempe\u00f1o de las empresas en el Per\u00fa.\",\"publisher\":{\"@id\":\"https:\/\/www.producempresarial.pe\/#organization\"},\"potentialAction\":[{\"@type\":\"SearchAction\",\"target\":{\"@type\":\"EntryPoint\",\"urlTemplate\":\"https:\/\/www.producempresarial.pe\/?s={search_term_string}\"},\"query-input\":{\"@type\":\"PropertyValueSpecification\",\"valueRequired\":true,\"valueName\":\"search_term_string\"}}],\"inLanguage\":\"en-US\"},{\"@type\":\"Organization\",\"@id\":\"https:\/\/www.producempresarial.pe\/#organization\",\"name\":\"PRDOUCE\",\"url\":\"https:\/\/www.producempresarial.pe\/\",\"logo\":{\"@type\":\"ImageObject\",\"inLanguage\":\"en-US\",\"@id\":\"https:\/\/www.producempresarial.pe\/#\/schema\/logo\/image\/\",\"url\":\"https:\/\/www.producempresarial.pe\/wp-content\/uploads\/2024\/02\/image-logo-share.png\",\"contentUrl\":\"https:\/\/www.producempresarial.pe\/wp-content\/uploads\/2024\/02\/image-logo-share.png\",\"width\":1200,\"height\":628,\"caption\":\"PRDOUCE\"},\"image\":{\"@id\":\"https:\/\/www.producempresarial.pe\/#\/schema\/logo\/image\/\"}}]}<\/script>\n<!-- \/ Yoast SEO plugin. -->","yoast_head_json":{"title":"pesca-y-acuicultura-directorio - Observatorio PRODUCEmpresarial","robots":{"index":"index","follow":"follow","max-snippet":"max-snippet:-1","max-image-preview":"max-image-preview:large","max-video-preview":"max-video-preview:-1"},"canonical":"https:\/\/www.producempresarial.pe\/en\/pesca-y-acuicultura-directorio\/","og_locale":"en_US","og_type":"article","og_title":"pesca-y-acuicultura-directorio - Observatorio PRODUCEmpresarial","og_description":"Directorio Inicio &gt; Pesca y Acuicultura &gt; Directorio Directorio Pesca y Acuicultura Esta secci\u00f3n presenta el directorio de las micro, peque\u00f1as y medianas empresas (MIPYMEs) que operan en el sector pesquero y acu\u00edcola. El directorio proporciona la siguiente informaci\u00f3n: raz\u00f3n social, clasificaci\u00f3n industrial internacional uniforme (CIIU) revisi\u00f3n 3, descripci\u00f3n CIIU, ubicaci\u00f3n por departamento, provincia y ... Read more","og_url":"https:\/\/www.producempresarial.pe\/en\/pesca-y-acuicultura-directorio\/","og_site_name":"Observatorio PRODUCEmpresarial","article_modified_time":"2025-08-28T14:36:04+00:00","og_image":[{"width":1162,"height":506,"url":"https:\/\/www.producempresarial.pe\/wp-content\/uploads\/2024\/06\/PESCA-15.png","type":"image\/png"}],"twitter_card":"summary_large_image","twitter_misc":{"Est. reading time":"2 minutes"},"schema":{"@context":"https:\/\/schema.org","@graph":[{"@type":"WebPage","@id":"https:\/\/www.producempresarial.pe\/pesca-y-acuicultura-directorio\/","url":"https:\/\/www.producempresarial.pe\/pesca-y-acuicultura-directorio\/","name":"pesca-y-acuicultura-directorio - Observatorio PRODUCEmpresarial","isPartOf":{"@id":"https:\/\/www.producempresarial.pe\/#website"},"primaryImageOfPage":{"@id":"https:\/\/www.producempresarial.pe\/pesca-y-acuicultura-directorio\/#primaryimage"},"image":{"@id":"https:\/\/www.producempresarial.pe\/pesca-y-acuicultura-directorio\/#primaryimage"},"thumbnailUrl":"https:\/\/www.producempresarial.pe\/wp-content\/uploads\/2024\/06\/PESCA-15.png","datePublished":"2024-06-20T17:25:47+00:00","dateModified":"2025-08-28T14:36:04+00:00","breadcrumb":{"@id":"https:\/\/www.producempresarial.pe\/pesca-y-acuicultura-directorio\/#breadcrumb"},"inLanguage":"en-US","potentialAction":[{"@type":"ReadAction","target":["https:\/\/www.producempresarial.pe\/pesca-y-acuicultura-directorio\/"]}]},{"@type":"ImageObject","inLanguage":"en-US","@id":"https:\/\/www.producempresarial.pe\/pesca-y-acuicultura-directorio\/#primaryimage","url":"https:\/\/www.producempresarial.pe\/wp-content\/uploads\/2024\/06\/PESCA-15.png","contentUrl":"https:\/\/www.producempresarial.pe\/wp-content\/uploads\/2024\/06\/PESCA-15.png"},{"@type":"BreadcrumbList","@id":"https:\/\/www.producempresarial.pe\/pesca-y-acuicultura-directorio\/#breadcrumb","itemListElement":[{"@type":"ListItem","position":1,"name":"Home","item":"https:\/\/www.producempresarial.pe\/"},{"@type":"ListItem","position":2,"name":"pesca-y-acuicultura-directorio"}]},{"@type":"WebSite","@id":"https:\/\/www.producempresarial.pe\/#website","url":"https:\/\/www.producempresarial.pe\/","name":"PRODUCEmpresarial Observatory","description":"Herramienta estrat\u00e9gica que integra y genera peri\u00f3dicamente evidencia y an\u00e1lisis sobre el desempe\u00f1o productivo del sector empresarial, as\u00ed como contribuye en la difusi\u00f3n de informaci\u00f3n y documentos t\u00e9cnicos anal\u00edticos y especializados sobre el desempe\u00f1o de las empresas en el Per\u00fa.","publisher":{"@id":"https:\/\/www.producempresarial.pe\/#organization"},"potentialAction":[{"@type":"SearchAction","target":{"@type":"EntryPoint","urlTemplate":"https:\/\/www.producempresarial.pe\/?s={search_term_string}"},"query-input":{"@type":"PropertyValueSpecification","valueRequired":true,"valueName":"search_term_string"}}],"inLanguage":"en-US"},{"@type":"Organization","@id":"https:\/\/www.producempresarial.pe\/#organization","name":"PRDOUCE","url":"https:\/\/www.producempresarial.pe\/","logo":{"@type":"ImageObject","inLanguage":"en-US","@id":"https:\/\/www.producempresarial.pe\/#\/schema\/logo\/image\/","url":"https:\/\/www.producempresarial.pe\/wp-content\/uploads\/2024\/02\/image-logo-share.png","contentUrl":"https:\/\/www.producempresarial.pe\/wp-content\/uploads\/2024\/02\/image-logo-share.png","width":1200,"height":628,"caption":"PRDOUCE"},"image":{"@id":"https:\/\/www.producempresarial.pe\/#\/schema\/logo\/image\/"}}]}},"_links":{"self":[{"href":"https:\/\/www.producempresarial.pe\/en\/wp-json\/wp\/v2\/pages\/17251","targetHints":{"allow":["GET"]}}],"collection":[{"href":"https:\/\/www.producempresarial.pe\/en\/wp-json\/wp\/v2\/pages"}],"about":[{"href":"https:\/\/www.producempresarial.pe\/en\/wp-json\/wp\/v2\/types\/page"}],"author":[{"embeddable":true,"href":"https:\/\/www.producempresarial.pe\/en\/wp-json\/wp\/v2\/users\/1"}],"replies":[{"embeddable":true,"href":"https:\/\/www.producempresarial.pe\/en\/wp-json\/wp\/v2\/comments?post=17251"}],"version-history":[{"count":88,"href":"https:\/\/www.producempresarial.pe\/en\/wp-json\/wp\/v2\/pages\/17251\/revisions"}],"predecessor-version":[{"id":27690,"href":"https:\/\/www.producempresarial.pe\/en\/wp-json\/wp\/v2\/pages\/17251\/revisions\/27690"}],"wp:attachment":[{"href":"https:\/\/www.producempresarial.pe\/en\/wp-json\/wp\/v2\/media?parent=17251"}],"curies":[{"name":"wp","href":"https:\/\/api.w.org\/{rel}","templated":true}]}}