{"id":17255,"date":"2024-06-20T12:27:58","date_gmt":"2024-06-20T17:27:58","guid":{"rendered":"https:\/\/www.producempresarial.pe\/?page_id=17255"},"modified":"2025-08-28T09:47:41","modified_gmt":"2025-08-28T14:47:41","slug":"comercio-directorio","status":"publish","type":"page","link":"https:\/\/www.producempresarial.pe\/en\/comercio-directorio\/","title":{"rendered":"comercio-directorio"},"content":{"rendered":"<div data-elementor-type=\"wp-page\" data-elementor-id=\"17255\" class=\"elementor elementor-17255\" data-elementor-post-type=\"page\">\n\t\t\t\t<div class=\"elementor-element elementor-element-46c4d55 e-grid e-con-full e-con e-child\" data-id=\"46c4d55\" data-element_type=\"container\" data-e-type=\"container\" data-settings=\"{&quot;background_background&quot;:&quot;classic&quot;}\">\n\t\t<div class=\"elementor-element elementor-element-163f188 e-grid e-con-full e-con e-child\" data-id=\"163f188\" data-element_type=\"container\" data-e-type=\"container\">\n\t\t\t\t<div class=\"elementor-element elementor-element-b7abcdc elementor-widget elementor-widget-heading\" data-id=\"b7abcdc\" data-element_type=\"widget\" data-e-type=\"widget\" data-widget_type=\"heading.default\">\n\t\t\t\t<div class=\"elementor-widget-container\">\n\t\t\t\t\t<h2 class=\"elementor-heading-title elementor-size-default\">Directory<\/h2>\t\t\t\t<\/div>\n\t\t\t\t<\/div>\n\t\t\t\t<\/div>\n\t\t\t\t<\/div>\n\t\t<div class=\"elementor-element elementor-element-f9a990d e-con-full e-flex e-con e-parent\" data-id=\"f9a990d\" data-element_type=\"container\" data-e-type=\"container\">\n\t\t\t\t<div class=\"elementor-element elementor-element-dedd725 elementor-widget elementor-widget-html\" data-id=\"dedd725\" data-element_type=\"widget\" data-e-type=\"widget\" data-widget_type=\"html.default\">\n\t\t\t\t<div class=\"elementor-widget-container\">\n\t\t\t\t\t<div id='migas_de_pan' class='d-flex'>\n        <div id='div_opcion_inicio'>Home<\/div> \n        <div class='sep_opciones'>&gt;<\/div>\n        <div id='div_opcion_inicio'>Trade<\/div> \n        <div class='sep_opciones'>&gt;<\/div>\n        <div id='div_opcion_submenu_principal2'>Directory<\/div>\n        \n\t<\/div>\t\t\t\t<\/div>\n\t\t\t\t<\/div>\n\t\t\t\t<\/div>\n\t\t<div class=\"elementor-element elementor-element-4a60451 e-con-full contenedorAdministrable e-flex e-con e-parent\" data-id=\"4a60451\" data-element_type=\"container\" data-e-type=\"container\">\n\t\t<div class=\"elementor-element elementor-element-8367d28 e-con-full bloque1Administrable e-flex e-con e-child\" data-id=\"8367d28\" data-element_type=\"container\" data-e-type=\"container\">\n\t\t\t\t<div class=\"elementor-element elementor-element-c9f12a4 elementor-widget elementor-widget-shortcode\" data-id=\"c9f12a4\" data-element_type=\"widget\" data-e-type=\"widget\" data-widget_type=\"shortcode.default\">\n\t\t\t\t<div class=\"elementor-widget-container\">\n\t\t\t\t\t\t\t<div class=\"elementor-shortcode\">\r\n        <input type='hidden' name='opcionMenu' id='opcionMenu' value='comercio'>\r\n        <input type='hidden' name='urlWeb' id='urlWeb' value='https:\/\/www.producempresarial.pe\/'>\r\n        <input type='hidden' name='slugWeb' id='slugWeb' value='wp-json\/wp\/v2\/pages\/17255'>\r\n        <div class='row g-2' id='divContainerPublicaciones'>\r\n            <div class='col-12' id='menuGeneral'>\r\n                <div class='card menuCard'>\r\n                    <div id='divmenuGeneral' class='card-body'>\r\n                        <div id='divMenuGeneral' class='container-fluid'>\r\n                            <nav id='navMenuGeneral'>\r\n                                <ul>\r\n                                    <li>\r\n                                        <a class='tipoPublicacion' onclick = 'event.preventDefault();' href='#'>\r\n                                            <p class='card-text text-center mb-3  classNombreCategoria'>Directory<\/p>\r\n                                            <input type='hidden' class='slug' value='comercio-directorio'>\r\n                                        <\/a>\r\n                                    <\/li><\/ul>\r\n                            <\/nav>\r\n                        <\/div>\r\n                    <\/div>\r\n                <\/div>\r\n            <\/div>\r\n        <\/div>\r\n    \r\n    <\/div>\n\t\t\t\t\t\t<\/div>\n\t\t\t\t<\/div>\n\t\t\t\t<\/div>\n\t\t<div class=\"elementor-element elementor-element-b388a52 e-con-full bloque2Administrable e-flex e-con e-child\" data-id=\"b388a52\" data-element_type=\"container\" data-e-type=\"container\">\n\t\t\t\t<div class=\"elementor-element elementor-element-9164b2b elementor-widget elementor-widget-heading\" data-id=\"9164b2b\" data-element_type=\"widget\" data-e-type=\"widget\" data-widget_type=\"heading.default\">\n\t\t\t\t<div class=\"elementor-widget-container\">\n\t\t\t\t\t<h2 class=\"elementor-heading-title elementor-size-default\">Commerce Directory<\/h2>\t\t\t\t<\/div>\n\t\t\t\t<\/div>\n\t\t\t\t<div class=\"elementor-element elementor-element-bbdb3fc elementor-widget elementor-widget-text-editor\" data-id=\"bbdb3fc\" data-element_type=\"widget\" data-e-type=\"widget\" data-widget_type=\"text-editor.default\">\n\t\t\t\t<div class=\"elementor-widget-container\">\n\t\t\t\t\t\t\t\t\t<p>This section provides the directory of micro, small, and medium-sized enterprises (MSMEs) operating in the trade sector. The directory includes the following details: company name, International Standard Industrial Classification (ISIC) Revision 3, ISIC description, and location by department, province, and district. This information is sourced from the administrative records of the National Superintendence of Tax Administration (SUNAT), the Ministry of Production, and private entities.<\/p>\t\t\t\t\t\t\t\t<\/div>\n\t\t\t\t<\/div>\n\t\t\t\t<div class=\"elementor-element elementor-element-f949093 elementor-invisible elementor-widget elementor-widget-image\" data-id=\"f949093\" data-element_type=\"widget\" data-e-type=\"widget\" data-settings=\"{&quot;_animation&quot;:&quot;zoomIn&quot;}\" data-widget_type=\"image.default\">\n\t\t\t\t<div class=\"elementor-widget-container\">\n\t\t\t\t\t\t\t\t\t\t\t\t\t\t\t<img fetchpriority=\"high\" decoding=\"async\" width=\"869\" height=\"328\" src=\"https:\/\/www.producempresarial.pe\/wp-content\/uploads\/2024\/06\/comercio-13.png\" class=\"attachment-large size-large wp-image-17507\" alt=\"\" \/>\t\t\t\t\t\t\t\t\t\t\t\t\t\t\t<\/div>\n\t\t\t\t<\/div>\n\t\t\t\t<div class=\"elementor-element elementor-element-be31f12 elementor-widget elementor-widget-heading\" data-id=\"be31f12\" data-element_type=\"widget\" data-e-type=\"widget\" data-widget_type=\"heading.default\">\n\t\t\t\t<div class=\"elementor-widget-container\">\n\t\t\t\t\t<h2 class=\"elementor-heading-title elementor-size-medium\">Retail Trade MSME Directory<\/h2>\t\t\t\t<\/div>\n\t\t\t\t<\/div>\n\t\t\t\t<div class=\"elementor-element elementor-element-260cfc8 elementor-widget elementor-widget-text-editor\" data-id=\"260cfc8\" data-element_type=\"widget\" data-e-type=\"widget\" data-widget_type=\"text-editor.default\">\n\t\t\t\t<div class=\"elementor-widget-container\">\n\t\t\t\t\t\t\t\t\t<p>The directory of micro, small and medium-sized enterprises (MSMEs) of retail trade in Peru includes the following activities:<\/p><ul><li>Retail sale in non-specialized warehouses.<\/li><li>Retail sale of other products in stores.<\/li><li>Retail Sale of pharmaceuticals and personal care products.<\/li><li>Retail Sale of household appliances<\/li><li>Retail sale of hardware items.<\/li><li>Other types of retail sale.<\/li><\/ul>\t\t\t\t\t\t\t\t<\/div>\n\t\t\t\t<\/div>\n\t\t<div class=\"elementor-element elementor-element-4f19686 e-grid e-con-boxed e-con e-child\" data-id=\"4f19686\" data-element_type=\"container\" data-e-type=\"container\">\n\t\t\t\t\t<div class=\"e-con-inner\">\n\t\t\t\t<div class=\"elementor-element elementor-element-0cbd734 elementor-widget elementor-widget-text-editor\" data-id=\"0cbd734\" data-element_type=\"widget\" data-e-type=\"widget\" data-widget_type=\"text-editor.default\">\n\t\t\t\t<div class=\"elementor-widget-container\">\n\t\t\t\t\t\t\t\t\t<p><strong>2023<\/strong><\/p><ul><li><a href=\"https:\/\/www.producempresarial.pe\/wp-content\/uploads\/2024\/07\/2023-MIPYME-COMERCIO-INTERNO.xlsx\" target=\"_blank\" rel=\"noopener\">MSME Directory of the Retail Trade Sector<\/a><\/li><\/ul>\t\t\t\t\t\t\t\t<\/div>\n\t\t\t\t<\/div>\n\t\t\t\t<div class=\"elementor-element elementor-element-ec3e270 elementor-widget elementor-widget-text-editor\" data-id=\"ec3e270\" data-element_type=\"widget\" data-e-type=\"widget\" data-widget_type=\"text-editor.default\">\n\t\t\t\t<div class=\"elementor-widget-container\">\n\t\t\t\t\t\t\t\t\t<p><strong>2022<\/strong><\/p>\n<ul>\n<li><a href=\"https:\/\/www.producempresarial.pe\/wp-content\/uploads\/2024\/06\/2022-sector-comercio-interno.xlsx\" target=\"_blank\" rel=\"noopener\">MSME Directory of the Retail Trade Sector<\/a><\/li>\n<\/ul>\t\t\t\t\t\t\t\t<\/div>\n\t\t\t\t<\/div>\n\t\t\t\t<div class=\"elementor-element elementor-element-bd073da elementor-widget elementor-widget-text-editor\" data-id=\"bd073da\" data-element_type=\"widget\" data-e-type=\"widget\" data-widget_type=\"text-editor.default\">\n\t\t\t\t<div class=\"elementor-widget-container\">\n\t\t\t\t\t\t\t\t\t<p><strong>2024<\/strong><\/p><ul><li><a href=\"https:\/\/www.producempresarial.pe\/wp-content\/uploads\/2025\/08\/2024-MIPYME-COMERCIO-INTERNO.xlsx\" target=\"_blank\" rel=\"noopener\">MSME Directory of the Retail Trade Sector<\/a><\/li><\/ul>\t\t\t\t\t\t\t\t<\/div>\n\t\t\t\t<\/div>\n\t\t\t\t\t<\/div>\n\t\t\t\t<\/div>\n\t\t\t\t<div class=\"elementor-element elementor-element-3a9ae6e elementor-widget elementor-widget-heading\" data-id=\"3a9ae6e\" data-element_type=\"widget\" data-e-type=\"widget\" data-widget_type=\"heading.default\">\n\t\t\t\t<div class=\"elementor-widget-container\">\n\t\t\t\t\t<h2 class=\"elementor-heading-title elementor-size-medium\">Directory of MSMEs of Foreign Trade<\/h2>\t\t\t\t<\/div>\n\t\t\t\t<\/div>\n\t\t\t\t<div class=\"elementor-element elementor-element-fdbeb1a elementor-widget elementor-widget-text-editor\" data-id=\"fdbeb1a\" data-element_type=\"widget\" data-e-type=\"widget\" data-widget_type=\"text-editor.default\">\n\t\t\t\t<div class=\"elementor-widget-container\">\n\t\t\t\t\t\t\t\t\t<p>The directory of exporting micro, small and medium-sized enterprises (MSMEs) is presented.<\/p>\t\t\t\t\t\t\t\t<\/div>\n\t\t\t\t<\/div>\n\t\t<div class=\"elementor-element elementor-element-9b878cb e-grid e-con-boxed e-con e-child\" data-id=\"9b878cb\" data-element_type=\"container\" data-e-type=\"container\">\n\t\t\t\t\t<div class=\"e-con-inner\">\n\t\t\t\t<div class=\"elementor-element elementor-element-c86bb1d elementor-widget elementor-widget-text-editor\" data-id=\"c86bb1d\" data-element_type=\"widget\" data-e-type=\"widget\" data-widget_type=\"text-editor.default\">\n\t\t\t\t<div class=\"elementor-widget-container\">\n\t\t\t\t\t\t\t\t\t<p><strong>2023<\/strong><\/p><ul><li><a href=\"https:\/\/www.producempresarial.pe\/wp-content\/uploads\/2024\/07\/2023-MIPYME-COMERCIO-EXTERNO-1.xlsx\" target=\"_blank\" rel=\"noopener\">MSME Directory of the External Trade sector<\/a><\/li><\/ul>\t\t\t\t\t\t\t\t<\/div>\n\t\t\t\t<\/div>\n\t\t\t\t<div class=\"elementor-element elementor-element-ba9ea7d elementor-widget elementor-widget-text-editor\" data-id=\"ba9ea7d\" data-element_type=\"widget\" data-e-type=\"widget\" data-widget_type=\"text-editor.default\">\n\t\t\t\t<div class=\"elementor-widget-container\">\n\t\t\t\t\t\t\t\t\t<p><strong>2022<\/strong><\/p><ul><li><a href=\"https:\/\/www.producempresarial.pe\/wp-content\/uploads\/2024\/07\/2022-MIPYME-COMERCIO-EXTERNO.xlsx\" target=\"_blank\" rel=\"noopener\">MSME Directory of the External Trade sector<\/a><\/li><\/ul>\t\t\t\t\t\t\t\t<\/div>\n\t\t\t\t<\/div>\n\t\t\t\t<div class=\"elementor-element elementor-element-db00c91 elementor-widget elementor-widget-text-editor\" data-id=\"db00c91\" data-element_type=\"widget\" data-e-type=\"widget\" data-widget_type=\"text-editor.default\">\n\t\t\t\t<div class=\"elementor-widget-container\">\n\t\t\t\t\t\t\t\t\t<p><strong>2024<\/strong><\/p><ul><li><a href=\"https:\/\/www.producempresarial.pe\/wp-content\/uploads\/2025\/08\/2024-MIPYME-COMERCIO-EXTERNO-1.xlsx\" target=\"_blank\" rel=\"noopener\">MSME Directory of the External Trade sector<\/a><\/li><\/ul>\t\t\t\t\t\t\t\t<\/div>\n\t\t\t\t<\/div>\n\t\t\t\t\t<\/div>\n\t\t\t\t<\/div>\n\t\t\t\t<\/div>\n\t\t\t\t<\/div>\n\t\t\t\t<\/div>","protected":false},"excerpt":{"rendered":"<p>Directorio Inicio &gt; Comercio &gt; Directorio Directorio Comercio Esta secci\u00f3n presenta el directorio de las micro, peque\u00f1as y medianas empresas (MIPYMEs) que operan en el sector comercio. El directorio proporciona la siguiente informaci\u00f3n: raz\u00f3n social, clasificaci\u00f3n industrial internacional uniforme (CIIU) revisi\u00f3n 3, descripci\u00f3n CIIU, ubicaci\u00f3n por departamento, provincia y distrito. Esta informaci\u00f3n se obtiene a &#8230; <a title=\"comercio-directorio\" class=\"read-more\" href=\"https:\/\/www.producempresarial.pe\/en\/comercio-directorio\/\" aria-label=\"Read more about comercio-directorio\">Read more<\/a><\/p>","protected":false},"author":1,"featured_media":0,"parent":0,"menu_order":0,"comment_status":"closed","ping_status":"closed","template":"elementor_header_footer","meta":{"_acf_changed":false,"footnotes":""},"class_list":["post-17255","page","type-page","status-publish"],"acf":[],"yoast_head":"<!-- This site is optimized with the Yoast SEO plugin v27.1.1 - https:\/\/yoast.com\/product\/yoast-seo-wordpress\/ -->\n<title>comercio-directorio - Observatorio PRODUCEmpresarial<\/title>\n<meta name=\"robots\" content=\"index, follow, max-snippet:-1, max-image-preview:large, max-video-preview:-1\" \/>\n<link rel=\"canonical\" href=\"https:\/\/www.producempresarial.pe\/en\/comercio-directorio\/\" \/>\n<meta property=\"og:locale\" content=\"en_US\" \/>\n<meta property=\"og:type\" content=\"article\" \/>\n<meta property=\"og:title\" content=\"comercio-directorio - Observatorio PRODUCEmpresarial\" \/>\n<meta property=\"og:description\" content=\"Directorio Inicio &gt; Comercio &gt; Directorio Directorio Comercio Esta secci\u00f3n presenta el directorio de las micro, peque\u00f1as y medianas empresas (MIPYMEs) que operan en el sector comercio. El directorio proporciona la siguiente informaci\u00f3n: raz\u00f3n social, clasificaci\u00f3n industrial internacional uniforme (CIIU) revisi\u00f3n 3, descripci\u00f3n CIIU, ubicaci\u00f3n por departamento, provincia y distrito. Esta informaci\u00f3n se obtiene a ... Read more\" \/>\n<meta property=\"og:url\" content=\"https:\/\/www.producempresarial.pe\/en\/comercio-directorio\/\" \/>\n<meta property=\"og:site_name\" content=\"Observatorio PRODUCEmpresarial\" \/>\n<meta property=\"article:modified_time\" content=\"2025-08-28T14:47:41+00:00\" \/>\n<meta property=\"og:image\" content=\"https:\/\/www.producempresarial.pe\/wp-content\/uploads\/2024\/06\/comercio-13.png\" \/>\n\t<meta property=\"og:image:width\" content=\"869\" \/>\n\t<meta property=\"og:image:height\" content=\"328\" \/>\n\t<meta property=\"og:image:type\" content=\"image\/png\" \/>\n<meta name=\"twitter:card\" content=\"summary_large_image\" \/>\n<meta name=\"twitter:label1\" content=\"Est. reading time\" \/>\n\t<meta name=\"twitter:data1\" content=\"2 minutes\" \/>\n<script type=\"application\/ld+json\" class=\"yoast-schema-graph\">{\"@context\":\"https:\/\/schema.org\",\"@graph\":[{\"@type\":\"WebPage\",\"@id\":\"https:\/\/www.producempresarial.pe\/comercio-directorio\/\",\"url\":\"https:\/\/www.producempresarial.pe\/comercio-directorio\/\",\"name\":\"comercio-directorio - Observatorio PRODUCEmpresarial\",\"isPartOf\":{\"@id\":\"https:\/\/www.producempresarial.pe\/#website\"},\"primaryImageOfPage\":{\"@id\":\"https:\/\/www.producempresarial.pe\/comercio-directorio\/#primaryimage\"},\"image\":{\"@id\":\"https:\/\/www.producempresarial.pe\/comercio-directorio\/#primaryimage\"},\"thumbnailUrl\":\"https:\/\/www.producempresarial.pe\/wp-content\/uploads\/2024\/06\/comercio-13.png\",\"datePublished\":\"2024-06-20T17:27:58+00:00\",\"dateModified\":\"2025-08-28T14:47:41+00:00\",\"breadcrumb\":{\"@id\":\"https:\/\/www.producempresarial.pe\/comercio-directorio\/#breadcrumb\"},\"inLanguage\":\"en-US\",\"potentialAction\":[{\"@type\":\"ReadAction\",\"target\":[\"https:\/\/www.producempresarial.pe\/comercio-directorio\/\"]}]},{\"@type\":\"ImageObject\",\"inLanguage\":\"en-US\",\"@id\":\"https:\/\/www.producempresarial.pe\/comercio-directorio\/#primaryimage\",\"url\":\"https:\/\/www.producempresarial.pe\/wp-content\/uploads\/2024\/06\/comercio-13.png\",\"contentUrl\":\"https:\/\/www.producempresarial.pe\/wp-content\/uploads\/2024\/06\/comercio-13.png\"},{\"@type\":\"BreadcrumbList\",\"@id\":\"https:\/\/www.producempresarial.pe\/comercio-directorio\/#breadcrumb\",\"itemListElement\":[{\"@type\":\"ListItem\",\"position\":1,\"name\":\"Home\",\"item\":\"https:\/\/www.producempresarial.pe\/\"},{\"@type\":\"ListItem\",\"position\":2,\"name\":\"comercio-directorio\"}]},{\"@type\":\"WebSite\",\"@id\":\"https:\/\/www.producempresarial.pe\/#website\",\"url\":\"https:\/\/www.producempresarial.pe\/\",\"name\":\"Observatorio PRODUCEmpresarial\",\"description\":\"Herramienta estrat\u00e9gica que integra y genera peri\u00f3dicamente evidencia y an\u00e1lisis sobre el desempe\u00f1o productivo del sector empresarial, as\u00ed como contribuye en la difusi\u00f3n de informaci\u00f3n y documentos t\u00e9cnicos anal\u00edticos y especializados sobre el desempe\u00f1o de las empresas en el Per\u00fa.\",\"publisher\":{\"@id\":\"https:\/\/www.producempresarial.pe\/#organization\"},\"potentialAction\":[{\"@type\":\"SearchAction\",\"target\":{\"@type\":\"EntryPoint\",\"urlTemplate\":\"https:\/\/www.producempresarial.pe\/?s={search_term_string}\"},\"query-input\":{\"@type\":\"PropertyValueSpecification\",\"valueRequired\":true,\"valueName\":\"search_term_string\"}}],\"inLanguage\":\"en-US\"},{\"@type\":\"Organization\",\"@id\":\"https:\/\/www.producempresarial.pe\/#organization\",\"name\":\"PRDOUCE\",\"url\":\"https:\/\/www.producempresarial.pe\/\",\"logo\":{\"@type\":\"ImageObject\",\"inLanguage\":\"en-US\",\"@id\":\"https:\/\/www.producempresarial.pe\/#\/schema\/logo\/image\/\",\"url\":\"https:\/\/www.producempresarial.pe\/wp-content\/uploads\/2024\/02\/image-logo-share.png\",\"contentUrl\":\"https:\/\/www.producempresarial.pe\/wp-content\/uploads\/2024\/02\/image-logo-share.png\",\"width\":1200,\"height\":628,\"caption\":\"PRDOUCE\"},\"image\":{\"@id\":\"https:\/\/www.producempresarial.pe\/#\/schema\/logo\/image\/\"}}]}<\/script>\n<!-- \/ Yoast SEO plugin. -->","yoast_head_json":{"title":"comercio-directorio - Observatorio PRODUCEmpresarial","robots":{"index":"index","follow":"follow","max-snippet":"max-snippet:-1","max-image-preview":"max-image-preview:large","max-video-preview":"max-video-preview:-1"},"canonical":"https:\/\/www.producempresarial.pe\/en\/comercio-directorio\/","og_locale":"en_US","og_type":"article","og_title":"comercio-directorio - Observatorio PRODUCEmpresarial","og_description":"Directorio Inicio &gt; Comercio &gt; Directorio Directorio Comercio Esta secci\u00f3n presenta el directorio de las micro, peque\u00f1as y medianas empresas (MIPYMEs) que operan en el sector comercio. El directorio proporciona la siguiente informaci\u00f3n: raz\u00f3n social, clasificaci\u00f3n industrial internacional uniforme (CIIU) revisi\u00f3n 3, descripci\u00f3n CIIU, ubicaci\u00f3n por departamento, provincia y distrito. Esta informaci\u00f3n se obtiene a ... Read more","og_url":"https:\/\/www.producempresarial.pe\/en\/comercio-directorio\/","og_site_name":"Observatorio PRODUCEmpresarial","article_modified_time":"2025-08-28T14:47:41+00:00","og_image":[{"width":869,"height":328,"url":"https:\/\/www.producempresarial.pe\/wp-content\/uploads\/2024\/06\/comercio-13.png","type":"image\/png"}],"twitter_card":"summary_large_image","twitter_misc":{"Est. reading time":"2 minutes"},"schema":{"@context":"https:\/\/schema.org","@graph":[{"@type":"WebPage","@id":"https:\/\/www.producempresarial.pe\/comercio-directorio\/","url":"https:\/\/www.producempresarial.pe\/comercio-directorio\/","name":"comercio-directorio - Observatorio PRODUCEmpresarial","isPartOf":{"@id":"https:\/\/www.producempresarial.pe\/#website"},"primaryImageOfPage":{"@id":"https:\/\/www.producempresarial.pe\/comercio-directorio\/#primaryimage"},"image":{"@id":"https:\/\/www.producempresarial.pe\/comercio-directorio\/#primaryimage"},"thumbnailUrl":"https:\/\/www.producempresarial.pe\/wp-content\/uploads\/2024\/06\/comercio-13.png","datePublished":"2024-06-20T17:27:58+00:00","dateModified":"2025-08-28T14:47:41+00:00","breadcrumb":{"@id":"https:\/\/www.producempresarial.pe\/comercio-directorio\/#breadcrumb"},"inLanguage":"en-US","potentialAction":[{"@type":"ReadAction","target":["https:\/\/www.producempresarial.pe\/comercio-directorio\/"]}]},{"@type":"ImageObject","inLanguage":"en-US","@id":"https:\/\/www.producempresarial.pe\/comercio-directorio\/#primaryimage","url":"https:\/\/www.producempresarial.pe\/wp-content\/uploads\/2024\/06\/comercio-13.png","contentUrl":"https:\/\/www.producempresarial.pe\/wp-content\/uploads\/2024\/06\/comercio-13.png"},{"@type":"BreadcrumbList","@id":"https:\/\/www.producempresarial.pe\/comercio-directorio\/#breadcrumb","itemListElement":[{"@type":"ListItem","position":1,"name":"Home","item":"https:\/\/www.producempresarial.pe\/"},{"@type":"ListItem","position":2,"name":"comercio-directorio"}]},{"@type":"WebSite","@id":"https:\/\/www.producempresarial.pe\/#website","url":"https:\/\/www.producempresarial.pe\/","name":"PRODUCEmpresarial Observatory","description":"Herramienta estrat\u00e9gica que integra y genera peri\u00f3dicamente evidencia y an\u00e1lisis sobre el desempe\u00f1o productivo del sector empresarial, as\u00ed como contribuye en la difusi\u00f3n de informaci\u00f3n y documentos t\u00e9cnicos anal\u00edticos y especializados sobre el desempe\u00f1o de las empresas en el Per\u00fa.","publisher":{"@id":"https:\/\/www.producempresarial.pe\/#organization"},"potentialAction":[{"@type":"SearchAction","target":{"@type":"EntryPoint","urlTemplate":"https:\/\/www.producempresarial.pe\/?s={search_term_string}"},"query-input":{"@type":"PropertyValueSpecification","valueRequired":true,"valueName":"search_term_string"}}],"inLanguage":"en-US"},{"@type":"Organization","@id":"https:\/\/www.producempresarial.pe\/#organization","name":"PRDOUCE","url":"https:\/\/www.producempresarial.pe\/","logo":{"@type":"ImageObject","inLanguage":"en-US","@id":"https:\/\/www.producempresarial.pe\/#\/schema\/logo\/image\/","url":"https:\/\/www.producempresarial.pe\/wp-content\/uploads\/2024\/02\/image-logo-share.png","contentUrl":"https:\/\/www.producempresarial.pe\/wp-content\/uploads\/2024\/02\/image-logo-share.png","width":1200,"height":628,"caption":"PRDOUCE"},"image":{"@id":"https:\/\/www.producempresarial.pe\/#\/schema\/logo\/image\/"}}]}},"_links":{"self":[{"href":"https:\/\/www.producempresarial.pe\/en\/wp-json\/wp\/v2\/pages\/17255","targetHints":{"allow":["GET"]}}],"collection":[{"href":"https:\/\/www.producempresarial.pe\/en\/wp-json\/wp\/v2\/pages"}],"about":[{"href":"https:\/\/www.producempresarial.pe\/en\/wp-json\/wp\/v2\/types\/page"}],"author":[{"embeddable":true,"href":"https:\/\/www.producempresarial.pe\/en\/wp-json\/wp\/v2\/users\/1"}],"replies":[{"embeddable":true,"href":"https:\/\/www.producempresarial.pe\/en\/wp-json\/wp\/v2\/comments?post=17255"}],"version-history":[{"count":101,"href":"https:\/\/www.producempresarial.pe\/en\/wp-json\/wp\/v2\/pages\/17255\/revisions"}],"predecessor-version":[{"id":27703,"href":"https:\/\/www.producempresarial.pe\/en\/wp-json\/wp\/v2\/pages\/17255\/revisions\/27703"}],"wp:attachment":[{"href":"https:\/\/www.producempresarial.pe\/en\/wp-json\/wp\/v2\/media?parent=17255"}],"curies":[{"name":"wp","href":"https:\/\/api.w.org\/{rel}","templated":true}]}}