{"id":19050,"date":"2024-08-14T15:07:20","date_gmt":"2024-08-14T20:07:20","guid":{"rendered":"https:\/\/www.producempresarial.pe\/?page_id=19050"},"modified":"2024-08-14T15:33:39","modified_gmt":"2024-08-14T20:33:39","slug":"unete-a-nuestro-equipo-eea-produce-inei-2024","status":"publish","type":"page","link":"https:\/\/www.producempresarial.pe\/en\/unete-a-nuestro-equipo-eea-produce-inei-2024\/","title":{"rendered":"UNETE A NUESTRO EQUIPO &#8211; EEA PRODUCE-INEI 2024"},"content":{"rendered":"<div data-elementor-type=\"wp-page\" data-elementor-id=\"19050\" class=\"elementor elementor-19050\" data-elementor-post-type=\"page\">\n\t\t\t\t<div class=\"elementor-element elementor-element-11840fb1 e-con-full e-flex e-con e-parent\" data-id=\"11840fb1\" data-element_type=\"container\" data-e-type=\"container\" data-settings=\"{&quot;background_background&quot;:&quot;classic&quot;}\">\n\t\t\t\t<div class=\"elementor-element elementor-element-2143f8f elementor-widget elementor-widget-heading\" data-id=\"2143f8f\" data-element_type=\"widget\" data-e-type=\"widget\" data-widget_type=\"heading.default\">\n\t\t\t\t<div class=\"elementor-widget-container\">\n\t\t\t\t\t<h3 class=\"elementor-heading-title elementor-size-default\">\u00a1\u00danete a nuestro equipo!<br>Encuesta Econ\u00f3mica Anual (EEA) <br>PRODUCE-INEI 2024<\/h3>\t\t\t\t<\/div>\n\t\t\t\t<\/div>\n\t\t\t\t<div class=\"elementor-element elementor-element-eea44ed elementor-widget__width-auto elementor-widget elementor-widget-text-editor\" data-id=\"eea44ed\" data-element_type=\"widget\" data-e-type=\"widget\" data-widget_type=\"text-editor.default\">\n\t\t\t\t<div class=\"elementor-widget-container\">\n\t\t\t\t\t\t\t\t\t<p>La EEA busca medir el desempe\u00f1o de las empresas durante el 2024, con el proposito <br>de conocer su desenvolvimiento seg\u00fan tamalo (MYPE y Grandes empresas), de todo los <br>sectores econ\u00f3micos y en todas las regiones a nivel nacional<\/p>\t\t\t\t\t\t\t\t<\/div>\n\t\t\t\t<\/div>\n\t\t\t\t<\/div>\n\t\t<div class=\"elementor-element elementor-element-ad7679f e-con-full e-flex e-con e-parent\" data-id=\"ad7679f\" data-element_type=\"container\" data-e-type=\"container\" data-settings=\"{&quot;background_background&quot;:&quot;classic&quot;}\">\n\t\t<div class=\"elementor-element elementor-element-f8829f8 e-con-full e-flex e-con e-child\" data-id=\"f8829f8\" data-element_type=\"container\" data-e-type=\"container\">\n\t\t\t\t<div class=\"elementor-element elementor-element-d157d1e elementor-widget elementor-widget-heading\" data-id=\"d157d1e\" data-element_type=\"widget\" data-e-type=\"widget\" data-widget_type=\"heading.default\">\n\t\t\t\t<div class=\"elementor-widget-container\">\n\t\t\t\t\t<h3 class=\"elementor-heading-title elementor-size-default\">05 Jefes de <br>Equipo<\/h3>\t\t\t\t<\/div>\n\t\t\t\t<\/div>\n\t\t\t\t<div class=\"elementor-element elementor-element-580b244 elementor-align-center elementor-widget elementor-widget-button\" data-id=\"580b244\" data-element_type=\"widget\" data-e-type=\"widget\" data-widget_type=\"button.default\">\n\t\t\t\t<div class=\"elementor-widget-container\">\n\t\t\t\t\t\t\t\t\t<div class=\"elementor-button-wrapper\">\n\t\t\t\t\t<a class=\"elementor-button elementor-button-link elementor-size-md\" href=\"https:\/\/unetealinei.inei.gob.pe\/index.php\/Home\/detalle\/2\/5075\" target=\"_blank\">\n\t\t\t\t\t\t<span class=\"elementor-button-content-wrapper\">\n\t\t\t\t\t\t\t\t\t<span class=\"elementor-button-text\">Posular aqu\u00ed<\/span>\n\t\t\t\t\t<\/span>\n\t\t\t\t\t<\/a>\n\t\t\t\t<\/div>\n\t\t\t\t\t\t\t\t<\/div>\n\t\t\t\t<\/div>\n\t\t\t\t<\/div>\n\t\t<div class=\"elementor-element elementor-element-ae0b47f e-con-full e-flex e-con e-child\" data-id=\"ae0b47f\" data-element_type=\"container\" data-e-type=\"container\">\n\t\t\t\t<div class=\"elementor-element elementor-element-c414ce4 elementor-widget elementor-widget-heading\" data-id=\"c414ce4\" data-element_type=\"widget\" data-e-type=\"widget\" data-widget_type=\"heading.default\">\n\t\t\t\t<div class=\"elementor-widget-container\">\n\t\t\t\t\t<h3 class=\"elementor-heading-title elementor-size-default\">28 Asistentes Coordinador<\/h3>\t\t\t\t<\/div>\n\t\t\t\t<\/div>\n\t\t\t\t<div class=\"elementor-element elementor-element-6b93bab elementor-align-center elementor-widget elementor-widget-button\" data-id=\"6b93bab\" data-element_type=\"widget\" data-e-type=\"widget\" data-widget_type=\"button.default\">\n\t\t\t\t<div class=\"elementor-widget-container\">\n\t\t\t\t\t\t\t\t\t<div class=\"elementor-button-wrapper\">\n\t\t\t\t\t<a class=\"elementor-button elementor-button-link elementor-size-md\" href=\"https:\/\/unetealinei.inei.gob.pe\/index.php\/Home\/detalle\/2\/5074\" target=\"_blank\">\n\t\t\t\t\t\t<span class=\"elementor-button-content-wrapper\">\n\t\t\t\t\t\t\t\t\t<span class=\"elementor-button-text\">Posular aqu\u00ed<\/span>\n\t\t\t\t\t<\/span>\n\t\t\t\t\t<\/a>\n\t\t\t\t<\/div>\n\t\t\t\t\t\t\t\t<\/div>\n\t\t\t\t<\/div>\n\t\t\t\t<\/div>\n\t\t<div class=\"elementor-element elementor-element-c5fd469 e-con-full e-flex e-con e-child\" data-id=\"c5fd469\" data-element_type=\"container\" data-e-type=\"container\">\n\t\t\t\t<div class=\"elementor-element elementor-element-5ee103c elementor-widget elementor-widget-heading\" data-id=\"5ee103c\" data-element_type=\"widget\" data-e-type=\"widget\" data-widget_type=\"heading.default\">\n\t\t\t\t<div class=\"elementor-widget-container\">\n\t\t\t\t\t<h3 class=\"elementor-heading-title elementor-size-default\">72 Operadores de empresa<\/h3>\t\t\t\t<\/div>\n\t\t\t\t<\/div>\n\t\t\t\t<div class=\"elementor-element elementor-element-341c2b9 elementor-align-center elementor-widget elementor-widget-button\" data-id=\"341c2b9\" data-element_type=\"widget\" data-e-type=\"widget\" data-widget_type=\"button.default\">\n\t\t\t\t<div class=\"elementor-widget-container\">\n\t\t\t\t\t\t\t\t\t<div class=\"elementor-button-wrapper\">\n\t\t\t\t\t<a class=\"elementor-button elementor-button-link elementor-size-md\" href=\"https:\/\/unetealinei.inei.gob.pe\/index.php\/Home\/detalle\/2\/5073\" target=\"_blank\">\n\t\t\t\t\t\t<span class=\"elementor-button-content-wrapper\">\n\t\t\t\t\t\t\t\t\t<span class=\"elementor-button-text\">Posular aqu\u00ed<\/span>\n\t\t\t\t\t<\/span>\n\t\t\t\t\t<\/a>\n\t\t\t\t<\/div>\n\t\t\t\t\t\t\t\t<\/div>\n\t\t\t\t<\/div>\n\t\t\t\t<\/div>\n\t\t\t\t<\/div>\n\t\t<div class=\"elementor-element elementor-element-d2274a9 e-con-full e-flex e-con e-parent\" data-id=\"d2274a9\" data-element_type=\"container\" data-e-type=\"container\">\n\t\t\t\t<div class=\"elementor-element elementor-element-47ce0e5 elementor-widget elementor-widget-heading\" data-id=\"47ce0e5\" data-element_type=\"widget\" data-e-type=\"widget\" data-widget_type=\"heading.default\">\n\t\t\t\t<div class=\"elementor-widget-container\">\n\t\t\t\t\t<h3 class=\"elementor-heading-title elementor-size-default\">Postula del 12 al 16 de agosto de 2024<\/h3>\t\t\t\t<\/div>\n\t\t\t\t<\/div>\n\t\t\t\t<\/div>\n\t\t\t\t<\/div>","protected":false},"excerpt":{"rendered":"<p>\u00a1\u00danete a nuestro equipo!Encuesta Econ\u00f3mica Anual (EEA) PRODUCE-INEI 2024 La EEA busca medir el desempe\u00f1o de las empresas durante el 2024, con el proposito de conocer su desenvolvimiento seg\u00fan tamalo (MYPE y Grandes empresas), de todo los sectores econ\u00f3micos y en todas las regiones a nivel nacional 05 Jefes de Equipo Posular aqu\u00ed 28 Asistentes &#8230; <a title=\"UNETE A NUESTRO EQUIPO &#8211; EEA PRODUCE-INEI 2024\" class=\"read-more\" href=\"https:\/\/www.producempresarial.pe\/en\/unete-a-nuestro-equipo-eea-produce-inei-2024\/\" aria-label=\"Read more about UNETE A NUESTRO EQUIPO &#8211; EEA PRODUCE-INEI 2024\">Read more<\/a><\/p>","protected":false},"author":1,"featured_media":0,"parent":0,"menu_order":0,"comment_status":"closed","ping_status":"closed","template":"elementor_header_footer","meta":{"_acf_changed":false,"footnotes":""},"class_list":["post-19050","page","type-page","status-publish"],"acf":[],"yoast_head":"<!-- This site is optimized with the Yoast SEO plugin v27.1.1 - https:\/\/yoast.com\/product\/yoast-seo-wordpress\/ -->\n<title>UNETE A NUESTRO EQUIPO - EEA PRODUCE-INEI 2024 - Observatorio PRODUCEmpresarial<\/title>\n<meta name=\"robots\" content=\"index, follow, max-snippet:-1, max-image-preview:large, max-video-preview:-1\" \/>\n<link rel=\"canonical\" href=\"https:\/\/www.producempresarial.pe\/en\/unete-a-nuestro-equipo-eea-produce-inei-2024\/\" \/>\n<meta property=\"og:locale\" content=\"en_US\" \/>\n<meta property=\"og:type\" content=\"article\" \/>\n<meta property=\"og:title\" content=\"UNETE A NUESTRO EQUIPO - EEA PRODUCE-INEI 2024 - Observatorio PRODUCEmpresarial\" \/>\n<meta property=\"og:description\" content=\"\u00a1\u00danete a nuestro equipo!Encuesta Econ\u00f3mica Anual (EEA) PRODUCE-INEI 2024 La EEA busca medir el desempe\u00f1o de las empresas durante el 2024, con el proposito de conocer su desenvolvimiento seg\u00fan tamalo (MYPE y Grandes empresas), de todo los sectores econ\u00f3micos y en todas las regiones a nivel nacional 05 Jefes de Equipo Posular aqu\u00ed 28 Asistentes ... Read more\" \/>\n<meta property=\"og:url\" content=\"https:\/\/www.producempresarial.pe\/en\/unete-a-nuestro-equipo-eea-produce-inei-2024\/\" \/>\n<meta property=\"og:site_name\" content=\"Observatorio PRODUCEmpresarial\" \/>\n<meta property=\"article:modified_time\" content=\"2024-08-14T20:33:39+00:00\" \/>\n<meta property=\"og:image\" content=\"https:\/\/www.producempresarial.pe\/wp-content\/uploads\/2024\/02\/image-logo-share.png\" \/>\n\t<meta property=\"og:image:width\" content=\"1200\" \/>\n\t<meta property=\"og:image:height\" content=\"628\" \/>\n\t<meta property=\"og:image:type\" content=\"image\/png\" \/>\n<meta name=\"twitter:card\" content=\"summary_large_image\" \/>\n<meta name=\"twitter:label1\" content=\"Est. reading time\" \/>\n\t<meta name=\"twitter:data1\" content=\"1 minute\" \/>\n<script type=\"application\/ld+json\" class=\"yoast-schema-graph\">{\"@context\":\"https:\/\/schema.org\",\"@graph\":[{\"@type\":\"WebPage\",\"@id\":\"https:\/\/www.producempresarial.pe\/unete-a-nuestro-equipo-eea-produce-inei-2024\/\",\"url\":\"https:\/\/www.producempresarial.pe\/unete-a-nuestro-equipo-eea-produce-inei-2024\/\",\"name\":\"UNETE A NUESTRO EQUIPO - EEA PRODUCE-INEI 2024 - Observatorio PRODUCEmpresarial\",\"isPartOf\":{\"@id\":\"https:\/\/www.producempresarial.pe\/#website\"},\"datePublished\":\"2024-08-14T20:07:20+00:00\",\"dateModified\":\"2024-08-14T20:33:39+00:00\",\"breadcrumb\":{\"@id\":\"https:\/\/www.producempresarial.pe\/unete-a-nuestro-equipo-eea-produce-inei-2024\/#breadcrumb\"},\"inLanguage\":\"en-US\",\"potentialAction\":[{\"@type\":\"ReadAction\",\"target\":[\"https:\/\/www.producempresarial.pe\/unete-a-nuestro-equipo-eea-produce-inei-2024\/\"]}]},{\"@type\":\"BreadcrumbList\",\"@id\":\"https:\/\/www.producempresarial.pe\/unete-a-nuestro-equipo-eea-produce-inei-2024\/#breadcrumb\",\"itemListElement\":[{\"@type\":\"ListItem\",\"position\":1,\"name\":\"Home\",\"item\":\"https:\/\/www.producempresarial.pe\/\"},{\"@type\":\"ListItem\",\"position\":2,\"name\":\"UNETE A NUESTRO EQUIPO &#8211; EEA PRODUCE-INEI 2024\"}]},{\"@type\":\"WebSite\",\"@id\":\"https:\/\/www.producempresarial.pe\/#website\",\"url\":\"https:\/\/www.producempresarial.pe\/\",\"name\":\"Observatorio PRODUCEmpresarial\",\"description\":\"Herramienta estrat\u00e9gica que integra y genera peri\u00f3dicamente evidencia y an\u00e1lisis sobre el desempe\u00f1o productivo del sector empresarial, as\u00ed como contribuye en la difusi\u00f3n de informaci\u00f3n y documentos t\u00e9cnicos anal\u00edticos y especializados sobre el desempe\u00f1o de las empresas en el Per\u00fa.\",\"publisher\":{\"@id\":\"https:\/\/www.producempresarial.pe\/#organization\"},\"potentialAction\":[{\"@type\":\"SearchAction\",\"target\":{\"@type\":\"EntryPoint\",\"urlTemplate\":\"https:\/\/www.producempresarial.pe\/?s={search_term_string}\"},\"query-input\":{\"@type\":\"PropertyValueSpecification\",\"valueRequired\":true,\"valueName\":\"search_term_string\"}}],\"inLanguage\":\"en-US\"},{\"@type\":\"Organization\",\"@id\":\"https:\/\/www.producempresarial.pe\/#organization\",\"name\":\"PRDOUCE\",\"url\":\"https:\/\/www.producempresarial.pe\/\",\"logo\":{\"@type\":\"ImageObject\",\"inLanguage\":\"en-US\",\"@id\":\"https:\/\/www.producempresarial.pe\/#\/schema\/logo\/image\/\",\"url\":\"https:\/\/www.producempresarial.pe\/wp-content\/uploads\/2024\/02\/image-logo-share.png\",\"contentUrl\":\"https:\/\/www.producempresarial.pe\/wp-content\/uploads\/2024\/02\/image-logo-share.png\",\"width\":1200,\"height\":628,\"caption\":\"PRDOUCE\"},\"image\":{\"@id\":\"https:\/\/www.producempresarial.pe\/#\/schema\/logo\/image\/\"}}]}<\/script>\n<!-- \/ Yoast SEO plugin. -->","yoast_head_json":{"title":"UNETE A NUESTRO EQUIPO - EEA PRODUCE-INEI 2024 - Observatorio PRODUCEmpresarial","robots":{"index":"index","follow":"follow","max-snippet":"max-snippet:-1","max-image-preview":"max-image-preview:large","max-video-preview":"max-video-preview:-1"},"canonical":"https:\/\/www.producempresarial.pe\/en\/unete-a-nuestro-equipo-eea-produce-inei-2024\/","og_locale":"en_US","og_type":"article","og_title":"UNETE A NUESTRO EQUIPO - EEA PRODUCE-INEI 2024 - Observatorio PRODUCEmpresarial","og_description":"\u00a1\u00danete a nuestro equipo!Encuesta Econ\u00f3mica Anual (EEA) PRODUCE-INEI 2024 La EEA busca medir el desempe\u00f1o de las empresas durante el 2024, con el proposito de conocer su desenvolvimiento seg\u00fan tamalo (MYPE y Grandes empresas), de todo los sectores econ\u00f3micos y en todas las regiones a nivel nacional 05 Jefes de Equipo Posular aqu\u00ed 28 Asistentes ... Read more","og_url":"https:\/\/www.producempresarial.pe\/en\/unete-a-nuestro-equipo-eea-produce-inei-2024\/","og_site_name":"Observatorio PRODUCEmpresarial","article_modified_time":"2024-08-14T20:33:39+00:00","og_image":[{"width":1200,"height":628,"url":"https:\/\/www.producempresarial.pe\/wp-content\/uploads\/2024\/02\/image-logo-share.png","type":"image\/png"}],"twitter_card":"summary_large_image","twitter_misc":{"Est. reading time":"1 minute"},"schema":{"@context":"https:\/\/schema.org","@graph":[{"@type":"WebPage","@id":"https:\/\/www.producempresarial.pe\/unete-a-nuestro-equipo-eea-produce-inei-2024\/","url":"https:\/\/www.producempresarial.pe\/unete-a-nuestro-equipo-eea-produce-inei-2024\/","name":"UNETE A NUESTRO EQUIPO - EEA PRODUCE-INEI 2024 - Observatorio PRODUCEmpresarial","isPartOf":{"@id":"https:\/\/www.producempresarial.pe\/#website"},"datePublished":"2024-08-14T20:07:20+00:00","dateModified":"2024-08-14T20:33:39+00:00","breadcrumb":{"@id":"https:\/\/www.producempresarial.pe\/unete-a-nuestro-equipo-eea-produce-inei-2024\/#breadcrumb"},"inLanguage":"en-US","potentialAction":[{"@type":"ReadAction","target":["https:\/\/www.producempresarial.pe\/unete-a-nuestro-equipo-eea-produce-inei-2024\/"]}]},{"@type":"BreadcrumbList","@id":"https:\/\/www.producempresarial.pe\/unete-a-nuestro-equipo-eea-produce-inei-2024\/#breadcrumb","itemListElement":[{"@type":"ListItem","position":1,"name":"Home","item":"https:\/\/www.producempresarial.pe\/"},{"@type":"ListItem","position":2,"name":"UNETE A NUESTRO EQUIPO &#8211; EEA PRODUCE-INEI 2024"}]},{"@type":"WebSite","@id":"https:\/\/www.producempresarial.pe\/#website","url":"https:\/\/www.producempresarial.pe\/","name":"PRODUCEmpresarial Observatory","description":"Herramienta estrat\u00e9gica que integra y genera peri\u00f3dicamente evidencia y an\u00e1lisis sobre el desempe\u00f1o productivo del sector empresarial, as\u00ed como contribuye en la difusi\u00f3n de informaci\u00f3n y documentos t\u00e9cnicos anal\u00edticos y especializados sobre el desempe\u00f1o de las empresas en el Per\u00fa.","publisher":{"@id":"https:\/\/www.producempresarial.pe\/#organization"},"potentialAction":[{"@type":"SearchAction","target":{"@type":"EntryPoint","urlTemplate":"https:\/\/www.producempresarial.pe\/?s={search_term_string}"},"query-input":{"@type":"PropertyValueSpecification","valueRequired":true,"valueName":"search_term_string"}}],"inLanguage":"en-US"},{"@type":"Organization","@id":"https:\/\/www.producempresarial.pe\/#organization","name":"PRDOUCE","url":"https:\/\/www.producempresarial.pe\/","logo":{"@type":"ImageObject","inLanguage":"en-US","@id":"https:\/\/www.producempresarial.pe\/#\/schema\/logo\/image\/","url":"https:\/\/www.producempresarial.pe\/wp-content\/uploads\/2024\/02\/image-logo-share.png","contentUrl":"https:\/\/www.producempresarial.pe\/wp-content\/uploads\/2024\/02\/image-logo-share.png","width":1200,"height":628,"caption":"PRDOUCE"},"image":{"@id":"https:\/\/www.producempresarial.pe\/#\/schema\/logo\/image\/"}}]}},"_links":{"self":[{"href":"https:\/\/www.producempresarial.pe\/en\/wp-json\/wp\/v2\/pages\/19050","targetHints":{"allow":["GET"]}}],"collection":[{"href":"https:\/\/www.producempresarial.pe\/en\/wp-json\/wp\/v2\/pages"}],"about":[{"href":"https:\/\/www.producempresarial.pe\/en\/wp-json\/wp\/v2\/types\/page"}],"author":[{"embeddable":true,"href":"https:\/\/www.producempresarial.pe\/en\/wp-json\/wp\/v2\/users\/1"}],"replies":[{"embeddable":true,"href":"https:\/\/www.producempresarial.pe\/en\/wp-json\/wp\/v2\/comments?post=19050"}],"version-history":[{"count":25,"href":"https:\/\/www.producempresarial.pe\/en\/wp-json\/wp\/v2\/pages\/19050\/revisions"}],"predecessor-version":[{"id":19077,"href":"https:\/\/www.producempresarial.pe\/en\/wp-json\/wp\/v2\/pages\/19050\/revisions\/19077"}],"wp:attachment":[{"href":"https:\/\/www.producempresarial.pe\/en\/wp-json\/wp\/v2\/media?parent=19050"}],"curies":[{"name":"wp","href":"https:\/\/api.w.org\/{rel}","templated":true}]}}