{"id":23527,"date":"2025-01-23T13:02:52","date_gmt":"2025-01-23T18:02:52","guid":{"rendered":"https:\/\/www.producempresarial.pe\/?page_id=23527"},"modified":"2025-01-23T15:55:47","modified_gmt":"2025-01-23T20:55:47","slug":"carrusel-de-notas","status":"publish","type":"page","link":"https:\/\/www.producempresarial.pe\/en\/carrusel-de-notas\/","title":{"rendered":"Carrusel de Notas"},"content":{"rendered":"<div data-elementor-type=\"wp-page\" data-elementor-id=\"23527\" class=\"elementor elementor-23527\" data-elementor-post-type=\"page\">\n\t\t\t\t<div class=\"elementor-element elementor-element-8869bc3 e-con-full e-flex e-con e-parent\" data-id=\"8869bc3\" data-element_type=\"container\" data-e-type=\"container\">\n\t\t\t\t<div class=\"elementor-element elementor-element-21a7adc elementor-post-navigation-borders-yes elementor-widget elementor-widget-post-navigation\" data-id=\"21a7adc\" data-element_type=\"widget\" data-e-type=\"widget\" data-widget_type=\"post-navigation.default\">\n\t\t\t\t<div class=\"elementor-widget-container\">\n\t\t\t\t\t\t\t<div class=\"elementor-post-navigation\" role=\"navigation\" aria-label=\"Post Navigation\">\n\t\t\t<div class=\"elementor-post-navigation__prev elementor-post-navigation__link\">\n\t\t\t\t<a href=\"https:\/\/www.producempresarial.pe\/en\/innovacion-digitalizacion\/\" rel=\"prev\"><span class=\"post-navigation__arrow-wrapper post-navigation__arrow-prev\"><svg aria-hidden=\"true\" class=\"e-font-icon-svg e-fas-angle-double-left\" viewbox=\"0 0 448 512\" xmlns=\"http:\/\/www.w3.org\/2000\/svg\"><path d=\"M223.7 239l136-136c9.4-9.4 24.6-9.4 33.9 0l22.6 22.6c9.4 9.4 9.4 24.6 0 33.9L319.9 256l96.4 96.4c9.4 9.4 9.4 24.6 0 33.9L393.7 409c-9.4 9.4-24.6 9.4-33.9 0l-136-136c-9.5-9.4-9.5-24.6-.1-34zm-192 34l136 136c9.4 9.4 24.6 9.4 33.9 0l22.6-22.6c9.4-9.4 9.4-24.6 0-33.9L127.9 256l96.4-96.4c9.4-9.4 9.4-24.6 0-33.9L201.7 103c-9.4-9.4-24.6-9.4-33.9 0l-136 136c-9.5 9.4-9.5 24.6-.1 34z\"><\/path><\/svg><span class=\"elementor-screen-only\">Prev<\/span><\/span><span class=\"elementor-post-navigation__link__prev\"><span class=\"post-navigation__prev--label\">Previous<\/span><span class=\"post-navigation__prev--title\">Innovacion-Digitalizacion<\/span><\/span><\/a>\t\t\t<\/div>\n\t\t\t\t\t\t\t<div class=\"elementor-post-navigation__separator-wrapper\">\n\t\t\t\t\t<div class=\"elementor-post-navigation__separator\"><\/div>\n\t\t\t\t<\/div>\n\t\t\t\t\t\t<div class=\"elementor-post-navigation__next elementor-post-navigation__link\">\n\t\t\t\t<a href=\"https:\/\/www.producempresarial.pe\/en\/intervenciones-directorio\/\" rel=\"next\"><span class=\"elementor-post-navigation__link__next\"><span class=\"post-navigation__next--label\">Next<\/span><span class=\"post-navigation__next--title\">Intervenciones-directorio<\/span><\/span><span class=\"post-navigation__arrow-wrapper post-navigation__arrow-next\"><svg aria-hidden=\"true\" class=\"e-font-icon-svg e-fas-angle-double-right\" viewbox=\"0 0 448 512\" xmlns=\"http:\/\/www.w3.org\/2000\/svg\"><path d=\"M224.3 273l-136 136c-9.4 9.4-24.6 9.4-33.9 0l-22.6-22.6c-9.4-9.4-9.4-24.6 0-33.9l96.4-96.4-96.4-96.4c-9.4-9.4-9.4-24.6 0-33.9L54.3 103c9.4-9.4 24.6-9.4 33.9 0l136 136c9.5 9.4 9.5 24.6.1 34zm192-34l-136-136c-9.4-9.4-24.6-9.4-33.9 0l-22.6 22.6c-9.4 9.4-9.4 24.6 0 33.9l96.4 96.4-96.4 96.4c-9.4 9.4-9.4 24.6 0 33.9l22.6 22.6c9.4 9.4 24.6 9.4 33.9 0l136-136c9.4-9.2 9.4-24.4 0-33.8z\"><\/path><\/svg><span class=\"elementor-screen-only\">Next<\/span><\/span><\/a>\t\t\t<\/div>\n\t\t<\/div>\n\t\t\t\t\t\t<\/div>\n\t\t\t\t<\/div>\n\t\t\t\t<\/div>\n\t\t\t\t<\/div>","protected":false},"excerpt":{"rendered":"<p>Enero 20, 2025 | por admin \ud83d\udcbc\ud83d\udcc8 En 2024, el factoring creci\u00f3 24.6%, alcanzando 1.8 millones de facturas negociables y S\/ 43,174 millones, representando el 4.08% del PBI y el 20.4% de los cr\u00e9ditos empresariales. Las MYPEs lideran con el 83.3% de empresas financiadas y el sector servicios concentra el 33.5% del monto total. \ud83d\ude80 &#8230; <a title=\"Carrusel de Notas\" class=\"read-more\" href=\"https:\/\/www.producempresarial.pe\/en\/carrusel-de-notas\/\" aria-label=\"Read more about Carrusel de Notas\">Read more<\/a><\/p>","protected":false},"author":1,"featured_media":0,"parent":0,"menu_order":0,"comment_status":"closed","ping_status":"closed","template":"elementor_canvas","meta":{"_acf_changed":false,"footnotes":""},"class_list":["post-23527","page","type-page","status-publish"],"acf":[],"yoast_head":"<!-- This site is optimized with the Yoast SEO plugin v27.1.1 - https:\/\/yoast.com\/product\/yoast-seo-wordpress\/ -->\n<title>Carrusel de Notas - Observatorio PRODUCEmpresarial<\/title>\n<meta name=\"robots\" content=\"index, follow, max-snippet:-1, max-image-preview:large, max-video-preview:-1\" \/>\n<link rel=\"canonical\" href=\"https:\/\/www.producempresarial.pe\/en\/carrusel-de-notas\/\" \/>\n<meta property=\"og:locale\" content=\"en_US\" \/>\n<meta property=\"og:type\" content=\"article\" \/>\n<meta property=\"og:title\" content=\"Carrusel de Notas - Observatorio PRODUCEmpresarial\" \/>\n<meta property=\"og:description\" content=\"Enero 20, 2025 | por admin \ud83d\udcbc\ud83d\udcc8 En 2024, el factoring creci\u00f3 24.6%, alcanzando 1.8 millones de facturas negociables y S\/ 43,174 millones, representando el 4.08% del PBI y el 20.4% de los cr\u00e9ditos empresariales. Las MYPEs lideran con el 83.3% de empresas financiadas y el sector servicios concentra el 33.5% del monto total. \ud83d\ude80 ... Read more\" \/>\n<meta property=\"og:url\" content=\"https:\/\/www.producempresarial.pe\/en\/carrusel-de-notas\/\" \/>\n<meta property=\"og:site_name\" content=\"Observatorio PRODUCEmpresarial\" \/>\n<meta property=\"article:modified_time\" content=\"2025-01-23T20:55:47+00:00\" \/>\n<meta property=\"og:image\" content=\"https:\/\/www.producempresarial.pe\/wp-content\/uploads\/2025\/01\/1-2.jpg\" \/>\n<meta name=\"twitter:card\" content=\"summary_large_image\" \/>\n<meta name=\"twitter:label1\" content=\"Est. reading time\" \/>\n\t<meta name=\"twitter:data1\" content=\"4 minutes\" \/>\n<script type=\"application\/ld+json\" class=\"yoast-schema-graph\">{\"@context\":\"https:\/\/schema.org\",\"@graph\":[{\"@type\":\"WebPage\",\"@id\":\"https:\/\/www.producempresarial.pe\/carrusel-de-notas\/\",\"url\":\"https:\/\/www.producempresarial.pe\/carrusel-de-notas\/\",\"name\":\"Carrusel de Notas - Observatorio PRODUCEmpresarial\",\"isPartOf\":{\"@id\":\"https:\/\/www.producempresarial.pe\/#website\"},\"primaryImageOfPage\":{\"@id\":\"https:\/\/www.producempresarial.pe\/carrusel-de-notas\/#primaryimage\"},\"image\":{\"@id\":\"https:\/\/www.producempresarial.pe\/carrusel-de-notas\/#primaryimage\"},\"thumbnailUrl\":\"https:\/\/www.producempresarial.pe\/wp-content\/uploads\/2025\/01\/1-2.jpg\",\"datePublished\":\"2025-01-23T18:02:52+00:00\",\"dateModified\":\"2025-01-23T20:55:47+00:00\",\"breadcrumb\":{\"@id\":\"https:\/\/www.producempresarial.pe\/carrusel-de-notas\/#breadcrumb\"},\"inLanguage\":\"en-US\",\"potentialAction\":[{\"@type\":\"ReadAction\",\"target\":[\"https:\/\/www.producempresarial.pe\/carrusel-de-notas\/\"]}]},{\"@type\":\"ImageObject\",\"inLanguage\":\"en-US\",\"@id\":\"https:\/\/www.producempresarial.pe\/carrusel-de-notas\/#primaryimage\",\"url\":\"https:\/\/www.producempresarial.pe\/wp-content\/uploads\/2025\/01\/1-2.jpg\",\"contentUrl\":\"https:\/\/www.producempresarial.pe\/wp-content\/uploads\/2025\/01\/1-2.jpg\"},{\"@type\":\"BreadcrumbList\",\"@id\":\"https:\/\/www.producempresarial.pe\/carrusel-de-notas\/#breadcrumb\",\"itemListElement\":[{\"@type\":\"ListItem\",\"position\":1,\"name\":\"Home\",\"item\":\"https:\/\/www.producempresarial.pe\/\"},{\"@type\":\"ListItem\",\"position\":2,\"name\":\"Carrusel de Notas\"}]},{\"@type\":\"WebSite\",\"@id\":\"https:\/\/www.producempresarial.pe\/#website\",\"url\":\"https:\/\/www.producempresarial.pe\/\",\"name\":\"Observatorio PRODUCEmpresarial\",\"description\":\"Herramienta estrat\u00e9gica que integra y genera peri\u00f3dicamente evidencia y an\u00e1lisis sobre el desempe\u00f1o productivo del sector empresarial, as\u00ed como contribuye en la difusi\u00f3n de informaci\u00f3n y documentos t\u00e9cnicos anal\u00edticos y especializados sobre el desempe\u00f1o de las empresas en el Per\u00fa.\",\"publisher\":{\"@id\":\"https:\/\/www.producempresarial.pe\/#organization\"},\"potentialAction\":[{\"@type\":\"SearchAction\",\"target\":{\"@type\":\"EntryPoint\",\"urlTemplate\":\"https:\/\/www.producempresarial.pe\/?s={search_term_string}\"},\"query-input\":{\"@type\":\"PropertyValueSpecification\",\"valueRequired\":true,\"valueName\":\"search_term_string\"}}],\"inLanguage\":\"en-US\"},{\"@type\":\"Organization\",\"@id\":\"https:\/\/www.producempresarial.pe\/#organization\",\"name\":\"PRDOUCE\",\"url\":\"https:\/\/www.producempresarial.pe\/\",\"logo\":{\"@type\":\"ImageObject\",\"inLanguage\":\"en-US\",\"@id\":\"https:\/\/www.producempresarial.pe\/#\/schema\/logo\/image\/\",\"url\":\"https:\/\/www.producempresarial.pe\/wp-content\/uploads\/2024\/02\/image-logo-share.png\",\"contentUrl\":\"https:\/\/www.producempresarial.pe\/wp-content\/uploads\/2024\/02\/image-logo-share.png\",\"width\":1200,\"height\":628,\"caption\":\"PRDOUCE\"},\"image\":{\"@id\":\"https:\/\/www.producempresarial.pe\/#\/schema\/logo\/image\/\"}}]}<\/script>\n<!-- \/ Yoast SEO plugin. -->","yoast_head_json":{"title":"Carrusel de Notas - Observatorio PRODUCEmpresarial","robots":{"index":"index","follow":"follow","max-snippet":"max-snippet:-1","max-image-preview":"max-image-preview:large","max-video-preview":"max-video-preview:-1"},"canonical":"https:\/\/www.producempresarial.pe\/en\/carrusel-de-notas\/","og_locale":"en_US","og_type":"article","og_title":"Carrusel de Notas - Observatorio PRODUCEmpresarial","og_description":"Enero 20, 2025 | por admin \ud83d\udcbc\ud83d\udcc8 En 2024, el factoring creci\u00f3 24.6%, alcanzando 1.8 millones de facturas negociables y S\/ 43,174 millones, representando el 4.08% del PBI y el 20.4% de los cr\u00e9ditos empresariales. Las MYPEs lideran con el 83.3% de empresas financiadas y el sector servicios concentra el 33.5% del monto total. \ud83d\ude80 ... Read more","og_url":"https:\/\/www.producempresarial.pe\/en\/carrusel-de-notas\/","og_site_name":"Observatorio PRODUCEmpresarial","article_modified_time":"2025-01-23T20:55:47+00:00","og_image":[{"url":"https:\/\/www.producempresarial.pe\/wp-content\/uploads\/2025\/01\/1-2.jpg","type":"","width":"","height":""}],"twitter_card":"summary_large_image","twitter_misc":{"Est. reading time":"4 minutes"},"schema":{"@context":"https:\/\/schema.org","@graph":[{"@type":"WebPage","@id":"https:\/\/www.producempresarial.pe\/carrusel-de-notas\/","url":"https:\/\/www.producempresarial.pe\/carrusel-de-notas\/","name":"Carrusel de Notas - Observatorio PRODUCEmpresarial","isPartOf":{"@id":"https:\/\/www.producempresarial.pe\/#website"},"primaryImageOfPage":{"@id":"https:\/\/www.producempresarial.pe\/carrusel-de-notas\/#primaryimage"},"image":{"@id":"https:\/\/www.producempresarial.pe\/carrusel-de-notas\/#primaryimage"},"thumbnailUrl":"https:\/\/www.producempresarial.pe\/wp-content\/uploads\/2025\/01\/1-2.jpg","datePublished":"2025-01-23T18:02:52+00:00","dateModified":"2025-01-23T20:55:47+00:00","breadcrumb":{"@id":"https:\/\/www.producempresarial.pe\/carrusel-de-notas\/#breadcrumb"},"inLanguage":"en-US","potentialAction":[{"@type":"ReadAction","target":["https:\/\/www.producempresarial.pe\/carrusel-de-notas\/"]}]},{"@type":"ImageObject","inLanguage":"en-US","@id":"https:\/\/www.producempresarial.pe\/carrusel-de-notas\/#primaryimage","url":"https:\/\/www.producempresarial.pe\/wp-content\/uploads\/2025\/01\/1-2.jpg","contentUrl":"https:\/\/www.producempresarial.pe\/wp-content\/uploads\/2025\/01\/1-2.jpg"},{"@type":"BreadcrumbList","@id":"https:\/\/www.producempresarial.pe\/carrusel-de-notas\/#breadcrumb","itemListElement":[{"@type":"ListItem","position":1,"name":"Home","item":"https:\/\/www.producempresarial.pe\/"},{"@type":"ListItem","position":2,"name":"Carrusel de Notas"}]},{"@type":"WebSite","@id":"https:\/\/www.producempresarial.pe\/#website","url":"https:\/\/www.producempresarial.pe\/","name":"PRODUCEmpresarial Observatory","description":"Herramienta estrat\u00e9gica que integra y genera peri\u00f3dicamente evidencia y an\u00e1lisis sobre el desempe\u00f1o productivo del sector empresarial, as\u00ed como contribuye en la difusi\u00f3n de informaci\u00f3n y documentos t\u00e9cnicos anal\u00edticos y especializados sobre el desempe\u00f1o de las empresas en el Per\u00fa.","publisher":{"@id":"https:\/\/www.producempresarial.pe\/#organization"},"potentialAction":[{"@type":"SearchAction","target":{"@type":"EntryPoint","urlTemplate":"https:\/\/www.producempresarial.pe\/?s={search_term_string}"},"query-input":{"@type":"PropertyValueSpecification","valueRequired":true,"valueName":"search_term_string"}}],"inLanguage":"en-US"},{"@type":"Organization","@id":"https:\/\/www.producempresarial.pe\/#organization","name":"PRDOUCE","url":"https:\/\/www.producempresarial.pe\/","logo":{"@type":"ImageObject","inLanguage":"en-US","@id":"https:\/\/www.producempresarial.pe\/#\/schema\/logo\/image\/","url":"https:\/\/www.producempresarial.pe\/wp-content\/uploads\/2024\/02\/image-logo-share.png","contentUrl":"https:\/\/www.producempresarial.pe\/wp-content\/uploads\/2024\/02\/image-logo-share.png","width":1200,"height":628,"caption":"PRDOUCE"},"image":{"@id":"https:\/\/www.producempresarial.pe\/#\/schema\/logo\/image\/"}}]}},"_links":{"self":[{"href":"https:\/\/www.producempresarial.pe\/en\/wp-json\/wp\/v2\/pages\/23527","targetHints":{"allow":["GET"]}}],"collection":[{"href":"https:\/\/www.producempresarial.pe\/en\/wp-json\/wp\/v2\/pages"}],"about":[{"href":"https:\/\/www.producempresarial.pe\/en\/wp-json\/wp\/v2\/types\/page"}],"author":[{"embeddable":true,"href":"https:\/\/www.producempresarial.pe\/en\/wp-json\/wp\/v2\/users\/1"}],"replies":[{"embeddable":true,"href":"https:\/\/www.producempresarial.pe\/en\/wp-json\/wp\/v2\/comments?post=23527"}],"version-history":[{"count":7,"href":"https:\/\/www.producempresarial.pe\/en\/wp-json\/wp\/v2\/pages\/23527\/revisions"}],"predecessor-version":[{"id":23542,"href":"https:\/\/www.producempresarial.pe\/en\/wp-json\/wp\/v2\/pages\/23527\/revisions\/23542"}],"wp:attachment":[{"href":"https:\/\/www.producempresarial.pe\/en\/wp-json\/wp\/v2\/media?parent=23527"}],"curies":[{"name":"wp","href":"https:\/\/api.w.org\/{rel}","templated":true}]}}