{"id":6634,"date":"2024-01-24T13:09:22","date_gmt":"2024-01-24T18:09:22","guid":{"rendered":"https:\/\/www.producempresarial.pe\/?page_id=6634"},"modified":"2024-07-11T17:28:30","modified_gmt":"2024-07-11T22:28:30","slug":"encuestas-industrial","status":"publish","type":"page","link":"https:\/\/www.producempresarial.pe\/en\/encuestas-industrial\/","title":{"rendered":"Encuestas-Industrial"},"content":{"rendered":"<div data-elementor-type=\"wp-page\" data-elementor-id=\"6634\" class=\"elementor elementor-6634\" data-elementor-post-type=\"page\">\n\t\t\t\t<div class=\"elementor-element elementor-element-52af809 e-grid e-con-full e-con e-child\" data-id=\"52af809\" data-element_type=\"container\" data-e-type=\"container\" data-settings=\"{&quot;background_background&quot;:&quot;classic&quot;}\">\n\t\t<div class=\"elementor-element elementor-element-86b78c0 e-grid e-con-full e-con e-child\" data-id=\"86b78c0\" data-element_type=\"container\" data-e-type=\"container\">\n\t\t\t\t<div class=\"elementor-element elementor-element-0d415db elementor-widget elementor-widget-heading\" data-id=\"0d415db\" data-element_type=\"widget\" data-e-type=\"widget\" data-widget_type=\"heading.default\">\n\t\t\t\t<div class=\"elementor-widget-container\">\n\t\t\t\t\t<h2 class=\"elementor-heading-title elementor-size-default\">National Surveys<\/h2>\t\t\t\t<\/div>\n\t\t\t\t<\/div>\n\t\t\t\t<\/div>\n\t\t\t\t<\/div>\n\t\t<div class=\"elementor-element elementor-element-f9a990d e-con-full e-flex e-con e-parent\" data-id=\"f9a990d\" data-element_type=\"container\" data-e-type=\"container\">\n\t\t\t\t<div class=\"elementor-element elementor-element-dedd725 elementor-widget elementor-widget-html\" data-id=\"dedd725\" data-element_type=\"widget\" data-e-type=\"widget\" data-widget_type=\"html.default\">\n\t\t\t\t<div class=\"elementor-widget-container\">\n\t\t\t\t\t<div id='migas_de_pan' class='d-flex'>\n        <div id='div_opcion_inicio'>Home<\/div> \n        <div class='sep_opciones'>&gt;<\/div>\n        <div id='div_opcion_inicio'>Manufacturing industry<\/div> \n        <div class='sep_opciones'>&gt;<\/div>\n        <div id='div_opcion_submenu_principal'>National Surveys<\/div>\n        <div class='sep_opciones'>&gt;<\/div>\n        <div id='div_opcion_submenu_principal2'>Monthly Industrial Survey<\/div>\n\t<\/div>\t\t\t\t<\/div>\n\t\t\t\t<\/div>\n\t\t\t\t<\/div>\n\t\t<div class=\"elementor-element elementor-element-4a60451 e-con-full contenedorAdministrable e-flex e-con e-parent\" data-id=\"4a60451\" data-element_type=\"container\" data-e-type=\"container\">\n\t\t<div class=\"elementor-element elementor-element-8367d28 e-con-full bloque1Administrable e-flex e-con e-child\" data-id=\"8367d28\" data-element_type=\"container\" data-e-type=\"container\">\n\t\t\t\t<div class=\"elementor-element elementor-element-c9f12a4 elementor-widget elementor-widget-shortcode\" data-id=\"c9f12a4\" data-element_type=\"widget\" data-e-type=\"widget\" data-widget_type=\"shortcode.default\">\n\t\t\t\t<div class=\"elementor-widget-container\">\n\t\t\t\t\t\t\t<div class=\"elementor-shortcode\">\n        <input type='hidden' name='opcionMenu' id='opcionMenu' value='manufactura'>\n        <input type='hidden' name='urlWeb' id='urlWeb' value='https:\/\/www.producempresarial.pe\/'>\n        <input type='hidden' name='slugWeb' id='slugWeb' value='wp-json\/wp\/v2\/pages\/6634'>\n        <div class='row g-2' id='divContainerPublicaciones'>\n            <div class='col-12' id='menuGeneral'>\n                <div class='card menuCard'>\n                    <div id='divmenuGeneral' class='card-body'>\n                        <div id='divMenuGeneral' class='container-fluid'>\n                            <nav id='navMenuGeneral'>\n                                <ul>\n                                    <li>\n                                        <a class='tipoPublicacion' onclick = 'event.preventDefault();' href='#'>\n                                            <p class='card-text text-center mb-3  classNombreCategoria'>Monthly Industrial Survey<\/p>\n                                            <input type='hidden' class='slug' value='encuestas-industrial'>\n                                        <\/a>\n                                    <\/li>\n                                    <li>\n                                        <a class='tipoPublicacion' onclick = 'event.preventDefault();' href='#'>\n                                            <p class='card-text text-center mb-3  classNombreCategoria'>National Innovation Survey<\/p>\n                                            <input type='hidden' class='slug' value='encuestas-nacional'>\n                                        <\/a>\n                                    <\/li><\/ul>\n                            <\/nav>\n                        <\/div>\n                    <\/div>\n                <\/div>\n            <\/div>\n        <\/div>\n    \n    <\/div>\n\t\t\t\t\t\t<\/div>\n\t\t\t\t<\/div>\n\t\t\t\t<\/div>\n\t\t<div class=\"elementor-element elementor-element-b388a52 e-con-full bloque2Administrable e-flex e-con e-child\" data-id=\"b388a52\" data-element_type=\"container\" data-e-type=\"container\">\n\t\t\t\t<div class=\"elementor-element elementor-element-34c245d elementor-widget elementor-widget-heading\" data-id=\"34c245d\" data-element_type=\"widget\" data-e-type=\"widget\" data-widget_type=\"heading.default\">\n\t\t\t\t<div class=\"elementor-widget-container\">\n\t\t\t\t\t<h2 class=\"elementor-heading-title elementor-size-default\">Monthly Industrial Survey<\/h2>\t\t\t\t<\/div>\n\t\t\t\t<\/div>\n\t\t<div class=\"elementor-element elementor-element-c83cbce e-grid e-con-boxed e-con e-child\" data-id=\"c83cbce\" data-element_type=\"container\" data-e-type=\"container\">\n\t\t\t\t\t<div class=\"e-con-inner\">\n\t\t\t\t<div class=\"elementor-element elementor-element-00044c8 elementor-widget elementor-widget-text-editor\" data-id=\"00044c8\" data-element_type=\"widget\" data-e-type=\"widget\" data-widget_type=\"text-editor.default\">\n\t\t\t\t<div class=\"elementor-widget-container\">\n\t\t\t\t\t\t\t\t\t<p><strong>I DESCRIPTION<\/strong><\/p><p style=\"text-align: justify;\">The Monthly Industrial Statistics report is a statistical tool designed to gather information on key economic variables from a representative sample of manufacturing companies nationwide. Its purpose is to provide an overview of the behavior and trends within the manufacturing sector in the country.<\/p><p style=\"text-align: justify;\">Its objective is to collect basic information on productive activity and provide information that shows the current economic behavior of the main variables of the manufacturing sector in the country as well as at the regional level and serve as support for decision-making in matters within its competence.<\/p><p><strong>II REGULATIONS<\/strong><\/p><p style=\"text-align: justify;\"><a href=\"https:\/\/www.producempresarial.pe\/wp-content\/uploads\/2024\/01\/DS-043-2001-PCM.pdf\" target=\"_blank\" rel=\"noopener\">Supreme Decree No. 043-2001-PCM \u201cRegulations of Organization and Functions of the INEI are approved.\u201d<\/a><\/p><p>Resolutions approving the annual execution of the survey<\/p><ul><li><a href=\"https:\/\/www.producempresarial.pe\/wp-content\/uploads\/2024\/04\/Resolucion-Estadistica-Industrial-Mensual-2024.pdf\">Headquarters Resolution No. 058-2024-INEI.<\/a><\/li><li><a href=\"https:\/\/www.producempresarial.pe\/wp-content\/uploads\/2024\/01\/RJ-059-2023-INEI.pdf\" target=\"_blank\" rel=\"noopener\">Headquarters Resolution No. 059-2023-INEI.<\/a><\/li><li><a href=\"https:\/\/www.producempresarial.pe\/wp-content\/uploads\/2024\/01\/RJ-053-2022-INEI.pdf\" target=\"_blank\" rel=\"noopener\">Headquarters Resolution No. 053-2022-INEI.<\/a><\/li><li><a href=\"https:\/\/www.producempresarial.pe\/wp-content\/uploads\/2024\/01\/RJ-067-2021-INEI.pdf\" target=\"_blank\" rel=\"noopener\">Headquarters Resolution No. 067-2021-INEI.<\/a><\/li><li><a href=\"https:\/\/www.producempresarial.pe\/wp-content\/uploads\/2024\/01\/RJ-050-2020-INEI.pdf\" target=\"_blank\" rel=\"noopener\">Headquarters Resolution No. 050-2020-INEI.<\/a><\/li><li><a href=\"https:\/\/www.producempresarial.pe\/wp-content\/uploads\/2024\/01\/RJ-072-2019-INEI.pdf\" target=\"_blank\" rel=\"noopener\">Headquarters Resolution No. 072-2019-INEI.<\/a><\/li><li><a href=\"https:\/\/www.producempresarial.pe\/wp-content\/uploads\/2024\/01\/RJ-066-2017-INEI.pdf\" target=\"_blank\" rel=\"noopener\">Headquarters Resolution No. 066-2017-INEI.<\/a><\/li><li><a href=\"https:\/\/www.producempresarial.pe\/wp-content\/uploads\/2024\/01\/RJ-086-2016-INEI.pdf\" target=\"_blank\" rel=\"noopener\">Headquarters Resolution No. 086-2016-INEI.<\/a><\/li><\/ul><p><strong>III METHODOLOGICAL DOCUMENTS<\/strong><\/p><ul><li><a href=\"https:\/\/www.producempresarial.pe\/wp-content\/uploads\/2024\/04\/DOCUMENTO-METODOLOGICO-SUSTENTO-ESTADISTICA-INDUSTRIAL-MENSUAL-2024.doc\" target=\"_blank\" rel=\"noopener\">Monthly Industrial Statistics Methodological Document 2024<\/a><\/li><li><a href=\"https:\/\/www.producempresarial.pe\/wp-content\/uploads\/2024\/04\/FORMULARIO-2024.xls\" target=\"_blank\" rel=\"noopener\">Form 2024<\/a><\/li><li><a href=\"https:\/\/www.producempresarial.pe\/wp-content\/uploads\/2024\/07\/Directorio-Manufactura-2024.xlsx\" target=\"_blank\" rel=\"noopener\">Directory<\/a><\/li><\/ul>\t\t\t\t\t\t\t\t<\/div>\n\t\t\t\t<\/div>\n\t\t<div class=\"elementor-element elementor-element-4fb03a4 e-grid e-con-boxed e-con e-child\" data-id=\"4fb03a4\" data-element_type=\"container\" data-e-type=\"container\">\n\t\t\t\t\t<div class=\"e-con-inner\">\n\t\t\t\t<div class=\"elementor-element elementor-element-35c6442 elementor-widget elementor-widget-image\" data-id=\"35c6442\" data-element_type=\"widget\" data-e-type=\"widget\" data-widget_type=\"image.default\">\n\t\t\t\t<div class=\"elementor-widget-container\">\n\t\t\t\t\t\t\t\t\t\t\t\t\t\t\t<img fetchpriority=\"high\" decoding=\"async\" width=\"1024\" height=\"648\" src=\"https:\/\/www.producempresarial.pe\/wp-content\/uploads\/2024\/01\/CITE-Cuero-y-calzado-Trujillo.png\" class=\"attachment-large size-large wp-image-4173\" alt=\"\" srcset=\"https:\/\/www.producempresarial.pe\/wp-content\/uploads\/2024\/01\/CITE-Cuero-y-calzado-Trujillo.png 1024w, https:\/\/www.producempresarial.pe\/wp-content\/uploads\/2024\/01\/CITE-Cuero-y-calzado-Trujillo-300x190.png 300w, https:\/\/www.producempresarial.pe\/wp-content\/uploads\/2024\/01\/CITE-Cuero-y-calzado-Trujillo-768x486.png 768w\" sizes=\"(max-width: 1024px) 100vw, 1024px\" \/>\t\t\t\t\t\t\t\t\t\t\t\t\t\t\t<\/div>\n\t\t\t\t<\/div>\n\t\t\t\t<div class=\"elementor-element elementor-element-0a62c9b elementor-widget elementor-widget-image\" data-id=\"0a62c9b\" data-element_type=\"widget\" data-e-type=\"widget\" data-widget_type=\"image.default\">\n\t\t\t\t<div class=\"elementor-widget-container\">\n\t\t\t\t\t\t\t\t\t\t\t\t\t\t\t<img decoding=\"async\" width=\"1024\" height=\"683\" src=\"https:\/\/www.producempresarial.pe\/wp-content\/uploads\/2024\/01\/52997348135_3778eeae70_o-1024x683.jpg\" class=\"attachment-large size-large wp-image-10788\" alt=\"\" srcset=\"https:\/\/www.producempresarial.pe\/wp-content\/uploads\/2024\/01\/52997348135_3778eeae70_o-1024x683.jpg 1024w, https:\/\/www.producempresarial.pe\/wp-content\/uploads\/2024\/01\/52997348135_3778eeae70_o-300x200.jpg 300w, https:\/\/www.producempresarial.pe\/wp-content\/uploads\/2024\/01\/52997348135_3778eeae70_o-768x512.jpg 768w, https:\/\/www.producempresarial.pe\/wp-content\/uploads\/2024\/01\/52997348135_3778eeae70_o-1536x1024.jpg 1536w, https:\/\/www.producempresarial.pe\/wp-content\/uploads\/2024\/01\/52997348135_3778eeae70_o-2048x1365.jpg 2048w, https:\/\/www.producempresarial.pe\/wp-content\/uploads\/2024\/01\/52997348135_3778eeae70_o-200x133.jpg 200w\" sizes=\"(max-width: 1024px) 100vw, 1024px\" \/>\t\t\t\t\t\t\t\t\t\t\t\t\t\t\t<\/div>\n\t\t\t\t<\/div>\n\t\t\t\t\t<\/div>\n\t\t\t\t<\/div>\n\t\t\t\t\t<\/div>\n\t\t\t\t<\/div>\n\t\t\t\t<\/div>\n\t\t\t\t<\/div>\n\t\t\t\t<\/div>","protected":false},"excerpt":{"rendered":"<p>Encuestas Nacionales Inicio &gt; Industria Manufacturera &gt; Encuestas Nacionales &gt; Encuesta Industrial Mensual Encuesta Industrial Mensual I DESCRIPCI\u00d3N La Estad\u00edstica Industrial Mensual, constituye un instrumento estad\u00edstico que permite recoger informaci\u00f3n de las principales variables econ\u00f3micas de una muestra representativa de empresas manufactureras a nivel nacional, con la finalidad de proporcionar un panorama del comportamiento y &#8230; <a title=\"Encuestas-Industrial\" class=\"read-more\" href=\"https:\/\/www.producempresarial.pe\/en\/encuestas-industrial\/\" aria-label=\"Read more about Encuestas-Industrial\">Read more<\/a><\/p>","protected":false},"author":1,"featured_media":0,"parent":0,"menu_order":0,"comment_status":"closed","ping_status":"closed","template":"elementor_header_footer","meta":{"_acf_changed":false,"footnotes":""},"class_list":["post-6634","page","type-page","status-publish"],"acf":[],"yoast_head":"<!-- This site is optimized with the Yoast SEO plugin v27.1.1 - https:\/\/yoast.com\/product\/yoast-seo-wordpress\/ -->\n<title>Encuestas-Industrial - Observatorio PRODUCEmpresarial<\/title>\n<meta name=\"robots\" content=\"index, follow, max-snippet:-1, max-image-preview:large, max-video-preview:-1\" \/>\n<link rel=\"canonical\" href=\"https:\/\/www.producempresarial.pe\/en\/encuestas-industrial\/\" \/>\n<meta property=\"og:locale\" content=\"en_US\" \/>\n<meta property=\"og:type\" content=\"article\" \/>\n<meta property=\"og:title\" content=\"Encuestas-Industrial - Observatorio PRODUCEmpresarial\" \/>\n<meta property=\"og:description\" content=\"Encuestas Nacionales Inicio &gt; Industria Manufacturera &gt; Encuestas Nacionales &gt; Encuesta Industrial Mensual Encuesta Industrial Mensual I DESCRIPCI\u00d3N La Estad\u00edstica Industrial Mensual, constituye un instrumento estad\u00edstico que permite recoger informaci\u00f3n de las principales variables econ\u00f3micas de una muestra representativa de empresas manufactureras a nivel nacional, con la finalidad de proporcionar un panorama del comportamiento y ... Read more\" \/>\n<meta property=\"og:url\" content=\"https:\/\/www.producempresarial.pe\/en\/encuestas-industrial\/\" \/>\n<meta property=\"og:site_name\" content=\"Observatorio PRODUCEmpresarial\" \/>\n<meta property=\"article:modified_time\" content=\"2024-07-11T22:28:30+00:00\" \/>\n<meta property=\"og:image\" content=\"https:\/\/www.producempresarial.pe\/wp-content\/uploads\/2024\/01\/CITE-Cuero-y-calzado-Trujillo.png\" \/>\n<meta name=\"twitter:card\" content=\"summary_large_image\" \/>\n<meta name=\"twitter:label1\" content=\"Est. reading time\" \/>\n\t<meta name=\"twitter:data1\" content=\"2 minutes\" \/>\n<script type=\"application\/ld+json\" class=\"yoast-schema-graph\">{\"@context\":\"https:\/\/schema.org\",\"@graph\":[{\"@type\":\"WebPage\",\"@id\":\"https:\/\/www.producempresarial.pe\/encuestas-industrial\/\",\"url\":\"https:\/\/www.producempresarial.pe\/encuestas-industrial\/\",\"name\":\"Encuestas-Industrial - Observatorio PRODUCEmpresarial\",\"isPartOf\":{\"@id\":\"https:\/\/www.producempresarial.pe\/#website\"},\"primaryImageOfPage\":{\"@id\":\"https:\/\/www.producempresarial.pe\/encuestas-industrial\/#primaryimage\"},\"image\":{\"@id\":\"https:\/\/www.producempresarial.pe\/encuestas-industrial\/#primaryimage\"},\"thumbnailUrl\":\"https:\/\/www.producempresarial.pe\/wp-content\/uploads\/2024\/01\/CITE-Cuero-y-calzado-Trujillo.png\",\"datePublished\":\"2024-01-24T18:09:22+00:00\",\"dateModified\":\"2024-07-11T22:28:30+00:00\",\"breadcrumb\":{\"@id\":\"https:\/\/www.producempresarial.pe\/encuestas-industrial\/#breadcrumb\"},\"inLanguage\":\"en-US\",\"potentialAction\":[{\"@type\":\"ReadAction\",\"target\":[\"https:\/\/www.producempresarial.pe\/encuestas-industrial\/\"]}]},{\"@type\":\"ImageObject\",\"inLanguage\":\"en-US\",\"@id\":\"https:\/\/www.producempresarial.pe\/encuestas-industrial\/#primaryimage\",\"url\":\"https:\/\/www.producempresarial.pe\/wp-content\/uploads\/2024\/01\/CITE-Cuero-y-calzado-Trujillo.png\",\"contentUrl\":\"https:\/\/www.producempresarial.pe\/wp-content\/uploads\/2024\/01\/CITE-Cuero-y-calzado-Trujillo.png\"},{\"@type\":\"BreadcrumbList\",\"@id\":\"https:\/\/www.producempresarial.pe\/encuestas-industrial\/#breadcrumb\",\"itemListElement\":[{\"@type\":\"ListItem\",\"position\":1,\"name\":\"Home\",\"item\":\"https:\/\/www.producempresarial.pe\/\"},{\"@type\":\"ListItem\",\"position\":2,\"name\":\"Encuestas-Industrial\"}]},{\"@type\":\"WebSite\",\"@id\":\"https:\/\/www.producempresarial.pe\/#website\",\"url\":\"https:\/\/www.producempresarial.pe\/\",\"name\":\"Observatorio PRODUCEmpresarial\",\"description\":\"Herramienta estrat\u00e9gica que integra y genera peri\u00f3dicamente evidencia y an\u00e1lisis sobre el desempe\u00f1o productivo del sector empresarial, as\u00ed como contribuye en la difusi\u00f3n de informaci\u00f3n y documentos t\u00e9cnicos anal\u00edticos y especializados sobre el desempe\u00f1o de las empresas en el Per\u00fa.\",\"publisher\":{\"@id\":\"https:\/\/www.producempresarial.pe\/#organization\"},\"potentialAction\":[{\"@type\":\"SearchAction\",\"target\":{\"@type\":\"EntryPoint\",\"urlTemplate\":\"https:\/\/www.producempresarial.pe\/?s={search_term_string}\"},\"query-input\":{\"@type\":\"PropertyValueSpecification\",\"valueRequired\":true,\"valueName\":\"search_term_string\"}}],\"inLanguage\":\"en-US\"},{\"@type\":\"Organization\",\"@id\":\"https:\/\/www.producempresarial.pe\/#organization\",\"name\":\"PRDOUCE\",\"url\":\"https:\/\/www.producempresarial.pe\/\",\"logo\":{\"@type\":\"ImageObject\",\"inLanguage\":\"en-US\",\"@id\":\"https:\/\/www.producempresarial.pe\/#\/schema\/logo\/image\/\",\"url\":\"https:\/\/www.producempresarial.pe\/wp-content\/uploads\/2024\/02\/image-logo-share.png\",\"contentUrl\":\"https:\/\/www.producempresarial.pe\/wp-content\/uploads\/2024\/02\/image-logo-share.png\",\"width\":1200,\"height\":628,\"caption\":\"PRDOUCE\"},\"image\":{\"@id\":\"https:\/\/www.producempresarial.pe\/#\/schema\/logo\/image\/\"}}]}<\/script>\n<!-- \/ Yoast SEO plugin. -->","yoast_head_json":{"title":"Encuestas-Industrial - Observatorio PRODUCEmpresarial","robots":{"index":"index","follow":"follow","max-snippet":"max-snippet:-1","max-image-preview":"max-image-preview:large","max-video-preview":"max-video-preview:-1"},"canonical":"https:\/\/www.producempresarial.pe\/en\/encuestas-industrial\/","og_locale":"en_US","og_type":"article","og_title":"Encuestas-Industrial - Observatorio PRODUCEmpresarial","og_description":"Encuestas Nacionales Inicio &gt; Industria Manufacturera &gt; Encuestas Nacionales &gt; Encuesta Industrial Mensual Encuesta Industrial Mensual I DESCRIPCI\u00d3N La Estad\u00edstica Industrial Mensual, constituye un instrumento estad\u00edstico que permite recoger informaci\u00f3n de las principales variables econ\u00f3micas de una muestra representativa de empresas manufactureras a nivel nacional, con la finalidad de proporcionar un panorama del comportamiento y ... Read more","og_url":"https:\/\/www.producempresarial.pe\/en\/encuestas-industrial\/","og_site_name":"Observatorio PRODUCEmpresarial","article_modified_time":"2024-07-11T22:28:30+00:00","og_image":[{"url":"https:\/\/www.producempresarial.pe\/wp-content\/uploads\/2024\/01\/CITE-Cuero-y-calzado-Trujillo.png","type":"","width":"","height":""}],"twitter_card":"summary_large_image","twitter_misc":{"Est. reading time":"2 minutes"},"schema":{"@context":"https:\/\/schema.org","@graph":[{"@type":"WebPage","@id":"https:\/\/www.producempresarial.pe\/encuestas-industrial\/","url":"https:\/\/www.producempresarial.pe\/encuestas-industrial\/","name":"Encuestas-Industrial - Observatorio PRODUCEmpresarial","isPartOf":{"@id":"https:\/\/www.producempresarial.pe\/#website"},"primaryImageOfPage":{"@id":"https:\/\/www.producempresarial.pe\/encuestas-industrial\/#primaryimage"},"image":{"@id":"https:\/\/www.producempresarial.pe\/encuestas-industrial\/#primaryimage"},"thumbnailUrl":"https:\/\/www.producempresarial.pe\/wp-content\/uploads\/2024\/01\/CITE-Cuero-y-calzado-Trujillo.png","datePublished":"2024-01-24T18:09:22+00:00","dateModified":"2024-07-11T22:28:30+00:00","breadcrumb":{"@id":"https:\/\/www.producempresarial.pe\/encuestas-industrial\/#breadcrumb"},"inLanguage":"en-US","potentialAction":[{"@type":"ReadAction","target":["https:\/\/www.producempresarial.pe\/encuestas-industrial\/"]}]},{"@type":"ImageObject","inLanguage":"en-US","@id":"https:\/\/www.producempresarial.pe\/encuestas-industrial\/#primaryimage","url":"https:\/\/www.producempresarial.pe\/wp-content\/uploads\/2024\/01\/CITE-Cuero-y-calzado-Trujillo.png","contentUrl":"https:\/\/www.producempresarial.pe\/wp-content\/uploads\/2024\/01\/CITE-Cuero-y-calzado-Trujillo.png"},{"@type":"BreadcrumbList","@id":"https:\/\/www.producempresarial.pe\/encuestas-industrial\/#breadcrumb","itemListElement":[{"@type":"ListItem","position":1,"name":"Home","item":"https:\/\/www.producempresarial.pe\/"},{"@type":"ListItem","position":2,"name":"Encuestas-Industrial"}]},{"@type":"WebSite","@id":"https:\/\/www.producempresarial.pe\/#website","url":"https:\/\/www.producempresarial.pe\/","name":"Observatorio PRODUCEmpresarial","description":"Herramienta estrat\u00e9gica que integra y genera peri\u00f3dicamente evidencia y an\u00e1lisis sobre el desempe\u00f1o productivo del sector empresarial, as\u00ed como contribuye en la difusi\u00f3n de informaci\u00f3n y documentos t\u00e9cnicos anal\u00edticos y especializados sobre el desempe\u00f1o de las empresas en el Per\u00fa.","publisher":{"@id":"https:\/\/www.producempresarial.pe\/#organization"},"potentialAction":[{"@type":"SearchAction","target":{"@type":"EntryPoint","urlTemplate":"https:\/\/www.producempresarial.pe\/?s={search_term_string}"},"query-input":{"@type":"PropertyValueSpecification","valueRequired":true,"valueName":"search_term_string"}}],"inLanguage":"en-US"},{"@type":"Organization","@id":"https:\/\/www.producempresarial.pe\/#organization","name":"PRDOUCE","url":"https:\/\/www.producempresarial.pe\/","logo":{"@type":"ImageObject","inLanguage":"en-US","@id":"https:\/\/www.producempresarial.pe\/#\/schema\/logo\/image\/","url":"https:\/\/www.producempresarial.pe\/wp-content\/uploads\/2024\/02\/image-logo-share.png","contentUrl":"https:\/\/www.producempresarial.pe\/wp-content\/uploads\/2024\/02\/image-logo-share.png","width":1200,"height":628,"caption":"PRDOUCE"},"image":{"@id":"https:\/\/www.producempresarial.pe\/#\/schema\/logo\/image\/"}}]}},"_links":{"self":[{"href":"https:\/\/www.producempresarial.pe\/en\/wp-json\/wp\/v2\/pages\/6634","targetHints":{"allow":["GET"]}}],"collection":[{"href":"https:\/\/www.producempresarial.pe\/en\/wp-json\/wp\/v2\/pages"}],"about":[{"href":"https:\/\/www.producempresarial.pe\/en\/wp-json\/wp\/v2\/types\/page"}],"author":[{"embeddable":true,"href":"https:\/\/www.producempresarial.pe\/en\/wp-json\/wp\/v2\/users\/1"}],"replies":[{"embeddable":true,"href":"https:\/\/www.producempresarial.pe\/en\/wp-json\/wp\/v2\/comments?post=6634"}],"version-history":[{"count":94,"href":"https:\/\/www.producempresarial.pe\/en\/wp-json\/wp\/v2\/pages\/6634\/revisions"}],"predecessor-version":[{"id":18378,"href":"https:\/\/www.producempresarial.pe\/en\/wp-json\/wp\/v2\/pages\/6634\/revisions\/18378"}],"wp:attachment":[{"href":"https:\/\/www.producempresarial.pe\/en\/wp-json\/wp\/v2\/media?parent=6634"}],"curies":[{"name":"wp","href":"https:\/\/api.w.org\/{rel}","templated":true}]}}