{"id":6642,"date":"2024-01-24T13:11:58","date_gmt":"2024-01-24T18:11:58","guid":{"rendered":"https:\/\/www.producempresarial.pe\/?page_id=6642"},"modified":"2024-06-26T15:05:14","modified_gmt":"2024-06-26T20:05:14","slug":"encuestas-directorio","status":"publish","type":"page","link":"https:\/\/www.producempresarial.pe\/en\/encuestas-directorio\/","title":{"rendered":"Encuestas-Directorio"},"content":{"rendered":"<div data-elementor-type=\"wp-page\" data-elementor-id=\"6642\" class=\"elementor elementor-6642\" data-elementor-post-type=\"page\">\n\t\t\t\t<div class=\"elementor-element elementor-element-3e70c87 e-grid e-con-full e-con e-child\" data-id=\"3e70c87\" data-element_type=\"container\" data-e-type=\"container\" data-settings=\"{&quot;background_background&quot;:&quot;classic&quot;}\">\n\t\t<div class=\"elementor-element elementor-element-3d694c2 e-grid e-con-full e-con e-child\" data-id=\"3d694c2\" data-element_type=\"container\" data-e-type=\"container\">\n\t\t\t\t<div class=\"elementor-element elementor-element-738716e elementor-widget elementor-widget-heading\" data-id=\"738716e\" data-element_type=\"widget\" data-e-type=\"widget\" data-widget_type=\"heading.default\">\n\t\t\t\t<div class=\"elementor-widget-container\">\n\t\t\t\t\t<h2 class=\"elementor-heading-title elementor-size-default\">National Surveys<\/h2>\t\t\t\t<\/div>\n\t\t\t\t<\/div>\n\t\t\t\t<\/div>\n\t\t\t\t<\/div>\n\t\t<div class=\"elementor-element elementor-element-f9a990d e-con-full e-flex e-con e-parent\" data-id=\"f9a990d\" data-element_type=\"container\" data-e-type=\"container\">\n\t\t\t\t<div class=\"elementor-element elementor-element-dedd725 elementor-widget elementor-widget-html\" data-id=\"dedd725\" data-element_type=\"widget\" data-e-type=\"widget\" data-widget_type=\"html.default\">\n\t\t\t\t<div class=\"elementor-widget-container\">\n\t\t\t\t\t<div id='migas_de_pan' class='d-flex'>\n        <div id='div_opcion_inicio'>Home<\/div> \n        <div class='sep_opciones'>&gt;<\/div>\n        <div id='div_opcion_inicio'>Manufacturing<\/div> \n        <div class='sep_opciones'>&gt;<\/div>\n        <div id='div_opcion_submenu_principal'>National Surveys<\/div>\n        <div class='sep_opciones'>&gt;<\/div>\n        <div id='div_opcion_submenu_principal2'>Directory of Manufacturing Companies<\/div>\n\t<\/div>\t\t\t\t<\/div>\n\t\t\t\t<\/div>\n\t\t\t\t<\/div>\n\t\t<div class=\"elementor-element elementor-element-4a60451 e-con-full contenedorAdministrable e-flex e-con e-parent\" data-id=\"4a60451\" data-element_type=\"container\" data-e-type=\"container\">\n\t\t<div class=\"elementor-element elementor-element-8367d28 e-con-full bloque1Administrable e-flex e-con e-child\" data-id=\"8367d28\" data-element_type=\"container\" data-e-type=\"container\">\n\t\t\t\t<div class=\"elementor-element elementor-element-c9f12a4 elementor-widget elementor-widget-shortcode\" data-id=\"c9f12a4\" data-element_type=\"widget\" data-e-type=\"widget\" data-widget_type=\"shortcode.default\">\n\t\t\t\t<div class=\"elementor-widget-container\">\n\t\t\t\t\t\t\t<div class=\"elementor-shortcode\">\r\n        <input type='hidden' name='opcionMenu' id='opcionMenu' value='manufactura'>\r\n        <input type='hidden' name='urlWeb' id='urlWeb' value='https:\/\/www.producempresarial.pe\/'>\r\n        <input type='hidden' name='slugWeb' id='slugWeb' value='wp-json\/wp\/v2\/pages\/6642'>\r\n        <div class='row g-2' id='divContainerPublicaciones'>\r\n            <div class='col-12' id='menuGeneral'>\r\n                <div class='card menuCard'>\r\n                    <div id='divmenuGeneral' class='card-body'>\r\n                        <div id='divMenuGeneral' class='container-fluid'>\r\n                            <nav id='navMenuGeneral'>\r\n                                <ul>\r\n                                    <li>\r\n                                        <a class='tipoPublicacion' onclick = 'event.preventDefault();' href='#'>\r\n                                            <p class='card-text text-center mb-3  classNombreCategoria'>Monthly Industrial Survey<\/p>\r\n                                            <input type='hidden' class='slug' value='encuestas-industrial'>\r\n                                        <\/a>\r\n                                    <\/li>\r\n                                    <li>\r\n                                        <a class='tipoPublicacion' onclick = 'event.preventDefault();' href='#'>\r\n                                            <p class='card-text text-center mb-3  classNombreCategoria'>National Innovation Survey<\/p>\r\n                                            <input type='hidden' class='slug' value='encuestas-nacional'>\r\n                                        <\/a>\r\n                                    <\/li><\/ul>\r\n                            <\/nav>\r\n                        <\/div>\r\n                    <\/div>\r\n                <\/div>\r\n            <\/div>\r\n        <\/div>\r\n    \r\n    <\/div>\n\t\t\t\t\t\t<\/div>\n\t\t\t\t<\/div>\n\t\t\t\t<\/div>\n\t\t<div class=\"elementor-element elementor-element-b388a52 e-con-full bloque2Administrable e-flex e-con e-child\" data-id=\"b388a52\" data-element_type=\"container\" data-e-type=\"container\">\n\t\t\t\t<div class=\"elementor-element elementor-element-9164b2b elementor-widget elementor-widget-heading\" data-id=\"9164b2b\" data-element_type=\"widget\" data-e-type=\"widget\" data-widget_type=\"heading.default\">\n\t\t\t\t<div class=\"elementor-widget-container\">\n\t\t\t\t\t<h2 class=\"elementor-heading-title elementor-size-default\">Directory of Manufacturing Companies<\/h2>\t\t\t\t<\/div>\n\t\t\t\t<\/div>\n\t\t<div class=\"elementor-element elementor-element-4f19686 e-grid e-con-boxed e-con e-child\" data-id=\"4f19686\" data-element_type=\"container\" data-e-type=\"container\">\n\t\t\t\t\t<div class=\"e-con-inner\">\n\t\t\t\t<div class=\"elementor-element elementor-element-da7770d elementor-widget elementor-widget-text-editor\" data-id=\"da7770d\" data-element_type=\"widget\" data-e-type=\"widget\" data-widget_type=\"text-editor.default\">\n\t\t\t\t<div class=\"elementor-widget-container\">\n\t\t\t\t\t\t\t\t\t<p style=\"text-align: justify;\">El Directorio de empresas del sector manufactura es la una herramienta de consulta para el empresariado, investigadores, as\u00ed como para el p\u00fablico en general. Contiene a las empresas que ejercen una actividad econ\u00f3mica y contribuyen al PBI Manufacturero.<\/p>\n<p style=\"text-align: justify;\"><br><\/p>\n<p><\/p>\n<p style=\"text-align: justify;\">La informaci\u00f3n que se brinda son datos b\u00e1sicos como CIIU revisi\u00f3n 3, descripci\u00f3n CIIU, departamento, provincia, distrito y tama\u00f1o empresarial.<\/p><p style=\"text-align: justify;\"><br><\/p>\n<p><\/p>\n<p style=\"text-align: justify;\">Este Directorio cuenta con el soporte de actualizaci\u00f3n a partir de los registros administrativos de la Superintendencia Nacional de Administraci\u00f3n Tributaria (SUNAT) y del Ministerio de la Producci\u00f3n, as\u00ed como tambi\u00e9n de otras instituciones privadas como Peru Top Publications S.A.C. Esto permite asegurar una mejora continua en la presentaci\u00f3n de la informaci\u00f3n.<\/p>\t\t\t\t\t\t\t\t<\/div>\n\t\t\t\t<\/div>\n\t\t\t\t<div class=\"elementor-element elementor-element-37a4921 elementor-widget elementor-widget-image\" data-id=\"37a4921\" data-element_type=\"widget\" data-e-type=\"widget\" data-widget_type=\"image.default\">\n\t\t\t\t<div class=\"elementor-widget-container\">\n\t\t\t\t\t\t\t\t\t\t\t\t\t\t\t<img fetchpriority=\"high\" decoding=\"async\" width=\"645\" height=\"363\" src=\"https:\/\/www.producempresarial.pe\/wp-content\/uploads\/2024\/01\/Compras4.jpg\" class=\"attachment-large size-large wp-image-4760\" alt=\"\" srcset=\"https:\/\/www.producempresarial.pe\/wp-content\/uploads\/2024\/01\/Compras4.jpg 645w, https:\/\/www.producempresarial.pe\/wp-content\/uploads\/2024\/01\/Compras4-300x169.jpg 300w\" sizes=\"(max-width: 645px) 100vw, 645px\" \/>\t\t\t\t\t\t\t\t\t\t\t\t\t\t\t<\/div>\n\t\t\t\t<\/div>\n\t\t\t\t<div class=\"elementor-element elementor-element-803336e elementor-widget elementor-widget-text-editor\" data-id=\"803336e\" data-element_type=\"widget\" data-e-type=\"widget\" data-widget_type=\"text-editor.default\">\n\t\t\t\t<div class=\"elementor-widget-container\">\n\t\t\t\t\t\t\t\t\t<ul><li><a href=\"https:\/\/www.producempresarial.pe\/wp-content\/uploads\/2024\/01\/2022-Empresas-de-Manufactura_REV.xlsx\" target=\"_blank\" rel=\"noopener\">Directorio de Empresas de Manufactura<\/a><\/li><\/ul>\t\t\t\t\t\t\t\t<\/div>\n\t\t\t\t<\/div>\n\t\t\t\t\t<\/div>\n\t\t\t\t<\/div>\n\t\t\t\t<\/div>\n\t\t\t\t<\/div>\n\t\t\t\t<\/div>","protected":false},"excerpt":{"rendered":"<p>Encuestas Nacionales Inicio &gt; Manufactura &gt; Encuestas Nacionales &gt; Directorio de Empresas Manufactureras Directorio de Empresas Manufactureras El Directorio de empresas del sector manufactura es la una herramienta de consulta para el empresariado, investigadores, as\u00ed como para el p\u00fablico en general. Contiene a las empresas que ejercen una actividad econ\u00f3mica y contribuyen al PBI Manufacturero. &#8230; <a title=\"Encuestas-Directorio\" class=\"read-more\" href=\"https:\/\/www.producempresarial.pe\/en\/encuestas-directorio\/\" aria-label=\"Read more about Encuestas-Directorio\">Read more<\/a><\/p>","protected":false},"author":1,"featured_media":0,"parent":0,"menu_order":0,"comment_status":"closed","ping_status":"closed","template":"elementor_header_footer","meta":{"_acf_changed":false,"footnotes":""},"class_list":["post-6642","page","type-page","status-publish"],"acf":[],"yoast_head":"<!-- This site is optimized with the Yoast SEO plugin v27.1.1 - https:\/\/yoast.com\/product\/yoast-seo-wordpress\/ -->\n<title>Encuestas-Directorio - Observatorio PRODUCEmpresarial<\/title>\n<meta name=\"robots\" content=\"index, follow, max-snippet:-1, max-image-preview:large, max-video-preview:-1\" \/>\n<link rel=\"canonical\" href=\"https:\/\/www.producempresarial.pe\/en\/encuestas-directorio\/\" \/>\n<meta property=\"og:locale\" content=\"en_US\" \/>\n<meta property=\"og:type\" content=\"article\" \/>\n<meta property=\"og:title\" content=\"Encuestas-Directorio - Observatorio PRODUCEmpresarial\" \/>\n<meta property=\"og:description\" content=\"Encuestas Nacionales Inicio &gt; Manufactura &gt; Encuestas Nacionales &gt; Directorio de Empresas Manufactureras Directorio de Empresas Manufactureras El Directorio de empresas del sector manufactura es la una herramienta de consulta para el empresariado, investigadores, as\u00ed como para el p\u00fablico en general. Contiene a las empresas que ejercen una actividad econ\u00f3mica y contribuyen al PBI Manufacturero. ... Read more\" \/>\n<meta property=\"og:url\" content=\"https:\/\/www.producempresarial.pe\/en\/encuestas-directorio\/\" \/>\n<meta property=\"og:site_name\" content=\"Observatorio PRODUCEmpresarial\" \/>\n<meta property=\"article:modified_time\" content=\"2024-06-26T20:05:14+00:00\" \/>\n<meta property=\"og:image\" content=\"https:\/\/www.producempresarial.pe\/wp-content\/uploads\/2024\/01\/Compras4.jpg\" \/>\n<meta name=\"twitter:card\" content=\"summary_large_image\" \/>\n<meta name=\"twitter:label1\" content=\"Est. reading time\" \/>\n\t<meta name=\"twitter:data1\" content=\"1 minute\" \/>\n<script type=\"application\/ld+json\" class=\"yoast-schema-graph\">{\"@context\":\"https:\/\/schema.org\",\"@graph\":[{\"@type\":\"WebPage\",\"@id\":\"https:\/\/www.producempresarial.pe\/encuestas-directorio\/\",\"url\":\"https:\/\/www.producempresarial.pe\/encuestas-directorio\/\",\"name\":\"Encuestas-Directorio - Observatorio PRODUCEmpresarial\",\"isPartOf\":{\"@id\":\"https:\/\/www.producempresarial.pe\/#website\"},\"primaryImageOfPage\":{\"@id\":\"https:\/\/www.producempresarial.pe\/encuestas-directorio\/#primaryimage\"},\"image\":{\"@id\":\"https:\/\/www.producempresarial.pe\/encuestas-directorio\/#primaryimage\"},\"thumbnailUrl\":\"https:\/\/www.producempresarial.pe\/wp-content\/uploads\/2024\/01\/Compras4.jpg\",\"datePublished\":\"2024-01-24T18:11:58+00:00\",\"dateModified\":\"2024-06-26T20:05:14+00:00\",\"breadcrumb\":{\"@id\":\"https:\/\/www.producempresarial.pe\/encuestas-directorio\/#breadcrumb\"},\"inLanguage\":\"en-US\",\"potentialAction\":[{\"@type\":\"ReadAction\",\"target\":[\"https:\/\/www.producempresarial.pe\/encuestas-directorio\/\"]}]},{\"@type\":\"ImageObject\",\"inLanguage\":\"en-US\",\"@id\":\"https:\/\/www.producempresarial.pe\/encuestas-directorio\/#primaryimage\",\"url\":\"https:\/\/www.producempresarial.pe\/wp-content\/uploads\/2024\/01\/Compras4.jpg\",\"contentUrl\":\"https:\/\/www.producempresarial.pe\/wp-content\/uploads\/2024\/01\/Compras4.jpg\"},{\"@type\":\"BreadcrumbList\",\"@id\":\"https:\/\/www.producempresarial.pe\/encuestas-directorio\/#breadcrumb\",\"itemListElement\":[{\"@type\":\"ListItem\",\"position\":1,\"name\":\"Home\",\"item\":\"https:\/\/www.producempresarial.pe\/\"},{\"@type\":\"ListItem\",\"position\":2,\"name\":\"Encuestas-Directorio\"}]},{\"@type\":\"WebSite\",\"@id\":\"https:\/\/www.producempresarial.pe\/#website\",\"url\":\"https:\/\/www.producempresarial.pe\/\",\"name\":\"Observatorio PRODUCEmpresarial\",\"description\":\"Herramienta estrat\u00e9gica que integra y genera peri\u00f3dicamente evidencia y an\u00e1lisis sobre el desempe\u00f1o productivo del sector empresarial, as\u00ed como contribuye en la difusi\u00f3n de informaci\u00f3n y documentos t\u00e9cnicos anal\u00edticos y especializados sobre el desempe\u00f1o de las empresas en el Per\u00fa.\",\"publisher\":{\"@id\":\"https:\/\/www.producempresarial.pe\/#organization\"},\"potentialAction\":[{\"@type\":\"SearchAction\",\"target\":{\"@type\":\"EntryPoint\",\"urlTemplate\":\"https:\/\/www.producempresarial.pe\/?s={search_term_string}\"},\"query-input\":{\"@type\":\"PropertyValueSpecification\",\"valueRequired\":true,\"valueName\":\"search_term_string\"}}],\"inLanguage\":\"en-US\"},{\"@type\":\"Organization\",\"@id\":\"https:\/\/www.producempresarial.pe\/#organization\",\"name\":\"PRDOUCE\",\"url\":\"https:\/\/www.producempresarial.pe\/\",\"logo\":{\"@type\":\"ImageObject\",\"inLanguage\":\"en-US\",\"@id\":\"https:\/\/www.producempresarial.pe\/#\/schema\/logo\/image\/\",\"url\":\"https:\/\/www.producempresarial.pe\/wp-content\/uploads\/2024\/02\/image-logo-share.png\",\"contentUrl\":\"https:\/\/www.producempresarial.pe\/wp-content\/uploads\/2024\/02\/image-logo-share.png\",\"width\":1200,\"height\":628,\"caption\":\"PRDOUCE\"},\"image\":{\"@id\":\"https:\/\/www.producempresarial.pe\/#\/schema\/logo\/image\/\"}}]}<\/script>\n<!-- \/ Yoast SEO plugin. -->","yoast_head_json":{"title":"Encuestas-Directorio - Observatorio PRODUCEmpresarial","robots":{"index":"index","follow":"follow","max-snippet":"max-snippet:-1","max-image-preview":"max-image-preview:large","max-video-preview":"max-video-preview:-1"},"canonical":"https:\/\/www.producempresarial.pe\/en\/encuestas-directorio\/","og_locale":"en_US","og_type":"article","og_title":"Encuestas-Directorio - Observatorio PRODUCEmpresarial","og_description":"Encuestas Nacionales Inicio &gt; Manufactura &gt; Encuestas Nacionales &gt; Directorio de Empresas Manufactureras Directorio de Empresas Manufactureras El Directorio de empresas del sector manufactura es la una herramienta de consulta para el empresariado, investigadores, as\u00ed como para el p\u00fablico en general. Contiene a las empresas que ejercen una actividad econ\u00f3mica y contribuyen al PBI Manufacturero. ... Read more","og_url":"https:\/\/www.producempresarial.pe\/en\/encuestas-directorio\/","og_site_name":"Observatorio PRODUCEmpresarial","article_modified_time":"2024-06-26T20:05:14+00:00","og_image":[{"url":"https:\/\/www.producempresarial.pe\/wp-content\/uploads\/2024\/01\/Compras4.jpg","type":"","width":"","height":""}],"twitter_card":"summary_large_image","twitter_misc":{"Est. reading time":"1 minute"},"schema":{"@context":"https:\/\/schema.org","@graph":[{"@type":"WebPage","@id":"https:\/\/www.producempresarial.pe\/encuestas-directorio\/","url":"https:\/\/www.producempresarial.pe\/encuestas-directorio\/","name":"Encuestas-Directorio - Observatorio PRODUCEmpresarial","isPartOf":{"@id":"https:\/\/www.producempresarial.pe\/#website"},"primaryImageOfPage":{"@id":"https:\/\/www.producempresarial.pe\/encuestas-directorio\/#primaryimage"},"image":{"@id":"https:\/\/www.producempresarial.pe\/encuestas-directorio\/#primaryimage"},"thumbnailUrl":"https:\/\/www.producempresarial.pe\/wp-content\/uploads\/2024\/01\/Compras4.jpg","datePublished":"2024-01-24T18:11:58+00:00","dateModified":"2024-06-26T20:05:14+00:00","breadcrumb":{"@id":"https:\/\/www.producempresarial.pe\/encuestas-directorio\/#breadcrumb"},"inLanguage":"en-US","potentialAction":[{"@type":"ReadAction","target":["https:\/\/www.producempresarial.pe\/encuestas-directorio\/"]}]},{"@type":"ImageObject","inLanguage":"en-US","@id":"https:\/\/www.producempresarial.pe\/encuestas-directorio\/#primaryimage","url":"https:\/\/www.producempresarial.pe\/wp-content\/uploads\/2024\/01\/Compras4.jpg","contentUrl":"https:\/\/www.producempresarial.pe\/wp-content\/uploads\/2024\/01\/Compras4.jpg"},{"@type":"BreadcrumbList","@id":"https:\/\/www.producempresarial.pe\/encuestas-directorio\/#breadcrumb","itemListElement":[{"@type":"ListItem","position":1,"name":"Home","item":"https:\/\/www.producempresarial.pe\/"},{"@type":"ListItem","position":2,"name":"Encuestas-Directorio"}]},{"@type":"WebSite","@id":"https:\/\/www.producempresarial.pe\/#website","url":"https:\/\/www.producempresarial.pe\/","name":"PRODUCEmpresarial Observatory","description":"Herramienta estrat\u00e9gica que integra y genera peri\u00f3dicamente evidencia y an\u00e1lisis sobre el desempe\u00f1o productivo del sector empresarial, as\u00ed como contribuye en la difusi\u00f3n de informaci\u00f3n y documentos t\u00e9cnicos anal\u00edticos y especializados sobre el desempe\u00f1o de las empresas en el Per\u00fa.","publisher":{"@id":"https:\/\/www.producempresarial.pe\/#organization"},"potentialAction":[{"@type":"SearchAction","target":{"@type":"EntryPoint","urlTemplate":"https:\/\/www.producempresarial.pe\/?s={search_term_string}"},"query-input":{"@type":"PropertyValueSpecification","valueRequired":true,"valueName":"search_term_string"}}],"inLanguage":"en-US"},{"@type":"Organization","@id":"https:\/\/www.producempresarial.pe\/#organization","name":"PRDOUCE","url":"https:\/\/www.producempresarial.pe\/","logo":{"@type":"ImageObject","inLanguage":"en-US","@id":"https:\/\/www.producempresarial.pe\/#\/schema\/logo\/image\/","url":"https:\/\/www.producempresarial.pe\/wp-content\/uploads\/2024\/02\/image-logo-share.png","contentUrl":"https:\/\/www.producempresarial.pe\/wp-content\/uploads\/2024\/02\/image-logo-share.png","width":1200,"height":628,"caption":"PRDOUCE"},"image":{"@id":"https:\/\/www.producempresarial.pe\/#\/schema\/logo\/image\/"}}]}},"_links":{"self":[{"href":"https:\/\/www.producempresarial.pe\/en\/wp-json\/wp\/v2\/pages\/6642","targetHints":{"allow":["GET"]}}],"collection":[{"href":"https:\/\/www.producempresarial.pe\/en\/wp-json\/wp\/v2\/pages"}],"about":[{"href":"https:\/\/www.producempresarial.pe\/en\/wp-json\/wp\/v2\/types\/page"}],"author":[{"embeddable":true,"href":"https:\/\/www.producempresarial.pe\/en\/wp-json\/wp\/v2\/users\/1"}],"replies":[{"embeddable":true,"href":"https:\/\/www.producempresarial.pe\/en\/wp-json\/wp\/v2\/comments?post=6642"}],"version-history":[{"count":43,"href":"https:\/\/www.producempresarial.pe\/en\/wp-json\/wp\/v2\/pages\/6642\/revisions"}],"predecessor-version":[{"id":17631,"href":"https:\/\/www.producempresarial.pe\/en\/wp-json\/wp\/v2\/pages\/6642\/revisions\/17631"}],"wp:attachment":[{"href":"https:\/\/www.producempresarial.pe\/en\/wp-json\/wp\/v2\/media?parent=6642"}],"curies":[{"name":"wp","href":"https:\/\/api.w.org\/{rel}","templated":true}]}}