{"id":6856,"date":"2024-01-25T07:53:05","date_gmt":"2024-01-25T12:53:05","guid":{"rendered":"https:\/\/www.producempresarial.pe\/?page_id=6856"},"modified":"2025-01-22T18:54:52","modified_gmt":"2025-01-22T23:54:52","slug":"artesanal-tablero","status":"publish","type":"page","link":"https:\/\/www.producempresarial.pe\/en\/artesanal-tablero\/","title":{"rendered":"Artesanal-Tablero"},"content":{"rendered":"<div data-elementor-type=\"wp-page\" data-elementor-id=\"6856\" class=\"elementor elementor-6856\" data-elementor-post-type=\"page\">\n\t\t\t\t<div class=\"elementor-element elementor-element-5c9aaa2 e-grid e-con-full e-con e-child\" data-id=\"5c9aaa2\" data-element_type=\"container\" data-e-type=\"container\" data-settings=\"{&quot;background_background&quot;:&quot;classic&quot;}\">\n\t\t<div class=\"elementor-element elementor-element-4167220 e-grid e-con-full e-con e-child\" data-id=\"4167220\" data-element_type=\"container\" data-e-type=\"container\">\n\t\t\t\t<div class=\"elementor-element elementor-element-3da4904 elementor-widget elementor-widget-heading\" data-id=\"3da4904\" data-element_type=\"widget\" data-e-type=\"widget\" data-widget_type=\"heading.default\">\n\t\t\t\t<div class=\"elementor-widget-container\">\n\t\t\t\t\t<h2 class=\"elementor-heading-title elementor-size-default\">Artisanal fishing<\/h2>\t\t\t\t<\/div>\n\t\t\t\t<\/div>\n\t\t\t\t<\/div>\n\t\t\t\t<\/div>\n\t\t<div class=\"elementor-element elementor-element-f9a990d e-con-full e-flex e-con e-parent\" data-id=\"f9a990d\" data-element_type=\"container\" data-e-type=\"container\">\n\t\t\t\t<div class=\"elementor-element elementor-element-dedd725 elementor-widget elementor-widget-html\" data-id=\"dedd725\" data-element_type=\"widget\" data-e-type=\"widget\" data-widget_type=\"html.default\">\n\t\t\t\t<div class=\"elementor-widget-container\">\n\t\t\t\t\t<div id='migas_de_pan' class='d-flex'>\n        <div id='div_opcion_inicio'>Home<\/div> \n        <div class='sep_opciones'>&gt;<\/div>\n        <div id='div_opcion_inicio'>Fishing and Aquaculture<\/div> \n        <div class='sep_opciones'>&gt;<\/div>\n        <div id='div_opcion_submenu_principal'>Artisanal fishing<\/div>\n        <div class='sep_opciones'>&gt;<\/div>\n        <div id='div_opcion_submenu_principal2'>Fishing Date Board<\/div>\n\t<\/div>\t\t\t\t<\/div>\n\t\t\t\t<\/div>\n\t\t\t\t<\/div>\n\t\t<div class=\"elementor-element elementor-element-4a60451 e-con-full contenedorAdministrable e-flex e-con e-parent\" data-id=\"4a60451\" data-element_type=\"container\" data-e-type=\"container\">\n\t\t<div class=\"elementor-element elementor-element-8367d28 e-con-full bloque1Administrable e-flex e-con e-child\" data-id=\"8367d28\" data-element_type=\"container\" data-e-type=\"container\">\n\t\t\t\t<div class=\"elementor-element elementor-element-c9f12a4 elementor-widget elementor-widget-shortcode\" data-id=\"c9f12a4\" data-element_type=\"widget\" data-e-type=\"widget\" data-widget_type=\"shortcode.default\">\n\t\t\t\t<div class=\"elementor-widget-container\">\n\t\t\t\t\t\t\t<div class=\"elementor-shortcode\">\n        <input type='hidden' name='opcionMenu' id='opcionMenu' value='pescaacuicultura'>\n        <input type='hidden' name='urlWeb' id='urlWeb' value='https:\/\/www.producempresarial.pe\/'>\n        <input type='hidden' name='slugWeb' id='slugWeb' value='wp-json\/wp\/v2\/pages\/6856'>\n        <div class='row g-2' id='divContainerPublicaciones'>\n            <div class='col-12' id='menuGeneral'>\n                <div class='card menuCard'>\n                    <div id='divmenuGeneral' class='card-body'>\n                        <div id='divMenuGeneral' class='container-fluid'>\n                            <nav id='navMenuGeneral'>\n                                <ul>\n                                    <li>\n                                        <a class='tipoPublicacion' onclick = 'event.preventDefault();' href='#'>\n                                            <p class='card-text text-center mb-3  classNombreCategoria'>Fishing Date Board<\/p>\n                                            <input type='hidden' class='slug' value='artesanal-tablero'>\n                                        <\/a>\n                                    <\/li>\n                                                    <li>\n                                                        <a class='tipoPublicacion' onclick = 'event.preventDefault();' href='#'>\n                                                            <p class='card-text text-center mb-3  classNombreCategoria'>Current Reports<\/p>\n                                                            <input type='hidden' class='slug' value='artesanal-reportes'>\n                                                        <\/a>\n                                                    <\/li>\n                                                \n                                                    <li>\n                                                        <a class='tipoPublicacion' onclick = 'event.preventDefault();' href='#'>\n                                                            <p class='card-text text-center mb-3  classNombreCategoria'>Studies<\/p>\n                                                            <input type='hidden' class='slug' value='artesanal-estudios'>\n                                                        <\/a>\n                                                    <\/li>\n                                                \n                                                    <li>\n                                                        <a class='tipoPublicacion' onclick = 'event.preventDefault();' href='#'>\n                                                            <p class='card-text text-center mb-3  classNombreCategoria'>Bulletins<\/p>\n                                                            <input type='hidden' class='slug' value='artesanal-boletines'>\n                                                        <\/a>\n                                                    <\/li>\n                                                \n                                                    <li>\n                                                        <a class='tipoPublicacion' onclick = 'event.preventDefault();' href='#'>\n                                                            <p class='card-text text-center mb-3  classNombreCategoria'>Database<\/p>\n                                                            <input type='hidden' class='slug' value='artesanal-base'>\n                                                        <\/a>\n                                                    <\/li>\n                                                <\/ul>\n                            <\/nav>\n                        <\/div>\n                    <\/div>\n                <\/div>\n            <\/div>\n        <\/div>\n    \n    <\/div>\n\t\t\t\t\t\t<\/div>\n\t\t\t\t<\/div>\n\t\t\t\t<\/div>\n\t\t<div class=\"elementor-element elementor-element-b388a52 e-con-full bloque2Administrable e-flex e-con e-child\" data-id=\"b388a52\" data-element_type=\"container\" data-e-type=\"container\">\n\t\t\t\t<div class=\"elementor-element elementor-element-7bf9e8b elementor-widget elementor-widget-html\" data-id=\"7bf9e8b\" data-element_type=\"widget\" data-e-type=\"widget\" data-widget_type=\"html.default\">\n\t\t\t\t<div class=\"elementor-widget-container\">\n\t\t\t\t\t<iframe  id='cuerpoPrincipal' src='https:\/\/app.powerbi.com\/view?r=eyJrIjoiNjg0MmI0Y2ItZGE3Mi00NGRjLThkYjgtOTNlY2M0MzNkMmZhIiwidCI6ImMzNGNjOGM2LTJiMjctNDA0Mi1hMGE2LWI3OWZiMmM0NDE4NyIsImMiOjR9' frameborder='0' allowfullscreen style='height: 100vh'><\/iframe>\t\t\t\t<\/div>\n\t\t\t\t<\/div>\n\t\t\t\t<\/div>\n\t\t\t\t<\/div>\n\t\t\t\t<\/div>","protected":false},"excerpt":{"rendered":"<p>Pesca Artesanal Inicio &gt; Pesca y Acuicultura &gt; Pesca Artesanal &gt; Tablero Datero Pesquero<\/p>","protected":false},"author":1,"featured_media":0,"parent":0,"menu_order":0,"comment_status":"closed","ping_status":"closed","template":"elementor_header_footer","meta":{"_acf_changed":false,"footnotes":""},"class_list":["post-6856","page","type-page","status-publish"],"acf":[],"yoast_head":"<!-- This site is optimized with the Yoast SEO plugin v27.1.1 - https:\/\/yoast.com\/product\/yoast-seo-wordpress\/ -->\n<title>Datero Pesquero - Observatorio PRODUCEmpresarial<\/title>\n<meta name=\"description\" content=\"\ud83c\udf0a \u00a1La frescura del mar, al alcance de tu mano! \ud83d\udc1f Visita el enlace y revisa nuestro datero pesquero con data actualizada en tiempo real sobre los precios\ud83e\udef0\ud83c\udffd de los mejores recursos marinos\ud83c\udf0a\ud83c\udf1e. Desde pescados\ud83e\udd88 hasta mariscos\ud83e\udd9e\ud83e\udd90, te ofrecemos precios directamente del mar a tu mesa. \u00a1No pierdas la oportunidad de llevar lo m\u00e1s fresco a tu negocio o a tu hogar!\ud83d\udcaf #SomosPRODUCEmpresarial\" \/>\n<meta name=\"robots\" content=\"index, follow, max-snippet:-1, max-image-preview:large, max-video-preview:-1\" \/>\n<link rel=\"canonical\" href=\"https:\/\/www.producempresarial.pe\/en\/artesanal-tablero\/\" \/>\n<meta property=\"og:locale\" content=\"en_US\" \/>\n<meta property=\"og:type\" content=\"article\" \/>\n<meta property=\"og:title\" content=\"Datero Pesquero - Observatorio PRODUCEmpresarial\" \/>\n<meta property=\"og:description\" content=\"\ud83c\udf0a \u00a1La frescura del mar, al alcance de tu mano! \ud83d\udc1f Visita el enlace y revisa nuestro datero pesquero con data actualizada en tiempo real sobre los precios\ud83e\udef0\ud83c\udffd de los mejores recursos marinos\ud83c\udf0a\ud83c\udf1e. Desde pescados\ud83e\udd88 hasta mariscos\ud83e\udd9e\ud83e\udd90, te ofrecemos precios directamente del mar a tu mesa. \u00a1No pierdas la oportunidad de llevar lo m\u00e1s fresco a tu negocio o a tu hogar!\ud83d\udcaf #SomosPRODUCEmpresarial\" \/>\n<meta property=\"og:url\" content=\"https:\/\/www.producempresarial.pe\/en\/artesanal-tablero\/\" \/>\n<meta property=\"og:site_name\" content=\"Observatorio PRODUCEmpresarial\" \/>\n<meta property=\"article:modified_time\" content=\"2025-01-22T23:54:52+00:00\" \/>\n<meta property=\"og:image\" content=\"https:\/\/www.producempresarial.pe\/wp-content\/uploads\/2024\/02\/image-logo-share.png\" \/>\n\t<meta property=\"og:image:width\" content=\"1200\" \/>\n\t<meta property=\"og:image:height\" content=\"628\" \/>\n\t<meta property=\"og:image:type\" content=\"image\/png\" \/>\n<meta name=\"twitter:card\" content=\"summary_large_image\" \/>\n<meta name=\"twitter:label1\" content=\"Est. reading time\" \/>\n\t<meta name=\"twitter:data1\" content=\"1 minute\" \/>\n<script type=\"application\/ld+json\" class=\"yoast-schema-graph\">{\"@context\":\"https:\/\/schema.org\",\"@graph\":[{\"@type\":\"WebPage\",\"@id\":\"https:\/\/www.producempresarial.pe\/artesanal-tablero\/\",\"url\":\"https:\/\/www.producempresarial.pe\/artesanal-tablero\/\",\"name\":\"Datero Pesquero - Observatorio PRODUCEmpresarial\",\"isPartOf\":{\"@id\":\"https:\/\/www.producempresarial.pe\/#website\"},\"datePublished\":\"2024-01-25T12:53:05+00:00\",\"dateModified\":\"2025-01-22T23:54:52+00:00\",\"description\":\"\ud83c\udf0a \u00a1La frescura del mar, al alcance de tu mano! \ud83d\udc1f Visita el enlace y revisa nuestro datero pesquero con data actualizada en tiempo real sobre los precios\ud83e\udef0\ud83c\udffd de los mejores recursos marinos\ud83c\udf0a\ud83c\udf1e. Desde pescados\ud83e\udd88 hasta mariscos\ud83e\udd9e\ud83e\udd90, te ofrecemos precios directamente del mar a tu mesa. \u00a1No pierdas la oportunidad de llevar lo m\u00e1s fresco a tu negocio o a tu hogar!\ud83d\udcaf #SomosPRODUCEmpresarial\",\"breadcrumb\":{\"@id\":\"https:\/\/www.producempresarial.pe\/artesanal-tablero\/#breadcrumb\"},\"inLanguage\":\"en-US\",\"potentialAction\":[{\"@type\":\"ReadAction\",\"target\":[\"https:\/\/www.producempresarial.pe\/artesanal-tablero\/\"]}]},{\"@type\":\"BreadcrumbList\",\"@id\":\"https:\/\/www.producempresarial.pe\/artesanal-tablero\/#breadcrumb\",\"itemListElement\":[{\"@type\":\"ListItem\",\"position\":1,\"name\":\"Home\",\"item\":\"https:\/\/www.producempresarial.pe\/\"},{\"@type\":\"ListItem\",\"position\":2,\"name\":\"Artesanal-Tablero\"}]},{\"@type\":\"WebSite\",\"@id\":\"https:\/\/www.producempresarial.pe\/#website\",\"url\":\"https:\/\/www.producempresarial.pe\/\",\"name\":\"Observatorio PRODUCEmpresarial\",\"description\":\"Herramienta estrat\u00e9gica que integra y genera peri\u00f3dicamente evidencia y an\u00e1lisis sobre el desempe\u00f1o productivo del sector empresarial, as\u00ed como contribuye en la difusi\u00f3n de informaci\u00f3n y documentos t\u00e9cnicos anal\u00edticos y especializados sobre el desempe\u00f1o de las empresas en el Per\u00fa.\",\"publisher\":{\"@id\":\"https:\/\/www.producempresarial.pe\/#organization\"},\"potentialAction\":[{\"@type\":\"SearchAction\",\"target\":{\"@type\":\"EntryPoint\",\"urlTemplate\":\"https:\/\/www.producempresarial.pe\/?s={search_term_string}\"},\"query-input\":{\"@type\":\"PropertyValueSpecification\",\"valueRequired\":true,\"valueName\":\"search_term_string\"}}],\"inLanguage\":\"en-US\"},{\"@type\":\"Organization\",\"@id\":\"https:\/\/www.producempresarial.pe\/#organization\",\"name\":\"PRDOUCE\",\"url\":\"https:\/\/www.producempresarial.pe\/\",\"logo\":{\"@type\":\"ImageObject\",\"inLanguage\":\"en-US\",\"@id\":\"https:\/\/www.producempresarial.pe\/#\/schema\/logo\/image\/\",\"url\":\"https:\/\/www.producempresarial.pe\/wp-content\/uploads\/2024\/02\/image-logo-share.png\",\"contentUrl\":\"https:\/\/www.producempresarial.pe\/wp-content\/uploads\/2024\/02\/image-logo-share.png\",\"width\":1200,\"height\":628,\"caption\":\"PRDOUCE\"},\"image\":{\"@id\":\"https:\/\/www.producempresarial.pe\/#\/schema\/logo\/image\/\"}}]}<\/script>\n<!-- \/ Yoast SEO plugin. -->","yoast_head_json":{"title":"Datero Pesquero - Observatorio PRODUCEmpresarial","description":"\ud83c\udf0a \u00a1La frescura del mar, al alcance de tu mano! \ud83d\udc1f Visita el enlace y revisa nuestro datero pesquero con data actualizada en tiempo real sobre los precios\ud83e\udef0\ud83c\udffd de los mejores recursos marinos\ud83c\udf0a\ud83c\udf1e. Desde pescados\ud83e\udd88 hasta mariscos\ud83e\udd9e\ud83e\udd90, te ofrecemos precios directamente del mar a tu mesa. \u00a1No pierdas la oportunidad de llevar lo m\u00e1s fresco a tu negocio o a tu hogar!\ud83d\udcaf #SomosPRODUCEmpresarial","robots":{"index":"index","follow":"follow","max-snippet":"max-snippet:-1","max-image-preview":"max-image-preview:large","max-video-preview":"max-video-preview:-1"},"canonical":"https:\/\/www.producempresarial.pe\/en\/artesanal-tablero\/","og_locale":"en_US","og_type":"article","og_title":"Datero Pesquero - Observatorio PRODUCEmpresarial","og_description":"\ud83c\udf0a \u00a1La frescura del mar, al alcance de tu mano! \ud83d\udc1f Visita el enlace y revisa nuestro datero pesquero con data actualizada en tiempo real sobre los precios\ud83e\udef0\ud83c\udffd de los mejores recursos marinos\ud83c\udf0a\ud83c\udf1e. Desde pescados\ud83e\udd88 hasta mariscos\ud83e\udd9e\ud83e\udd90, te ofrecemos precios directamente del mar a tu mesa. \u00a1No pierdas la oportunidad de llevar lo m\u00e1s fresco a tu negocio o a tu hogar!\ud83d\udcaf #SomosPRODUCEmpresarial","og_url":"https:\/\/www.producempresarial.pe\/en\/artesanal-tablero\/","og_site_name":"Observatorio PRODUCEmpresarial","article_modified_time":"2025-01-22T23:54:52+00:00","og_image":[{"width":1200,"height":628,"url":"https:\/\/www.producempresarial.pe\/wp-content\/uploads\/2024\/02\/image-logo-share.png","type":"image\/png"}],"twitter_card":"summary_large_image","twitter_misc":{"Est. reading time":"1 minute"},"schema":{"@context":"https:\/\/schema.org","@graph":[{"@type":"WebPage","@id":"https:\/\/www.producempresarial.pe\/artesanal-tablero\/","url":"https:\/\/www.producempresarial.pe\/artesanal-tablero\/","name":"Datero Pesquero - Observatorio PRODUCEmpresarial","isPartOf":{"@id":"https:\/\/www.producempresarial.pe\/#website"},"datePublished":"2024-01-25T12:53:05+00:00","dateModified":"2025-01-22T23:54:52+00:00","description":"\ud83c\udf0a \u00a1La frescura del mar, al alcance de tu mano! \ud83d\udc1f Visita el enlace y revisa nuestro datero pesquero con data actualizada en tiempo real sobre los precios\ud83e\udef0\ud83c\udffd de los mejores recursos marinos\ud83c\udf0a\ud83c\udf1e. Desde pescados\ud83e\udd88 hasta mariscos\ud83e\udd9e\ud83e\udd90, te ofrecemos precios directamente del mar a tu mesa. \u00a1No pierdas la oportunidad de llevar lo m\u00e1s fresco a tu negocio o a tu hogar!\ud83d\udcaf #SomosPRODUCEmpresarial","breadcrumb":{"@id":"https:\/\/www.producempresarial.pe\/artesanal-tablero\/#breadcrumb"},"inLanguage":"en-US","potentialAction":[{"@type":"ReadAction","target":["https:\/\/www.producempresarial.pe\/artesanal-tablero\/"]}]},{"@type":"BreadcrumbList","@id":"https:\/\/www.producempresarial.pe\/artesanal-tablero\/#breadcrumb","itemListElement":[{"@type":"ListItem","position":1,"name":"Home","item":"https:\/\/www.producempresarial.pe\/"},{"@type":"ListItem","position":2,"name":"Artesanal-Tablero"}]},{"@type":"WebSite","@id":"https:\/\/www.producempresarial.pe\/#website","url":"https:\/\/www.producempresarial.pe\/","name":"Observatorio PRODUCEmpresarial","description":"Herramienta estrat\u00e9gica que integra y genera peri\u00f3dicamente evidencia y an\u00e1lisis sobre el desempe\u00f1o productivo del sector empresarial, as\u00ed como contribuye en la difusi\u00f3n de informaci\u00f3n y documentos t\u00e9cnicos anal\u00edticos y especializados sobre el desempe\u00f1o de las empresas en el Per\u00fa.","publisher":{"@id":"https:\/\/www.producempresarial.pe\/#organization"},"potentialAction":[{"@type":"SearchAction","target":{"@type":"EntryPoint","urlTemplate":"https:\/\/www.producempresarial.pe\/?s={search_term_string}"},"query-input":{"@type":"PropertyValueSpecification","valueRequired":true,"valueName":"search_term_string"}}],"inLanguage":"en-US"},{"@type":"Organization","@id":"https:\/\/www.producempresarial.pe\/#organization","name":"PRDOUCE","url":"https:\/\/www.producempresarial.pe\/","logo":{"@type":"ImageObject","inLanguage":"en-US","@id":"https:\/\/www.producempresarial.pe\/#\/schema\/logo\/image\/","url":"https:\/\/www.producempresarial.pe\/wp-content\/uploads\/2024\/02\/image-logo-share.png","contentUrl":"https:\/\/www.producempresarial.pe\/wp-content\/uploads\/2024\/02\/image-logo-share.png","width":1200,"height":628,"caption":"PRDOUCE"},"image":{"@id":"https:\/\/www.producempresarial.pe\/#\/schema\/logo\/image\/"}}]}},"_links":{"self":[{"href":"https:\/\/www.producempresarial.pe\/en\/wp-json\/wp\/v2\/pages\/6856","targetHints":{"allow":["GET"]}}],"collection":[{"href":"https:\/\/www.producempresarial.pe\/en\/wp-json\/wp\/v2\/pages"}],"about":[{"href":"https:\/\/www.producempresarial.pe\/en\/wp-json\/wp\/v2\/types\/page"}],"author":[{"embeddable":true,"href":"https:\/\/www.producempresarial.pe\/en\/wp-json\/wp\/v2\/users\/1"}],"replies":[{"embeddable":true,"href":"https:\/\/www.producempresarial.pe\/en\/wp-json\/wp\/v2\/comments?post=6856"}],"version-history":[{"count":52,"href":"https:\/\/www.producempresarial.pe\/en\/wp-json\/wp\/v2\/pages\/6856\/revisions"}],"predecessor-version":[{"id":17460,"href":"https:\/\/www.producempresarial.pe\/en\/wp-json\/wp\/v2\/pages\/6856\/revisions\/17460"}],"wp:attachment":[{"href":"https:\/\/www.producempresarial.pe\/en\/wp-json\/wp\/v2\/media?parent=6856"}],"curies":[{"name":"wp","href":"https:\/\/api.w.org\/{rel}","templated":true}]}}