{"id":6934,"date":"2024-01-25T10:50:21","date_gmt":"2024-01-25T15:50:21","guid":{"rendered":"https:\/\/www.producempresarial.pe\/?page_id=6934"},"modified":"2024-06-26T14:48:58","modified_gmt":"2024-06-26T19:48:58","slug":"comercio-interno-tablero","status":"publish","type":"page","link":"https:\/\/www.producempresarial.pe\/en\/comercio-interno-tablero\/","title":{"rendered":"Comercio-Interno-Tablero"},"content":{"rendered":"<div data-elementor-type=\"wp-page\" data-elementor-id=\"6934\" class=\"elementor elementor-6934\" data-elementor-post-type=\"page\">\n\t\t\t\t<div class=\"elementor-element elementor-element-234905e e-grid e-con-full e-con e-child\" data-id=\"234905e\" data-element_type=\"container\" data-e-type=\"container\" data-settings=\"{&quot;background_background&quot;:&quot;classic&quot;}\">\n\t\t<div class=\"elementor-element elementor-element-a03756e e-grid e-con-full e-con e-child\" data-id=\"a03756e\" data-element_type=\"container\" data-e-type=\"container\">\n\t\t\t\t<div class=\"elementor-element elementor-element-7b2b25f elementor-widget elementor-widget-heading\" data-id=\"7b2b25f\" data-element_type=\"widget\" data-e-type=\"widget\" data-widget_type=\"heading.default\">\n\t\t\t\t<div class=\"elementor-widget-container\">\n\t\t\t\t\t<h2 class=\"elementor-heading-title elementor-size-default\">Domestic Trade<\/h2>\t\t\t\t<\/div>\n\t\t\t\t<\/div>\n\t\t\t\t<\/div>\n\t\t\t\t<\/div>\n\t\t<div class=\"elementor-element elementor-element-f9a990d e-con-full e-flex e-con e-parent\" data-id=\"f9a990d\" data-element_type=\"container\" data-e-type=\"container\">\n\t\t\t\t<div class=\"elementor-element elementor-element-dedd725 elementor-widget elementor-widget-html\" data-id=\"dedd725\" data-element_type=\"widget\" data-e-type=\"widget\" data-widget_type=\"html.default\">\n\t\t\t\t<div class=\"elementor-widget-container\">\n\t\t\t\t\t<div id='migas_de_pan' class='d-flex'>\n        <div id='div_opcion_inicio'>Home<\/div> \n        <div class='sep_opciones'>&gt;<\/div>\n        <div id='div_opcion_inicio'>Trade<\/div> \n        <div class='sep_opciones'>&gt;<\/div>\n        <div id='div_opcion_submenu_principal'>Domestic Trade<\/div>\n        <div class='sep_opciones'>&gt;<\/div>\n        <div id='div_opcion_submenu_principal2'>Domestic Trade Dashboard<\/div>\n\t<\/div>\t\t\t\t<\/div>\n\t\t\t\t<\/div>\n\t\t\t\t<\/div>\n\t\t<div class=\"elementor-element elementor-element-4a60451 e-con-full contenedorAdministrable e-flex e-con e-parent\" data-id=\"4a60451\" data-element_type=\"container\" data-e-type=\"container\">\n\t\t<div class=\"elementor-element elementor-element-8367d28 e-con-full bloque1Administrable e-flex e-con e-child\" data-id=\"8367d28\" data-element_type=\"container\" data-e-type=\"container\">\n\t\t\t\t<div class=\"elementor-element elementor-element-c9f12a4 elementor-widget elementor-widget-shortcode\" data-id=\"c9f12a4\" data-element_type=\"widget\" data-e-type=\"widget\" data-widget_type=\"shortcode.default\">\n\t\t\t\t<div class=\"elementor-widget-container\">\n\t\t\t\t\t\t\t<div class=\"elementor-shortcode\">\r\n        <input type='hidden' name='opcionMenu' id='opcionMenu' value='comercio'>\r\n        <input type='hidden' name='urlWeb' id='urlWeb' value='https:\/\/www.producempresarial.pe\/'>\r\n        <input type='hidden' name='slugWeb' id='slugWeb' value='wp-json\/wp\/v2\/pages\/6934'>\r\n        <div class='row g-2' id='divContainerPublicaciones'>\r\n            <div class='col-12' id='menuGeneral'>\r\n                <div class='card menuCard'>\r\n                    <div id='divmenuGeneral' class='card-body'>\r\n                        <div id='divMenuGeneral' class='container-fluid'>\r\n                            <nav id='navMenuGeneral'>\r\n                                <ul>\r\n                                    <li>\r\n                                        <a class='tipoPublicacion' onclick = 'event.preventDefault();' href='#'>\r\n                                            <p class='card-text text-center mb-3  classNombreCategoria'>Domestic Trade Dashboard<\/p>\r\n                                            <input type='hidden' class='slug' value='comercio-interno-tablero'>\r\n                                        <\/a>\r\n                                    <\/li>\r\n                                                    <li>\r\n                                                        <a class='tipoPublicacion' onclick = 'event.preventDefault();' href='#'>\r\n                                                            <p class='card-text text-center mb-3  classNombreCategoria'>Current Reports<\/p>\r\n                                                            <input type='hidden' class='slug' value='comercio-interno-reportes'>\r\n                                                        <\/a>\r\n                                                    <\/li>\r\n                                                \r\n                                                    <li>\r\n                                                        <a class='tipoPublicacion' onclick = 'event.preventDefault();' href='#'>\r\n                                                            <p class='card-text text-center mb-3  classNombreCategoria'>Bulletins<\/p>\r\n                                                            <input type='hidden' class='slug' value='comercio-interno-boletines'>\r\n                                                        <\/a>\r\n                                                    <\/li>\r\n                                                <li>\r\n                                        <a class='tipoPublicacion' onclick = 'event.preventDefault();' href='#'>\r\n                                            <p class='card-text text-center mb-3  classNombreCategoria'>Convenience Stores<\/p>\r\n                                            <input type='hidden' class='slug' value='comercio-interno-bodegas'>\r\n                                        <\/a>\r\n                                    <\/li>\r\n                                <\/ul>\r\n                            <\/nav>\r\n                        <\/div>\r\n                    <\/div>\r\n                <\/div>\r\n            <\/div>\r\n        <\/div>\r\n    \r\n    <\/div>\n\t\t\t\t\t\t<\/div>\n\t\t\t\t<\/div>\n\t\t\t\t<\/div>\n\t\t<div class=\"elementor-element elementor-element-b388a52 e-con-full bloque2Administrable e-flex e-con e-child\" data-id=\"b388a52\" data-element_type=\"container\" data-e-type=\"container\">\n\t\t\t\t<div class=\"elementor-element elementor-element-be0a4c1 elementor-widget elementor-widget-html\" data-id=\"be0a4c1\" data-element_type=\"widget\" data-e-type=\"widget\" data-widget_type=\"html.default\">\n\t\t\t\t<div class=\"elementor-widget-container\">\n\t\t\t\t\t<iframe  id='cuerpoPrincipal' src='https:\/\/app.powerbi.com\/view?r=eyJrIjoiYWRlZWIwMTctNzBjZC00NzM3LWJkZTMtY2E3OTlmOWRhMTJmIiwidCI6ImMzNGNjOGM2LTJiMjctNDA0Mi1hMGE2LWI3OWZiMmM0NDE4NyIsImMiOjR9' frameborder='0' allowfullscreen style='height: 100vh'><\/iframe>\t\t\t\t<\/div>\n\t\t\t\t<\/div>\n\t\t\t\t<\/div>\n\t\t\t\t<\/div>\n\t\t\t\t<\/div>","protected":false},"excerpt":{"rendered":"<p>Comercio Interno Inicio &gt; Comercio &gt; Comercio Interno &gt; Tablero Comercio Interno<\/p>","protected":false},"author":1,"featured_media":0,"parent":0,"menu_order":0,"comment_status":"closed","ping_status":"closed","template":"elementor_header_footer","meta":{"_acf_changed":false,"footnotes":""},"class_list":["post-6934","page","type-page","status-publish"],"acf":[],"yoast_head":"<!-- This site is optimized with the Yoast SEO plugin v27.1.1 - https:\/\/yoast.com\/product\/yoast-seo-wordpress\/ -->\n<title>Comercio-Interno-Tablero - Observatorio PRODUCEmpresarial<\/title>\n<meta name=\"robots\" content=\"index, follow, max-snippet:-1, max-image-preview:large, max-video-preview:-1\" \/>\n<link rel=\"canonical\" href=\"https:\/\/www.producempresarial.pe\/en\/comercio-interno-tablero\/\" \/>\n<meta property=\"og:locale\" content=\"en_US\" \/>\n<meta property=\"og:type\" content=\"article\" \/>\n<meta property=\"og:title\" content=\"Comercio-Interno-Tablero - Observatorio PRODUCEmpresarial\" \/>\n<meta property=\"og:description\" content=\"Comercio Interno Inicio &gt; Comercio &gt; Comercio Interno &gt; Tablero Comercio Interno\" \/>\n<meta property=\"og:url\" content=\"https:\/\/www.producempresarial.pe\/en\/comercio-interno-tablero\/\" \/>\n<meta property=\"og:site_name\" content=\"Observatorio PRODUCEmpresarial\" \/>\n<meta property=\"article:modified_time\" content=\"2024-06-26T19:48:58+00:00\" \/>\n<meta property=\"og:image\" content=\"https:\/\/www.producempresarial.pe\/wp-content\/uploads\/2024\/02\/image-logo-share.png\" \/>\n\t<meta property=\"og:image:width\" content=\"1200\" \/>\n\t<meta property=\"og:image:height\" content=\"628\" \/>\n\t<meta property=\"og:image:type\" content=\"image\/png\" \/>\n<meta name=\"twitter:card\" content=\"summary_large_image\" \/>\n<meta name=\"twitter:label1\" content=\"Est. reading time\" \/>\n\t<meta name=\"twitter:data1\" content=\"1 minute\" \/>\n<script type=\"application\/ld+json\" class=\"yoast-schema-graph\">{\"@context\":\"https:\/\/schema.org\",\"@graph\":[{\"@type\":\"WebPage\",\"@id\":\"https:\/\/www.producempresarial.pe\/comercio-interno-tablero\/\",\"url\":\"https:\/\/www.producempresarial.pe\/comercio-interno-tablero\/\",\"name\":\"Comercio-Interno-Tablero - Observatorio PRODUCEmpresarial\",\"isPartOf\":{\"@id\":\"https:\/\/www.producempresarial.pe\/#website\"},\"datePublished\":\"2024-01-25T15:50:21+00:00\",\"dateModified\":\"2024-06-26T19:48:58+00:00\",\"breadcrumb\":{\"@id\":\"https:\/\/www.producempresarial.pe\/comercio-interno-tablero\/#breadcrumb\"},\"inLanguage\":\"en-US\",\"potentialAction\":[{\"@type\":\"ReadAction\",\"target\":[\"https:\/\/www.producempresarial.pe\/comercio-interno-tablero\/\"]}]},{\"@type\":\"BreadcrumbList\",\"@id\":\"https:\/\/www.producempresarial.pe\/comercio-interno-tablero\/#breadcrumb\",\"itemListElement\":[{\"@type\":\"ListItem\",\"position\":1,\"name\":\"Home\",\"item\":\"https:\/\/www.producempresarial.pe\/\"},{\"@type\":\"ListItem\",\"position\":2,\"name\":\"Comercio-Interno-Tablero\"}]},{\"@type\":\"WebSite\",\"@id\":\"https:\/\/www.producempresarial.pe\/#website\",\"url\":\"https:\/\/www.producempresarial.pe\/\",\"name\":\"Observatorio PRODUCEmpresarial\",\"description\":\"Herramienta estrat\u00e9gica que integra y genera peri\u00f3dicamente evidencia y an\u00e1lisis sobre el desempe\u00f1o productivo del sector empresarial, as\u00ed como contribuye en la difusi\u00f3n de informaci\u00f3n y documentos t\u00e9cnicos anal\u00edticos y especializados sobre el desempe\u00f1o de las empresas en el Per\u00fa.\",\"publisher\":{\"@id\":\"https:\/\/www.producempresarial.pe\/#organization\"},\"potentialAction\":[{\"@type\":\"SearchAction\",\"target\":{\"@type\":\"EntryPoint\",\"urlTemplate\":\"https:\/\/www.producempresarial.pe\/?s={search_term_string}\"},\"query-input\":{\"@type\":\"PropertyValueSpecification\",\"valueRequired\":true,\"valueName\":\"search_term_string\"}}],\"inLanguage\":\"en-US\"},{\"@type\":\"Organization\",\"@id\":\"https:\/\/www.producempresarial.pe\/#organization\",\"name\":\"PRDOUCE\",\"url\":\"https:\/\/www.producempresarial.pe\/\",\"logo\":{\"@type\":\"ImageObject\",\"inLanguage\":\"en-US\",\"@id\":\"https:\/\/www.producempresarial.pe\/#\/schema\/logo\/image\/\",\"url\":\"https:\/\/www.producempresarial.pe\/wp-content\/uploads\/2024\/02\/image-logo-share.png\",\"contentUrl\":\"https:\/\/www.producempresarial.pe\/wp-content\/uploads\/2024\/02\/image-logo-share.png\",\"width\":1200,\"height\":628,\"caption\":\"PRDOUCE\"},\"image\":{\"@id\":\"https:\/\/www.producempresarial.pe\/#\/schema\/logo\/image\/\"}}]}<\/script>\n<!-- \/ Yoast SEO plugin. -->","yoast_head_json":{"title":"Comercio-Interno-Tablero - Observatorio PRODUCEmpresarial","robots":{"index":"index","follow":"follow","max-snippet":"max-snippet:-1","max-image-preview":"max-image-preview:large","max-video-preview":"max-video-preview:-1"},"canonical":"https:\/\/www.producempresarial.pe\/en\/comercio-interno-tablero\/","og_locale":"en_US","og_type":"article","og_title":"Comercio-Interno-Tablero - Observatorio PRODUCEmpresarial","og_description":"Comercio Interno Inicio &gt; Comercio &gt; Comercio Interno &gt; Tablero Comercio Interno","og_url":"https:\/\/www.producempresarial.pe\/en\/comercio-interno-tablero\/","og_site_name":"Observatorio PRODUCEmpresarial","article_modified_time":"2024-06-26T19:48:58+00:00","og_image":[{"width":1200,"height":628,"url":"https:\/\/www.producempresarial.pe\/wp-content\/uploads\/2024\/02\/image-logo-share.png","type":"image\/png"}],"twitter_card":"summary_large_image","twitter_misc":{"Est. reading time":"1 minute"},"schema":{"@context":"https:\/\/schema.org","@graph":[{"@type":"WebPage","@id":"https:\/\/www.producempresarial.pe\/comercio-interno-tablero\/","url":"https:\/\/www.producempresarial.pe\/comercio-interno-tablero\/","name":"Comercio-Interno-Tablero - Observatorio PRODUCEmpresarial","isPartOf":{"@id":"https:\/\/www.producempresarial.pe\/#website"},"datePublished":"2024-01-25T15:50:21+00:00","dateModified":"2024-06-26T19:48:58+00:00","breadcrumb":{"@id":"https:\/\/www.producempresarial.pe\/comercio-interno-tablero\/#breadcrumb"},"inLanguage":"en-US","potentialAction":[{"@type":"ReadAction","target":["https:\/\/www.producempresarial.pe\/comercio-interno-tablero\/"]}]},{"@type":"BreadcrumbList","@id":"https:\/\/www.producempresarial.pe\/comercio-interno-tablero\/#breadcrumb","itemListElement":[{"@type":"ListItem","position":1,"name":"Home","item":"https:\/\/www.producempresarial.pe\/"},{"@type":"ListItem","position":2,"name":"Comercio-Interno-Tablero"}]},{"@type":"WebSite","@id":"https:\/\/www.producempresarial.pe\/#website","url":"https:\/\/www.producempresarial.pe\/","name":"Observatorio PRODUCEmpresarial","description":"Herramienta estrat\u00e9gica que integra y genera peri\u00f3dicamente evidencia y an\u00e1lisis sobre el desempe\u00f1o productivo del sector empresarial, as\u00ed como contribuye en la difusi\u00f3n de informaci\u00f3n y documentos t\u00e9cnicos anal\u00edticos y especializados sobre el desempe\u00f1o de las empresas en el Per\u00fa.","publisher":{"@id":"https:\/\/www.producempresarial.pe\/#organization"},"potentialAction":[{"@type":"SearchAction","target":{"@type":"EntryPoint","urlTemplate":"https:\/\/www.producempresarial.pe\/?s={search_term_string}"},"query-input":{"@type":"PropertyValueSpecification","valueRequired":true,"valueName":"search_term_string"}}],"inLanguage":"en-US"},{"@type":"Organization","@id":"https:\/\/www.producempresarial.pe\/#organization","name":"PRDOUCE","url":"https:\/\/www.producempresarial.pe\/","logo":{"@type":"ImageObject","inLanguage":"en-US","@id":"https:\/\/www.producempresarial.pe\/#\/schema\/logo\/image\/","url":"https:\/\/www.producempresarial.pe\/wp-content\/uploads\/2024\/02\/image-logo-share.png","contentUrl":"https:\/\/www.producempresarial.pe\/wp-content\/uploads\/2024\/02\/image-logo-share.png","width":1200,"height":628,"caption":"PRDOUCE"},"image":{"@id":"https:\/\/www.producempresarial.pe\/#\/schema\/logo\/image\/"}}]}},"_links":{"self":[{"href":"https:\/\/www.producempresarial.pe\/en\/wp-json\/wp\/v2\/pages\/6934","targetHints":{"allow":["GET"]}}],"collection":[{"href":"https:\/\/www.producempresarial.pe\/en\/wp-json\/wp\/v2\/pages"}],"about":[{"href":"https:\/\/www.producempresarial.pe\/en\/wp-json\/wp\/v2\/types\/page"}],"author":[{"embeddable":true,"href":"https:\/\/www.producempresarial.pe\/en\/wp-json\/wp\/v2\/users\/1"}],"replies":[{"embeddable":true,"href":"https:\/\/www.producempresarial.pe\/en\/wp-json\/wp\/v2\/comments?post=6934"}],"version-history":[{"count":28,"href":"https:\/\/www.producempresarial.pe\/en\/wp-json\/wp\/v2\/pages\/6934\/revisions"}],"predecessor-version":[{"id":17582,"href":"https:\/\/www.producempresarial.pe\/en\/wp-json\/wp\/v2\/pages\/6934\/revisions\/17582"}],"wp:attachment":[{"href":"https:\/\/www.producempresarial.pe\/en\/wp-json\/wp\/v2\/media?parent=6934"}],"curies":[{"name":"wp","href":"https:\/\/api.w.org\/{rel}","templated":true}]}}