{"id":6959,"date":"2024-01-25T11:05:50","date_gmt":"2024-01-25T16:05:50","guid":{"rendered":"https:\/\/www.producempresarial.pe\/?page_id=6959"},"modified":"2025-03-21T12:34:21","modified_gmt":"2025-03-21T17:34:21","slug":"comercio-interno-bodegas","status":"publish","type":"page","link":"https:\/\/www.producempresarial.pe\/en\/comercio-interno-bodegas\/","title":{"rendered":"Comercio-Interno-Bodegas"},"content":{"rendered":"<div data-elementor-type=\"wp-page\" data-elementor-id=\"6959\" class=\"elementor elementor-6959\" data-elementor-post-type=\"page\">\n\t\t\t\t<div class=\"elementor-element elementor-element-22f86c2 e-grid e-con-full e-con e-child\" data-id=\"22f86c2\" data-element_type=\"container\" data-e-type=\"container\" data-settings=\"{&quot;background_background&quot;:&quot;classic&quot;}\">\n\t\t<div class=\"elementor-element elementor-element-9065b99 e-grid e-con-full e-con e-child\" data-id=\"9065b99\" data-element_type=\"container\" data-e-type=\"container\">\n\t\t\t\t<div class=\"elementor-element elementor-element-3b52a91 elementor-widget elementor-widget-heading\" data-id=\"3b52a91\" data-element_type=\"widget\" data-e-type=\"widget\" data-widget_type=\"heading.default\">\n\t\t\t\t<div class=\"elementor-widget-container\">\n\t\t\t\t\t<h2 class=\"elementor-heading-title elementor-size-default\">Domestic Trade<\/h2>\t\t\t\t<\/div>\n\t\t\t\t<\/div>\n\t\t\t\t<\/div>\n\t\t\t\t<\/div>\n\t\t<div class=\"elementor-element elementor-element-f9a990d e-con-full e-flex e-con e-parent\" data-id=\"f9a990d\" data-element_type=\"container\" data-e-type=\"container\">\n\t\t\t\t<div class=\"elementor-element elementor-element-dedd725 elementor-widget elementor-widget-html\" data-id=\"dedd725\" data-element_type=\"widget\" data-e-type=\"widget\" data-widget_type=\"html.default\">\n\t\t\t\t<div class=\"elementor-widget-container\">\n\t\t\t\t\t<div id='migas_de_pan' class='d-flex'>\n        <div id='div_opcion_inicio'>Home<\/div> \n        <div class='sep_opciones'>&gt;<\/div>\n        <div id='div_opcion_inicio'>Trade<\/div> \n        <div class='sep_opciones'>&gt;<\/div>\n        <div id='div_opcion_submenu_principal'>Domestic Trade<\/div>\n        <div class='sep_opciones'>&gt;<\/div>\n        <div id='div_opcion_submenu_principal2'>Convenience Stores<\/div> \n\t<\/div>\t\t\t\t<\/div>\n\t\t\t\t<\/div>\n\t\t\t\t<\/div>\n\t\t<div class=\"elementor-element elementor-element-4a60451 e-con-full contenedorAdministrable e-flex e-con e-parent\" data-id=\"4a60451\" data-element_type=\"container\" data-e-type=\"container\">\n\t\t<div class=\"elementor-element elementor-element-8367d28 e-con-full bloque1Administrable e-flex e-con e-child\" data-id=\"8367d28\" data-element_type=\"container\" data-e-type=\"container\">\n\t\t\t\t<div class=\"elementor-element elementor-element-c9f12a4 elementor-widget elementor-widget-shortcode\" data-id=\"c9f12a4\" data-element_type=\"widget\" data-e-type=\"widget\" data-widget_type=\"shortcode.default\">\n\t\t\t\t<div class=\"elementor-widget-container\">\n\t\t\t\t\t\t\t<div class=\"elementor-shortcode\">\r\n        <input type='hidden' name='opcionMenu' id='opcionMenu' value='comercio'>\r\n        <input type='hidden' name='urlWeb' id='urlWeb' value='https:\/\/www.producempresarial.pe\/'>\r\n        <input type='hidden' name='slugWeb' id='slugWeb' value='wp-json\/wp\/v2\/pages\/6959'>\r\n        <div class='row g-2' id='divContainerPublicaciones'>\r\n            <div class='col-12' id='menuGeneral'>\r\n                <div class='card menuCard'>\r\n                    <div id='divmenuGeneral' class='card-body'>\r\n                        <div id='divMenuGeneral' class='container-fluid'>\r\n                            <nav id='navMenuGeneral'>\r\n                                <ul>\r\n                                    <li>\r\n                                        <a class='tipoPublicacion' onclick = 'event.preventDefault();' href='#'>\r\n                                            <p class='card-text text-center mb-3  classNombreCategoria'>Domestic Trade Dashboard<\/p>\r\n                                            <input type='hidden' class='slug' value='comercio-interno-tablero'>\r\n                                        <\/a>\r\n                                    <\/li>\r\n                                                    <li>\r\n                                                        <a class='tipoPublicacion' onclick = 'event.preventDefault();' href='#'>\r\n                                                            <p class='card-text text-center mb-3  classNombreCategoria'>Current Situation Reports<\/p>\r\n                                                            <input type='hidden' class='slug' value='comercio-interno-reportes'>\r\n                                                        <\/a>\r\n                                                    <\/li>\r\n                                                \r\n                                                    <li>\r\n                                                        <a class='tipoPublicacion' onclick = 'event.preventDefault();' href='#'>\r\n                                                            <p class='card-text text-center mb-3  classNombreCategoria'>Bulletins<\/p>\r\n                                                            <input type='hidden' class='slug' value='comercio-interno-boletines'>\r\n                                                        <\/a>\r\n                                                    <\/li>\r\n                                                <li>\r\n                                        <a class='tipoPublicacion' onclick = 'event.preventDefault();' href='#'>\r\n                                            <p class='card-text text-center mb-3  classNombreCategoria'>Convenience Stores<\/p>\r\n                                            <input type='hidden' class='slug' value='comercio-interno-bodegas'>\r\n                                        <\/a>\r\n                                    <\/li>\r\n                                <\/ul>\r\n                            <\/nav>\r\n                        <\/div>\r\n                    <\/div>\r\n                <\/div>\r\n            <\/div>\r\n        <\/div>\r\n    \r\n    <\/div>\n\t\t\t\t\t\t<\/div>\n\t\t\t\t<\/div>\n\t\t\t\t<\/div>\n\t\t<div class=\"elementor-element elementor-element-b388a52 e-con-full bloque2Administrable e-flex e-con e-child\" data-id=\"b388a52\" data-element_type=\"container\" data-e-type=\"container\">\n\t\t<div class=\"elementor-element elementor-element-c72459f e-flex e-con-boxed e-con e-child\" data-id=\"c72459f\" data-element_type=\"container\" data-e-type=\"container\">\n\t\t\t\t\t<div class=\"e-con-inner\">\n\t\t\t\t<div class=\"elementor-element elementor-element-7c8928e elementor-widget elementor-widget-heading\" data-id=\"7c8928e\" data-element_type=\"widget\" data-e-type=\"widget\" data-widget_type=\"heading.default\">\n\t\t\t\t<div class=\"elementor-widget-container\">\n\t\t\t\t\t<h2 class=\"elementor-heading-title elementor-size-default\">Convenience Store in Per\u00fa<\/h2>\t\t\t\t<\/div>\n\t\t\t\t<\/div>\n\t\t\t\t\t<\/div>\n\t\t\t\t<\/div>\n\t\t<div class=\"elementor-element elementor-element-055c296 e-con-full e-flex e-con e-child\" data-id=\"055c296\" data-element_type=\"container\" data-e-type=\"container\">\n\t\t<div class=\"elementor-element elementor-element-74b105a e-grid e-con-full e-con e-child\" data-id=\"74b105a\" data-element_type=\"container\" data-e-type=\"container\" id=\"bodegas1\">\n\t\t\t\t<div class=\"elementor-element elementor-element-e52b4f0 elementor-widget__width-initial elementor-widget elementor-widget-text-editor\" data-id=\"e52b4f0\" data-element_type=\"widget\" data-e-type=\"widget\" data-widget_type=\"text-editor.default\">\n\t\t\t\t<div class=\"elementor-widget-container\">\n\t\t\t\t\t\t\t\t\t<p style=\"text-align: justify;\">Convenience stores in Peru hold high social value as they are responsible for the sale of essential goods. Additionally, they are micro or small enterprises that generate direct and indirect employment, constituting a basic and essential economic unit for the development of communities.<\/p><p style=\"text-align: justify;\">Due to the impact of the COVID-19 pandemic, the number of formal retail businesses decreased from 573,000 in 2018 to 392,000 in 2022. However, in this last year, there was a slight recovery as the number of businesses in this sector grew by 6.6% compared to 2021.<\/p><p style=\"text-align: justify;\">In Lima, 38.7% of convenience stores are concentrated, followed by the regions of Arequipa (6.9%), La Libertad (6.4%), and Piura (5.5%). Additionally, there is a noticeable decrease in the number of convenience stores in the interior of the country, dropping from 334,000 in 2018 to 240,000 in 2022.<\/p><p style=\"text-align: justify;\">Additionally, 94.8% of the total formal retail businesses have sales that do not exceed 13 Tax Units (approximately 4,600 soles per month).<\/p><p style=\"text-align: justify;\">On the other hand, the added value of retail trade activity <b>linked to Conveniencers Owners <\/b>reached 1,252 million soles in 2022, 4.5% higher than what was registered in 2021.<\/p><p><strong>Relevant Documentation<\/strong><\/p><ul><li><a href=\"https:\/\/www.producempresarial.pe\/wp-content\/uploads\/2024\/01\/Ley-N-30877.pdf\" target=\"_blank\" rel=\"noopener\">Ley N\u00b0 30877 Ley General de Bodegueros<\/a><\/li><li><a href=\"https:\/\/www.producempresarial.pe\/wp-content\/uploads\/2024\/01\/DS-010-2020-PRODUCE.pdf\" target=\"_blank\" rel=\"noopener\">DS N\u00ba 010-2020-PRODUCE Reglamento de la Ley N\u00ba 30877, Ley General de Bodegueros<\/a><\/li><li><a href=\"https:\/\/www.producempresarial.pe\/wp-content\/uploads\/2024\/01\/PPT-Caracterizacion-Bodegas-2020.pdf\" target=\"_blank\" rel=\"noopener\">Caracterizaci\u00f3n de las Bodegas &#8211; 2020<\/a><\/li><li><a href=\"https:\/\/www.producempresarial.pe\/wp-content\/uploads\/2024\/01\/PPT-Caracterizacion-Bodegas-2022.pdf\" target=\"_blank\" rel=\"noopener\">Caracterizaci\u00f3n de las Bodegas &#8211; 2022<\/a><\/li><li><a href=\"https:\/\/www.producempresarial.pe\/wp-content\/uploads\/2024\/07\/17-PPT_-Bodegueros_04.07.2023_FINAL-1-1.pdf\">Caracterizaci\u00f3n de las Bodegas &#8211; 2023<\/a><\/li><li><a href=\"https:\/\/www.producempresarial.pe\/wp-content\/uploads\/2025\/03\/282-PPT_-Bodegueros_2024_14.03.2025.pdf\" target=\"_blank\" rel=\"noopener\">Caracterizaci\u00f3n de las Bodegas &#8211; 2024<\/a><\/li><\/ul>\t\t\t\t\t\t\t\t<\/div>\n\t\t\t\t<\/div>\n\t\t<div class=\"elementor-element elementor-element-f8598f6 e-grid e-con-full e-con e-child\" data-id=\"f8598f6\" data-element_type=\"container\" data-e-type=\"container\" id=\"bodegas2\">\n\t\t\t\t<div class=\"elementor-element elementor-element-3cf9112 elementor-widget elementor-widget-image\" data-id=\"3cf9112\" data-element_type=\"widget\" data-e-type=\"widget\" data-widget_type=\"image.default\">\n\t\t\t\t<div class=\"elementor-widget-container\">\n\t\t\t\t\t\t\t\t\t\t\t\t\t\t\t<img fetchpriority=\"high\" decoding=\"async\" width=\"900\" height=\"600\" src=\"https:\/\/www.producempresarial.pe\/wp-content\/uploads\/2024\/01\/Bodega-001-1024x683.jpg\" class=\"attachment-large size-large wp-image-10986\" alt=\"\" srcset=\"https:\/\/www.producempresarial.pe\/wp-content\/uploads\/2024\/01\/Bodega-001-1024x683.jpg 1024w, https:\/\/www.producempresarial.pe\/wp-content\/uploads\/2024\/01\/Bodega-001-300x200.jpg 300w, https:\/\/www.producempresarial.pe\/wp-content\/uploads\/2024\/01\/Bodega-001-768x512.jpg 768w, https:\/\/www.producempresarial.pe\/wp-content\/uploads\/2024\/01\/Bodega-001-1536x1024.jpg 1536w, https:\/\/www.producempresarial.pe\/wp-content\/uploads\/2024\/01\/Bodega-001-200x133.jpg 200w, https:\/\/www.producempresarial.pe\/wp-content\/uploads\/2024\/01\/Bodega-001.jpg 1800w\" sizes=\"(max-width: 900px) 100vw, 900px\" \/>\t\t\t\t\t\t\t\t\t\t\t\t\t\t\t<\/div>\n\t\t\t\t<\/div>\n\t\t\t\t<div class=\"elementor-element elementor-element-1d076b2 elementor-widget elementor-widget-image\" data-id=\"1d076b2\" data-element_type=\"widget\" data-e-type=\"widget\" data-widget_type=\"image.default\">\n\t\t\t\t<div class=\"elementor-widget-container\">\n\t\t\t\t\t\t\t\t\t\t\t\t\t\t\t<img decoding=\"async\" width=\"900\" height=\"606\" src=\"https:\/\/www.producempresarial.pe\/wp-content\/uploads\/2024\/01\/Bodega-002-1024x689.jpg\" class=\"attachment-large size-large wp-image-10984\" alt=\"\" srcset=\"https:\/\/www.producempresarial.pe\/wp-content\/uploads\/2024\/01\/Bodega-002-1024x689.jpg 1024w, https:\/\/www.producempresarial.pe\/wp-content\/uploads\/2024\/01\/Bodega-002-300x202.jpg 300w, https:\/\/www.producempresarial.pe\/wp-content\/uploads\/2024\/01\/Bodega-002-768x517.jpg 768w, https:\/\/www.producempresarial.pe\/wp-content\/uploads\/2024\/01\/Bodega-002-1536x1034.jpg 1536w, https:\/\/www.producempresarial.pe\/wp-content\/uploads\/2024\/01\/Bodega-002-200x135.jpg 200w, https:\/\/www.producempresarial.pe\/wp-content\/uploads\/2024\/01\/Bodega-002.jpg 1800w\" sizes=\"(max-width: 900px) 100vw, 900px\" \/>\t\t\t\t\t\t\t\t\t\t\t\t\t\t\t<\/div>\n\t\t\t\t<\/div>\n\t\t\t\t<\/div>\n\t\t\t\t<\/div>\n\t\t\t\t<\/div>\n\t\t\t\t<\/div>\n\t\t\t\t<\/div>\n\t\t\t\t<\/div>","protected":false},"excerpt":{"rendered":"<p>Comercio Interno Inicio &gt; Comercio &gt; Comercio Interno &gt; Bodegas Las Bodegas en el Per\u00fa Las bodegas en el Per\u00fa tiene un alto valor social ya que se encargan del expendio o venta de productos de primera necesidad. Adem\u00e1s, son micro o peque\u00f1as empresas generadoras de empleo directo e indirecto, constituy\u00e9ndose en una unidad econ\u00f3mica &#8230; <a title=\"Comercio-Interno-Bodegas\" class=\"read-more\" href=\"https:\/\/www.producempresarial.pe\/en\/comercio-interno-bodegas\/\" aria-label=\"Read more about Comercio-Interno-Bodegas\">Read more<\/a><\/p>","protected":false},"author":1,"featured_media":0,"parent":0,"menu_order":0,"comment_status":"closed","ping_status":"closed","template":"elementor_header_footer","meta":{"_acf_changed":false,"footnotes":""},"class_list":["post-6959","page","type-page","status-publish"],"acf":[],"yoast_head":"<!-- This site is optimized with the Yoast SEO plugin v27.1.1 - https:\/\/yoast.com\/product\/yoast-seo-wordpress\/ -->\n<title>Comercio-Interno-Bodegas - Observatorio PRODUCEmpresarial<\/title>\n<meta name=\"robots\" content=\"index, follow, max-snippet:-1, max-image-preview:large, max-video-preview:-1\" \/>\n<link rel=\"canonical\" href=\"https:\/\/www.producempresarial.pe\/en\/comercio-interno-bodegas\/\" \/>\n<meta property=\"og:locale\" content=\"en_US\" \/>\n<meta property=\"og:type\" content=\"article\" \/>\n<meta property=\"og:title\" content=\"Comercio-Interno-Bodegas - Observatorio PRODUCEmpresarial\" \/>\n<meta property=\"og:description\" content=\"Comercio Interno Inicio &gt; Comercio &gt; Comercio Interno &gt; Bodegas Las Bodegas en el Per\u00fa Las bodegas en el Per\u00fa tiene un alto valor social ya que se encargan del expendio o venta de productos de primera necesidad. Adem\u00e1s, son micro o peque\u00f1as empresas generadoras de empleo directo e indirecto, constituy\u00e9ndose en una unidad econ\u00f3mica ... Read more\" \/>\n<meta property=\"og:url\" content=\"https:\/\/www.producempresarial.pe\/en\/comercio-interno-bodegas\/\" \/>\n<meta property=\"og:site_name\" content=\"Observatorio PRODUCEmpresarial\" \/>\n<meta property=\"article:modified_time\" content=\"2025-03-21T17:34:21+00:00\" \/>\n<meta property=\"og:image\" content=\"https:\/\/www.producempresarial.pe\/wp-content\/uploads\/2024\/01\/Bodega-001-1024x683.jpg\" \/>\n<meta name=\"twitter:card\" content=\"summary_large_image\" \/>\n<meta name=\"twitter:label1\" content=\"Est. reading time\" \/>\n\t<meta name=\"twitter:data1\" content=\"2 minutes\" \/>\n<script type=\"application\/ld+json\" class=\"yoast-schema-graph\">{\"@context\":\"https:\/\/schema.org\",\"@graph\":[{\"@type\":\"WebPage\",\"@id\":\"https:\/\/www.producempresarial.pe\/comercio-interno-bodegas\/\",\"url\":\"https:\/\/www.producempresarial.pe\/comercio-interno-bodegas\/\",\"name\":\"Comercio-Interno-Bodegas - Observatorio PRODUCEmpresarial\",\"isPartOf\":{\"@id\":\"https:\/\/www.producempresarial.pe\/#website\"},\"primaryImageOfPage\":{\"@id\":\"https:\/\/www.producempresarial.pe\/comercio-interno-bodegas\/#primaryimage\"},\"image\":{\"@id\":\"https:\/\/www.producempresarial.pe\/comercio-interno-bodegas\/#primaryimage\"},\"thumbnailUrl\":\"https:\/\/www.producempresarial.pe\/wp-content\/uploads\/2024\/01\/Bodega-001-1024x683.jpg\",\"datePublished\":\"2024-01-25T16:05:50+00:00\",\"dateModified\":\"2025-03-21T17:34:21+00:00\",\"breadcrumb\":{\"@id\":\"https:\/\/www.producempresarial.pe\/comercio-interno-bodegas\/#breadcrumb\"},\"inLanguage\":\"en-US\",\"potentialAction\":[{\"@type\":\"ReadAction\",\"target\":[\"https:\/\/www.producempresarial.pe\/comercio-interno-bodegas\/\"]}]},{\"@type\":\"ImageObject\",\"inLanguage\":\"en-US\",\"@id\":\"https:\/\/www.producempresarial.pe\/comercio-interno-bodegas\/#primaryimage\",\"url\":\"https:\/\/www.producempresarial.pe\/wp-content\/uploads\/2024\/01\/Bodega-001-1024x683.jpg\",\"contentUrl\":\"https:\/\/www.producempresarial.pe\/wp-content\/uploads\/2024\/01\/Bodega-001-1024x683.jpg\"},{\"@type\":\"BreadcrumbList\",\"@id\":\"https:\/\/www.producempresarial.pe\/comercio-interno-bodegas\/#breadcrumb\",\"itemListElement\":[{\"@type\":\"ListItem\",\"position\":1,\"name\":\"Home\",\"item\":\"https:\/\/www.producempresarial.pe\/\"},{\"@type\":\"ListItem\",\"position\":2,\"name\":\"Comercio-Interno-Bodegas\"}]},{\"@type\":\"WebSite\",\"@id\":\"https:\/\/www.producempresarial.pe\/#website\",\"url\":\"https:\/\/www.producempresarial.pe\/\",\"name\":\"Observatorio PRODUCEmpresarial\",\"description\":\"Herramienta estrat\u00e9gica que integra y genera peri\u00f3dicamente evidencia y an\u00e1lisis sobre el desempe\u00f1o productivo del sector empresarial, as\u00ed como contribuye en la difusi\u00f3n de informaci\u00f3n y documentos t\u00e9cnicos anal\u00edticos y especializados sobre el desempe\u00f1o de las empresas en el Per\u00fa.\",\"publisher\":{\"@id\":\"https:\/\/www.producempresarial.pe\/#organization\"},\"potentialAction\":[{\"@type\":\"SearchAction\",\"target\":{\"@type\":\"EntryPoint\",\"urlTemplate\":\"https:\/\/www.producempresarial.pe\/?s={search_term_string}\"},\"query-input\":{\"@type\":\"PropertyValueSpecification\",\"valueRequired\":true,\"valueName\":\"search_term_string\"}}],\"inLanguage\":\"en-US\"},{\"@type\":\"Organization\",\"@id\":\"https:\/\/www.producempresarial.pe\/#organization\",\"name\":\"PRDOUCE\",\"url\":\"https:\/\/www.producempresarial.pe\/\",\"logo\":{\"@type\":\"ImageObject\",\"inLanguage\":\"en-US\",\"@id\":\"https:\/\/www.producempresarial.pe\/#\/schema\/logo\/image\/\",\"url\":\"https:\/\/www.producempresarial.pe\/wp-content\/uploads\/2024\/02\/image-logo-share.png\",\"contentUrl\":\"https:\/\/www.producempresarial.pe\/wp-content\/uploads\/2024\/02\/image-logo-share.png\",\"width\":1200,\"height\":628,\"caption\":\"PRDOUCE\"},\"image\":{\"@id\":\"https:\/\/www.producempresarial.pe\/#\/schema\/logo\/image\/\"}}]}<\/script>\n<!-- \/ Yoast SEO plugin. -->","yoast_head_json":{"title":"Comercio-Interno-Bodegas - Observatorio PRODUCEmpresarial","robots":{"index":"index","follow":"follow","max-snippet":"max-snippet:-1","max-image-preview":"max-image-preview:large","max-video-preview":"max-video-preview:-1"},"canonical":"https:\/\/www.producempresarial.pe\/en\/comercio-interno-bodegas\/","og_locale":"en_US","og_type":"article","og_title":"Comercio-Interno-Bodegas - Observatorio PRODUCEmpresarial","og_description":"Comercio Interno Inicio &gt; Comercio &gt; Comercio Interno &gt; Bodegas Las Bodegas en el Per\u00fa Las bodegas en el Per\u00fa tiene un alto valor social ya que se encargan del expendio o venta de productos de primera necesidad. Adem\u00e1s, son micro o peque\u00f1as empresas generadoras de empleo directo e indirecto, constituy\u00e9ndose en una unidad econ\u00f3mica ... Read more","og_url":"https:\/\/www.producempresarial.pe\/en\/comercio-interno-bodegas\/","og_site_name":"Observatorio PRODUCEmpresarial","article_modified_time":"2025-03-21T17:34:21+00:00","og_image":[{"url":"https:\/\/www.producempresarial.pe\/wp-content\/uploads\/2024\/01\/Bodega-001-1024x683.jpg","type":"","width":"","height":""}],"twitter_card":"summary_large_image","twitter_misc":{"Est. reading time":"2 minutes"},"schema":{"@context":"https:\/\/schema.org","@graph":[{"@type":"WebPage","@id":"https:\/\/www.producempresarial.pe\/comercio-interno-bodegas\/","url":"https:\/\/www.producempresarial.pe\/comercio-interno-bodegas\/","name":"Comercio-Interno-Bodegas - Observatorio PRODUCEmpresarial","isPartOf":{"@id":"https:\/\/www.producempresarial.pe\/#website"},"primaryImageOfPage":{"@id":"https:\/\/www.producempresarial.pe\/comercio-interno-bodegas\/#primaryimage"},"image":{"@id":"https:\/\/www.producempresarial.pe\/comercio-interno-bodegas\/#primaryimage"},"thumbnailUrl":"https:\/\/www.producempresarial.pe\/wp-content\/uploads\/2024\/01\/Bodega-001-1024x683.jpg","datePublished":"2024-01-25T16:05:50+00:00","dateModified":"2025-03-21T17:34:21+00:00","breadcrumb":{"@id":"https:\/\/www.producempresarial.pe\/comercio-interno-bodegas\/#breadcrumb"},"inLanguage":"en-US","potentialAction":[{"@type":"ReadAction","target":["https:\/\/www.producempresarial.pe\/comercio-interno-bodegas\/"]}]},{"@type":"ImageObject","inLanguage":"en-US","@id":"https:\/\/www.producempresarial.pe\/comercio-interno-bodegas\/#primaryimage","url":"https:\/\/www.producempresarial.pe\/wp-content\/uploads\/2024\/01\/Bodega-001-1024x683.jpg","contentUrl":"https:\/\/www.producempresarial.pe\/wp-content\/uploads\/2024\/01\/Bodega-001-1024x683.jpg"},{"@type":"BreadcrumbList","@id":"https:\/\/www.producempresarial.pe\/comercio-interno-bodegas\/#breadcrumb","itemListElement":[{"@type":"ListItem","position":1,"name":"Home","item":"https:\/\/www.producempresarial.pe\/"},{"@type":"ListItem","position":2,"name":"Comercio-Interno-Bodegas"}]},{"@type":"WebSite","@id":"https:\/\/www.producempresarial.pe\/#website","url":"https:\/\/www.producempresarial.pe\/","name":"PRODUCEmpresarial Observatory","description":"Herramienta estrat\u00e9gica que integra y genera peri\u00f3dicamente evidencia y an\u00e1lisis sobre el desempe\u00f1o productivo del sector empresarial, as\u00ed como contribuye en la difusi\u00f3n de informaci\u00f3n y documentos t\u00e9cnicos anal\u00edticos y especializados sobre el desempe\u00f1o de las empresas en el Per\u00fa.","publisher":{"@id":"https:\/\/www.producempresarial.pe\/#organization"},"potentialAction":[{"@type":"SearchAction","target":{"@type":"EntryPoint","urlTemplate":"https:\/\/www.producempresarial.pe\/?s={search_term_string}"},"query-input":{"@type":"PropertyValueSpecification","valueRequired":true,"valueName":"search_term_string"}}],"inLanguage":"en-US"},{"@type":"Organization","@id":"https:\/\/www.producempresarial.pe\/#organization","name":"PRDOUCE","url":"https:\/\/www.producempresarial.pe\/","logo":{"@type":"ImageObject","inLanguage":"en-US","@id":"https:\/\/www.producempresarial.pe\/#\/schema\/logo\/image\/","url":"https:\/\/www.producempresarial.pe\/wp-content\/uploads\/2024\/02\/image-logo-share.png","contentUrl":"https:\/\/www.producempresarial.pe\/wp-content\/uploads\/2024\/02\/image-logo-share.png","width":1200,"height":628,"caption":"PRDOUCE"},"image":{"@id":"https:\/\/www.producempresarial.pe\/#\/schema\/logo\/image\/"}}]}},"_links":{"self":[{"href":"https:\/\/www.producempresarial.pe\/en\/wp-json\/wp\/v2\/pages\/6959","targetHints":{"allow":["GET"]}}],"collection":[{"href":"https:\/\/www.producempresarial.pe\/en\/wp-json\/wp\/v2\/pages"}],"about":[{"href":"https:\/\/www.producempresarial.pe\/en\/wp-json\/wp\/v2\/types\/page"}],"author":[{"embeddable":true,"href":"https:\/\/www.producempresarial.pe\/en\/wp-json\/wp\/v2\/users\/1"}],"replies":[{"embeddable":true,"href":"https:\/\/www.producempresarial.pe\/en\/wp-json\/wp\/v2\/comments?post=6959"}],"version-history":[{"count":127,"href":"https:\/\/www.producempresarial.pe\/en\/wp-json\/wp\/v2\/pages\/6959\/revisions"}],"predecessor-version":[{"id":25029,"href":"https:\/\/www.producempresarial.pe\/en\/wp-json\/wp\/v2\/pages\/6959\/revisions\/25029"}],"wp:attachment":[{"href":"https:\/\/www.producempresarial.pe\/en\/wp-json\/wp\/v2\/media?parent=6959"}],"curies":[{"name":"wp","href":"https:\/\/api.w.org\/{rel}","templated":true}]}}