{"id":6972,"date":"2024-01-25T11:21:48","date_gmt":"2024-01-25T16:21:48","guid":{"rendered":"https:\/\/www.producempresarial.pe\/?page_id=6972"},"modified":"2024-06-25T23:03:59","modified_gmt":"2024-06-26T04:03:59","slug":"comercio-externo-publicaciones-guia","status":"publish","type":"page","link":"https:\/\/www.producempresarial.pe\/en\/comercio-externo-publicaciones-guia\/","title":{"rendered":"Comercio-Externo-Publicaciones-Guia"},"content":{"rendered":"<div data-elementor-type=\"wp-page\" data-elementor-id=\"6972\" class=\"elementor elementor-6972\" data-elementor-post-type=\"page\">\n\t\t\t\t<div class=\"elementor-element elementor-element-bc0f2d5 e-grid e-con-full e-con e-child\" data-id=\"bc0f2d5\" data-element_type=\"container\" data-e-type=\"container\" data-settings=\"{&quot;background_background&quot;:&quot;classic&quot;}\">\n\t\t<div class=\"elementor-element elementor-element-908b998 e-grid e-con-full e-con e-child\" data-id=\"908b998\" data-element_type=\"container\" data-e-type=\"container\">\n\t\t\t\t<div class=\"elementor-element elementor-element-26d4dc1 elementor-widget elementor-widget-heading\" data-id=\"26d4dc1\" data-element_type=\"widget\" data-e-type=\"widget\" data-widget_type=\"heading.default\">\n\t\t\t\t<div class=\"elementor-widget-container\">\n\t\t\t\t\t<h2 class=\"elementor-heading-title elementor-size-default\">Foreign Trade<\/h2>\t\t\t\t<\/div>\n\t\t\t\t<\/div>\n\t\t\t\t<\/div>\n\t\t\t\t<\/div>\n\t\t<div class=\"elementor-element elementor-element-f9a990d e-con-full e-flex e-con e-parent\" data-id=\"f9a990d\" data-element_type=\"container\" data-e-type=\"container\">\n\t\t\t\t<div class=\"elementor-element elementor-element-dedd725 elementor-widget elementor-widget-html\" data-id=\"dedd725\" data-element_type=\"widget\" data-e-type=\"widget\" data-widget_type=\"html.default\">\n\t\t\t\t<div class=\"elementor-widget-container\">\n\t\t\t\t\t<div id='migas_de_pan' class='d-flex'>\n        <div id='div_opcion_inicio'>Home<\/div> \n        <div class='sep_opciones'>&gt;<\/div>\n        <div id='div_opcion_inicio'>Trade<\/div> \n        <div class='sep_opciones'>&gt;<\/div>\n        <div id='div_opcion_submenu_principal'>Foreign Trade<\/div>\n        <div class='sep_opciones'>&gt;<\/div>\n        <div id='div_opcion_submenu_principal'>Publications<\/div>\n        <div class='sep_opciones'>&gt;<\/div>\n        <div id='div_opcion_submenu_principal2'>Exported Products Guide<\/div>\n\t<\/div>\t\t\t\t<\/div>\n\t\t\t\t<\/div>\n\t\t\t\t<\/div>\n\t\t<div class=\"elementor-element elementor-element-4a60451 e-con-full contenedorAdministrable e-flex e-con e-parent\" data-id=\"4a60451\" data-element_type=\"container\" data-e-type=\"container\">\n\t\t<div class=\"elementor-element elementor-element-8367d28 e-con-full bloque1Administrable e-flex e-con e-child\" data-id=\"8367d28\" data-element_type=\"container\" data-e-type=\"container\">\n\t\t\t\t<div class=\"elementor-element elementor-element-c9f12a4 elementor-widget elementor-widget-shortcode\" data-id=\"c9f12a4\" data-element_type=\"widget\" data-e-type=\"widget\" data-widget_type=\"shortcode.default\">\n\t\t\t\t<div class=\"elementor-widget-container\">\n\t\t\t\t\t\t\t<div class=\"elementor-shortcode\">\r\n        <input type='hidden' name='opcionMenu' id='opcionMenu' value='comercio'>\r\n        <input type='hidden' name='urlWeb' id='urlWeb' value='https:\/\/www.producempresarial.pe\/'>\r\n        <input type='hidden' name='slugWeb' id='slugWeb' value='wp-json\/wp\/v2\/pages\/6972'>\r\n        <div class='row g-2' id='divContainerPublicaciones'>\r\n            <div class='col-12' id='menuGeneral'>\r\n                <div class='card menuCard'>\r\n                    <div id='divmenuGeneral' class='card-body'>\r\n                        <div id='divMenuGeneral' class='container-fluid'>\r\n                            <nav id='navMenuGeneral'>\r\n                                <ul>\r\n                                                    <li>\r\n                                                        <a class='tipoPublicacion' onclick = 'event.preventDefault();' href='#'>\r\n                                                            <p class='card-text text-center mb-3  classNombreCategoria'>Current Situation Reports<\/p>\r\n                                                            <input type='hidden' class='slug' value='comercio-externo-publicaciones-reportes'>\r\n                                                        <\/a>\r\n                                                    <\/li>\r\n                                                \r\n                                                    <li>\r\n                                                        <a class='tipoPublicacion' onclick = 'event.preventDefault();' href='#'>\r\n                                                            <p class='card-text text-center mb-3  classNombreCategoria'>Studies<\/p>\r\n                                                            <input type='hidden' class='slug' value='comercio-externo-publicaciones-estudios'>\r\n                                                        <\/a>\r\n                                                    <\/li>\r\n                                                \r\n                                                    <li>\r\n                                                        <a class='tipoPublicacion' onclick = 'event.preventDefault();' href='#'>\r\n                                                            <p class='card-text text-center mb-3  classNombreCategoria'>Exported Products Guide<\/p>\r\n                                                            <input type='hidden' class='slug' value='comercio-externo-publicaciones-guia'>\r\n                                                        <\/a>\r\n                                                    <\/li>\r\n                                                \r\n                                <\/ul>\r\n                            <\/nav>\r\n                        <\/div>\r\n                    <\/div>\r\n                <\/div>\r\n            <\/div>\r\n        <\/div>\r\n    \r\n    <\/div>\n\t\t\t\t\t\t<\/div>\n\t\t\t\t<\/div>\n\t\t\t\t<\/div>\n\t\t<div class=\"elementor-element elementor-element-b388a52 e-con-full bloque2Administrable e-flex e-con e-child\" data-id=\"b388a52\" data-element_type=\"container\" data-e-type=\"container\">\n\t\t<div class=\"elementor-element elementor-element-3f17c51 e-con-full tituloAdministrable e-flex e-con e-child\" data-id=\"3f17c51\" data-element_type=\"container\" data-e-type=\"container\">\n\t\t\t\t<div class=\"elementor-element elementor-element-ae39bff elementor-widget elementor-widget-heading\" data-id=\"ae39bff\" data-element_type=\"widget\" data-e-type=\"widget\" data-widget_type=\"heading.default\">\n\t\t\t\t<div class=\"elementor-widget-container\">\n\t\t\t\t\t<h2 class=\"elementor-heading-title elementor-size-default\">Exported Products Guide<\/h2>\t\t\t\t<\/div>\n\t\t\t\t<\/div>\n\t\t\t\t<\/div>\n\t\t<div class=\"elementor-element elementor-element-2f70b37 e-con-full descripcionAdministrable e-flex e-con e-child\" data-id=\"2f70b37\" data-element_type=\"container\" data-e-type=\"container\">\n\t\t\t\t<div class=\"elementor-element elementor-element-fd279d7 elementor-widget elementor-widget-text-editor\" data-id=\"fd279d7\" data-element_type=\"widget\" data-e-type=\"widget\" data-widget_type=\"text-editor.default\">\n\t\t\t\t<div class=\"elementor-widget-container\">\n\t\t\t\t\t\t\t\t\t<p>Learn more about the products exported around the world. Download our Exported Products Guide to understand the traceability of these products.<\/p>\t\t\t\t\t\t\t\t<\/div>\n\t\t\t\t<\/div>\n\t\t\t\t<\/div>\n\t\t<div class=\"elementor-element elementor-element-2e60ea7 e-con-full e-flex e-con e-child\" data-id=\"2e60ea7\" data-element_type=\"container\" data-e-type=\"container\">\n\t\t\t\t<div class=\"elementor-element elementor-element-eb1d184 elementor-widget elementor-widget-html\" data-id=\"eb1d184\" data-element_type=\"widget\" data-e-type=\"widget\" data-widget_type=\"html.default\">\n\t\t\t\t<div class=\"elementor-widget-container\">\n\t\t\t\t\t<div id='cuerpoEntradas' class='row g-0 card'>\n    \n<\/div>\t\t\t\t<\/div>\n\t\t\t\t<\/div>\n\t\t\t\t<\/div>\n\t\t\t\t<\/div>\n\t\t\t\t<\/div>\n\t\t\t\t<\/div>","protected":false},"excerpt":{"rendered":"<p>Comercio Externo Inicio &gt; Comercio &gt; Comercio Externo &gt; Publicaciones &gt; Guia de Productos Exportados Gu\u00eda de Productos Exportados Conoce m\u00e1s acerca de los productos que son exportados hacia el mundo. Descarga nuestra Gu\u00eda de Productos Exportados para conocer la trazabilidad de estos productos.<\/p>","protected":false},"author":1,"featured_media":0,"parent":0,"menu_order":0,"comment_status":"closed","ping_status":"closed","template":"elementor_header_footer","meta":{"_acf_changed":false,"footnotes":""},"class_list":["post-6972","page","type-page","status-publish"],"acf":[],"yoast_head":"<!-- This site is optimized with the Yoast SEO plugin v27.1.1 - https:\/\/yoast.com\/product\/yoast-seo-wordpress\/ -->\n<title>Comercio-Externo-Publicaciones-Guia - Observatorio PRODUCEmpresarial<\/title>\n<meta name=\"robots\" content=\"index, follow, max-snippet:-1, max-image-preview:large, max-video-preview:-1\" \/>\n<link rel=\"canonical\" href=\"https:\/\/www.producempresarial.pe\/en\/comercio-externo-publicaciones-guia\/\" \/>\n<meta property=\"og:locale\" content=\"en_US\" \/>\n<meta property=\"og:type\" content=\"article\" \/>\n<meta property=\"og:title\" content=\"Comercio-Externo-Publicaciones-Guia - Observatorio PRODUCEmpresarial\" \/>\n<meta property=\"og:description\" content=\"Comercio Externo Inicio &gt; Comercio &gt; Comercio Externo &gt; Publicaciones &gt; Guia de Productos Exportados Gu\u00eda de Productos Exportados Conoce m\u00e1s acerca de los productos que son exportados hacia el mundo. Descarga nuestra Gu\u00eda de Productos Exportados para conocer la trazabilidad de estos productos.\" \/>\n<meta property=\"og:url\" content=\"https:\/\/www.producempresarial.pe\/en\/comercio-externo-publicaciones-guia\/\" \/>\n<meta property=\"og:site_name\" content=\"Observatorio PRODUCEmpresarial\" \/>\n<meta property=\"article:modified_time\" content=\"2024-06-26T04:03:59+00:00\" \/>\n<meta property=\"og:image\" content=\"https:\/\/www.producempresarial.pe\/wp-content\/uploads\/2024\/02\/image-logo-share.png\" \/>\n\t<meta property=\"og:image:width\" content=\"1200\" \/>\n\t<meta property=\"og:image:height\" content=\"628\" \/>\n\t<meta property=\"og:image:type\" content=\"image\/png\" \/>\n<meta name=\"twitter:card\" content=\"summary_large_image\" \/>\n<meta name=\"twitter:label1\" content=\"Est. reading time\" \/>\n\t<meta name=\"twitter:data1\" content=\"1 minute\" \/>\n<script type=\"application\/ld+json\" class=\"yoast-schema-graph\">{\"@context\":\"https:\/\/schema.org\",\"@graph\":[{\"@type\":\"WebPage\",\"@id\":\"https:\/\/www.producempresarial.pe\/comercio-externo-publicaciones-guia\/\",\"url\":\"https:\/\/www.producempresarial.pe\/comercio-externo-publicaciones-guia\/\",\"name\":\"Comercio-Externo-Publicaciones-Guia - Observatorio PRODUCEmpresarial\",\"isPartOf\":{\"@id\":\"https:\/\/www.producempresarial.pe\/#website\"},\"datePublished\":\"2024-01-25T16:21:48+00:00\",\"dateModified\":\"2024-06-26T04:03:59+00:00\",\"breadcrumb\":{\"@id\":\"https:\/\/www.producempresarial.pe\/comercio-externo-publicaciones-guia\/#breadcrumb\"},\"inLanguage\":\"en-US\",\"potentialAction\":[{\"@type\":\"ReadAction\",\"target\":[\"https:\/\/www.producempresarial.pe\/comercio-externo-publicaciones-guia\/\"]}]},{\"@type\":\"BreadcrumbList\",\"@id\":\"https:\/\/www.producempresarial.pe\/comercio-externo-publicaciones-guia\/#breadcrumb\",\"itemListElement\":[{\"@type\":\"ListItem\",\"position\":1,\"name\":\"Home\",\"item\":\"https:\/\/www.producempresarial.pe\/\"},{\"@type\":\"ListItem\",\"position\":2,\"name\":\"Comercio-Externo-Publicaciones-Guia\"}]},{\"@type\":\"WebSite\",\"@id\":\"https:\/\/www.producempresarial.pe\/#website\",\"url\":\"https:\/\/www.producempresarial.pe\/\",\"name\":\"Observatorio PRODUCEmpresarial\",\"description\":\"Herramienta estrat\u00e9gica que integra y genera peri\u00f3dicamente evidencia y an\u00e1lisis sobre el desempe\u00f1o productivo del sector empresarial, as\u00ed como contribuye en la difusi\u00f3n de informaci\u00f3n y documentos t\u00e9cnicos anal\u00edticos y especializados sobre el desempe\u00f1o de las empresas en el Per\u00fa.\",\"publisher\":{\"@id\":\"https:\/\/www.producempresarial.pe\/#organization\"},\"potentialAction\":[{\"@type\":\"SearchAction\",\"target\":{\"@type\":\"EntryPoint\",\"urlTemplate\":\"https:\/\/www.producempresarial.pe\/?s={search_term_string}\"},\"query-input\":{\"@type\":\"PropertyValueSpecification\",\"valueRequired\":true,\"valueName\":\"search_term_string\"}}],\"inLanguage\":\"en-US\"},{\"@type\":\"Organization\",\"@id\":\"https:\/\/www.producempresarial.pe\/#organization\",\"name\":\"PRDOUCE\",\"url\":\"https:\/\/www.producempresarial.pe\/\",\"logo\":{\"@type\":\"ImageObject\",\"inLanguage\":\"en-US\",\"@id\":\"https:\/\/www.producempresarial.pe\/#\/schema\/logo\/image\/\",\"url\":\"https:\/\/www.producempresarial.pe\/wp-content\/uploads\/2024\/02\/image-logo-share.png\",\"contentUrl\":\"https:\/\/www.producempresarial.pe\/wp-content\/uploads\/2024\/02\/image-logo-share.png\",\"width\":1200,\"height\":628,\"caption\":\"PRDOUCE\"},\"image\":{\"@id\":\"https:\/\/www.producempresarial.pe\/#\/schema\/logo\/image\/\"}}]}<\/script>\n<!-- \/ Yoast SEO plugin. -->","yoast_head_json":{"title":"Comercio-Externo-Publicaciones-Guia - Observatorio PRODUCEmpresarial","robots":{"index":"index","follow":"follow","max-snippet":"max-snippet:-1","max-image-preview":"max-image-preview:large","max-video-preview":"max-video-preview:-1"},"canonical":"https:\/\/www.producempresarial.pe\/en\/comercio-externo-publicaciones-guia\/","og_locale":"en_US","og_type":"article","og_title":"Comercio-Externo-Publicaciones-Guia - Observatorio PRODUCEmpresarial","og_description":"Comercio Externo Inicio &gt; Comercio &gt; Comercio Externo &gt; Publicaciones &gt; Guia de Productos Exportados Gu\u00eda de Productos Exportados Conoce m\u00e1s acerca de los productos que son exportados hacia el mundo. Descarga nuestra Gu\u00eda de Productos Exportados para conocer la trazabilidad de estos productos.","og_url":"https:\/\/www.producempresarial.pe\/en\/comercio-externo-publicaciones-guia\/","og_site_name":"Observatorio PRODUCEmpresarial","article_modified_time":"2024-06-26T04:03:59+00:00","og_image":[{"width":1200,"height":628,"url":"https:\/\/www.producempresarial.pe\/wp-content\/uploads\/2024\/02\/image-logo-share.png","type":"image\/png"}],"twitter_card":"summary_large_image","twitter_misc":{"Est. reading time":"1 minute"},"schema":{"@context":"https:\/\/schema.org","@graph":[{"@type":"WebPage","@id":"https:\/\/www.producempresarial.pe\/comercio-externo-publicaciones-guia\/","url":"https:\/\/www.producempresarial.pe\/comercio-externo-publicaciones-guia\/","name":"Comercio-Externo-Publicaciones-Guia - Observatorio PRODUCEmpresarial","isPartOf":{"@id":"https:\/\/www.producempresarial.pe\/#website"},"datePublished":"2024-01-25T16:21:48+00:00","dateModified":"2024-06-26T04:03:59+00:00","breadcrumb":{"@id":"https:\/\/www.producempresarial.pe\/comercio-externo-publicaciones-guia\/#breadcrumb"},"inLanguage":"en-US","potentialAction":[{"@type":"ReadAction","target":["https:\/\/www.producempresarial.pe\/comercio-externo-publicaciones-guia\/"]}]},{"@type":"BreadcrumbList","@id":"https:\/\/www.producempresarial.pe\/comercio-externo-publicaciones-guia\/#breadcrumb","itemListElement":[{"@type":"ListItem","position":1,"name":"Home","item":"https:\/\/www.producempresarial.pe\/"},{"@type":"ListItem","position":2,"name":"Comercio-Externo-Publicaciones-Guia"}]},{"@type":"WebSite","@id":"https:\/\/www.producempresarial.pe\/#website","url":"https:\/\/www.producempresarial.pe\/","name":"PRODUCEmpresarial Observatory","description":"Herramienta estrat\u00e9gica que integra y genera peri\u00f3dicamente evidencia y an\u00e1lisis sobre el desempe\u00f1o productivo del sector empresarial, as\u00ed como contribuye en la difusi\u00f3n de informaci\u00f3n y documentos t\u00e9cnicos anal\u00edticos y especializados sobre el desempe\u00f1o de las empresas en el Per\u00fa.","publisher":{"@id":"https:\/\/www.producempresarial.pe\/#organization"},"potentialAction":[{"@type":"SearchAction","target":{"@type":"EntryPoint","urlTemplate":"https:\/\/www.producempresarial.pe\/?s={search_term_string}"},"query-input":{"@type":"PropertyValueSpecification","valueRequired":true,"valueName":"search_term_string"}}],"inLanguage":"en-US"},{"@type":"Organization","@id":"https:\/\/www.producempresarial.pe\/#organization","name":"PRDOUCE","url":"https:\/\/www.producempresarial.pe\/","logo":{"@type":"ImageObject","inLanguage":"en-US","@id":"https:\/\/www.producempresarial.pe\/#\/schema\/logo\/image\/","url":"https:\/\/www.producempresarial.pe\/wp-content\/uploads\/2024\/02\/image-logo-share.png","contentUrl":"https:\/\/www.producempresarial.pe\/wp-content\/uploads\/2024\/02\/image-logo-share.png","width":1200,"height":628,"caption":"PRDOUCE"},"image":{"@id":"https:\/\/www.producempresarial.pe\/#\/schema\/logo\/image\/"}}]}},"_links":{"self":[{"href":"https:\/\/www.producempresarial.pe\/en\/wp-json\/wp\/v2\/pages\/6972","targetHints":{"allow":["GET"]}}],"collection":[{"href":"https:\/\/www.producempresarial.pe\/en\/wp-json\/wp\/v2\/pages"}],"about":[{"href":"https:\/\/www.producempresarial.pe\/en\/wp-json\/wp\/v2\/types\/page"}],"author":[{"embeddable":true,"href":"https:\/\/www.producempresarial.pe\/en\/wp-json\/wp\/v2\/users\/1"}],"replies":[{"embeddable":true,"href":"https:\/\/www.producempresarial.pe\/en\/wp-json\/wp\/v2\/comments?post=6972"}],"version-history":[{"count":23,"href":"https:\/\/www.producempresarial.pe\/en\/wp-json\/wp\/v2\/pages\/6972\/revisions"}],"predecessor-version":[{"id":17478,"href":"https:\/\/www.producempresarial.pe\/en\/wp-json\/wp\/v2\/pages\/6972\/revisions\/17478"}],"wp:attachment":[{"href":"https:\/\/www.producempresarial.pe\/en\/wp-json\/wp\/v2\/media?parent=6972"}],"curies":[{"name":"wp","href":"https:\/\/api.w.org\/{rel}","templated":true}]}}