{"id":7871,"date":"2024-01-26T15:21:26","date_gmt":"2024-01-26T20:21:26","guid":{"rendered":"https:\/\/www.producempresarial.pe\/?page_id=7871"},"modified":"2025-08-28T10:39:42","modified_gmt":"2025-08-28T15:39:42","slug":"tejido-empresas-tablero-productividad","status":"publish","type":"page","link":"https:\/\/www.producempresarial.pe\/en\/tejido-empresas-tablero-productividad\/","title":{"rendered":"tejido-empresas-tablero-productividad"},"content":{"rendered":"<div data-elementor-type=\"wp-page\" data-elementor-id=\"7871\" class=\"elementor elementor-7871\" data-elementor-post-type=\"page\">\n\t\t\t\t<div class=\"elementor-element elementor-element-f63b679 e-grid e-con-full e-con e-child\" data-id=\"f63b679\" data-element_type=\"container\" data-e-type=\"container\" data-settings=\"{&quot;background_background&quot;:&quot;classic&quot;}\">\n\t\t<div class=\"elementor-element elementor-element-c1f9203 e-grid e-con-full e-con e-child\" data-id=\"c1f9203\" data-element_type=\"container\" data-e-type=\"container\">\n\t\t\t\t<div class=\"elementor-element elementor-element-64a806a elementor-widget elementor-widget-heading\" data-id=\"64a806a\" data-element_type=\"widget\" data-e-type=\"widget\" data-widget_type=\"heading.default\">\n\t\t\t\t<div class=\"elementor-widget-container\">\n\t\t\t\t\t<h2 class=\"elementor-heading-title elementor-size-default\">Business Statistics<\/h2>\t\t\t\t<\/div>\n\t\t\t\t<\/div>\n\t\t\t\t<\/div>\n\t\t\t\t<\/div>\n\t\t<div class=\"elementor-element elementor-element-f9a990d e-con-full e-flex e-con e-parent\" data-id=\"f9a990d\" data-element_type=\"container\" data-e-type=\"container\">\n\t\t\t\t<div class=\"elementor-element elementor-element-dedd725 elementor-widget elementor-widget-html\" data-id=\"dedd725\" data-element_type=\"widget\" data-e-type=\"widget\" data-widget_type=\"html.default\">\n\t\t\t\t<div class=\"elementor-widget-container\">\n\t\t\t\t\t<div id='migas_de_pan' class='d-flex'>\n        <div id='div_opcion_inicio'>Home<\/div> \n        <div class='sep_opciones'>&gt;<\/div>\n        <div id='div_opcion_inicio'>Business Sector<\/div> \n        <div class='sep_opciones'>&gt;<\/div>\n        <div id='div_opcion_submenu_principal'>Business Statistics<\/div>\n        <div class='sep_opciones'>&gt;<\/div>\n        <div id='div_opcion_submenu_principal'>Dashboards<\/div>\n        <div class='sep_opciones'>&gt;<\/div>\n        <div id='div_opcion_submenu_principal2'>Business Productivity<\/div>\n\t<\/div>\t\t\t\t<\/div>\n\t\t\t\t<\/div>\n\t\t\t\t<\/div>\n\t\t<div class=\"elementor-element elementor-element-4a60451 e-con-full contenedorAdministrable e-flex e-con e-parent\" data-id=\"4a60451\" data-element_type=\"container\" data-e-type=\"container\">\n\t\t<div class=\"elementor-element elementor-element-8367d28 e-con-full bloque1Administrable e-flex e-con e-child\" data-id=\"8367d28\" data-element_type=\"container\" data-e-type=\"container\">\n\t\t\t\t<div class=\"elementor-element elementor-element-c9f12a4 elementor-widget elementor-widget-shortcode\" data-id=\"c9f12a4\" data-element_type=\"widget\" data-e-type=\"widget\" data-widget_type=\"shortcode.default\">\n\t\t\t\t<div class=\"elementor-widget-container\">\n\t\t\t\t\t\t\t<div class=\"elementor-shortcode\">\n        <input type='hidden' name='opcionMenu' id='opcionMenu' value='tejido_empresarial'>\n        <input type='hidden' name='urlWeb' id='urlWeb' value='https:\/\/www.producempresarial.pe\/'>\n        <input type='hidden' name='slugWeb' id='slugWeb' value='wp-json\/wp\/v2\/pages\/7871'>\n        <div class='row g-2' id='divContainerPublicaciones'>\n            <div class='col-12' id='menuGeneral'>\n                <div class='card menuCard'>\n                    <div id='divmenuGeneral' class='card-body'>\n                        <div id='divMenuGeneral' class='container-fluid'>\n                            <nav id='navMenuGeneral'>\n                                <ul>\n                                    <li>\n                                        <a class='tipoPublicacion' onclick = 'event.preventDefault();' href='#'>\n                                            <p class='card-text text-center mb-3  classNombreCategoria'>Business in Numbers Dashboard<\/p>\n                                            <input type='hidden' class='slug' value='tejido-empresas-tablero-numeros'>\n                                        <\/a>\n                                    <\/li>\n                                    <li>\n                                        <a class='tipoPublicacion' onclick = 'event.preventDefault();' href='#'>\n                                            <p class='card-text text-center mb-3  classNombreCategoria'>Business Employment Dashboard<\/p>\n                                            <input type='hidden' class='slug' value='tejido-empresas-tablero-empleo'>\n                                        <\/a>\n                                    <\/li>\n                                    <li>\n                                        <a class='tipoPublicacion' onclick = 'event.preventDefault();' href='#'>\n                                            <p class='card-text text-center mb-3  classNombreCategoria'>Informal Employment Dashboard<\/p>\n                                            <input type='hidden' class='slug' value='tejido-empresas-tablero-informalidad'>\n                                        <\/a>\n                                    <\/li>\n                                    <li>\n                                        <a class='tipoPublicacion' onclick = 'event.preventDefault();' href='#'>\n                                            <p class='card-text text-center mb-3  classNombreCategoria'>Business Productivity<\/p>\n                                            <input type='hidden' class='slug' value='tejido-empresas-tablero-productividad'>\n                                        <\/a>\n                                    <\/li>\n                                    <li>\n                                        <a class='tipoPublicacion' onclick = 'event.preventDefault();' href='#'>\n                                            <p class='card-text text-center mb-3  classNombreCategoria'>Business Dynamics<\/p>\n                                            <input type='hidden' class='slug' value='tejido-empresas-tablero-sobrevivencia'>\n                                        <\/a>\n                                    <\/li>\n                                    \n                                    \n                                    <\/ul>\n                            <\/nav>\n                        <\/div>\n                    <\/div>\n                <\/div>\n            <\/div>\n        <\/div>\n    \n    <\/div>\n\t\t\t\t\t\t<\/div>\n\t\t\t\t<\/div>\n\t\t\t\t<\/div>\n\t\t<div class=\"elementor-element elementor-element-b388a52 e-con-full bloque2Administrable e-flex e-con e-child\" data-id=\"b388a52\" data-element_type=\"container\" data-e-type=\"container\">\n\t\t\t\t<div class=\"elementor-element elementor-element-4361a71 elementor-widget elementor-widget-heading\" data-id=\"4361a71\" data-element_type=\"widget\" data-e-type=\"widget\" data-widget_type=\"heading.default\">\n\t\t\t\t<div class=\"elementor-widget-container\">\n\t\t\t\t\t<h3 class=\"elementor-heading-title elementor-size-default\">Productivity<\/h3>\t\t\t\t<\/div>\n\t\t\t\t<\/div>\n\t\t\t\t<div class=\"elementor-element elementor-element-7f1db3b elementor-widget elementor-widget-heading\" data-id=\"7f1db3b\" data-element_type=\"widget\" data-e-type=\"widget\" data-widget_type=\"heading.default\">\n\t\t\t\t<div class=\"elementor-widget-container\">\n\t\t\t\t\t<h6 class=\"elementor-heading-title elementor-size-default\">Total Factor Productivity (TFP)<\/h6>\t\t\t\t<\/div>\n\t\t\t\t<\/div>\n\t\t\t\t<div class=\"elementor-element elementor-element-3f8811a elementor-widget elementor-widget-text-editor\" data-id=\"3f8811a\" data-element_type=\"widget\" data-e-type=\"widget\" data-widget_type=\"text-editor.default\">\n\t\t\t\t<div class=\"elementor-widget-container\">\n\t\t\t\t\t\t\t\t\t<p>Total Factor Productivity (TFP) in Peru has shown a modest recovery, improving from -2.0% (2021\u20132023) to -1.3% in 2024. However, structural reforms remain essential to sustain and further accelerate this progress.<\/p>\t\t\t\t\t\t\t\t<\/div>\n\t\t\t\t<\/div>\n\t\t\t\t<div class=\"elementor-element elementor-element-8162a05 elementor-invisible elementor-widget elementor-widget-image\" data-id=\"8162a05\" data-element_type=\"widget\" data-e-type=\"widget\" data-settings=\"{&quot;_animation&quot;:&quot;zoomIn&quot;}\" data-widget_type=\"image.default\">\n\t\t\t\t<div class=\"elementor-widget-container\">\n\t\t\t\t\t\t\t\t\t\t\t\t\t\t\t<img fetchpriority=\"high\" decoding=\"async\" width=\"900\" height=\"459\" src=\"https:\/\/www.producempresarial.pe\/wp-content\/uploads\/2025\/08\/tejido-empresarial-vs1-.jpg\" class=\"elementor-animation-grow attachment-large size-large wp-image-27711\" alt=\"\" \/>\t\t\t\t\t\t\t\t\t\t\t\t\t\t\t<\/div>\n\t\t\t\t<\/div>\n\t\t\t\t<div class=\"elementor-element elementor-element-d070b07 elementor-widget elementor-widget-heading\" data-id=\"d070b07\" data-element_type=\"widget\" data-e-type=\"widget\" data-widget_type=\"heading.default\">\n\t\t\t\t<div class=\"elementor-widget-container\">\n\t\t\t\t\t<h6 class=\"elementor-heading-title elementor-size-default\">Labor Productivity per Employed Person (PPP)*<\/h6>\t\t\t\t<\/div>\n\t\t\t\t<\/div>\n\t\t\t\t<div class=\"elementor-element elementor-element-ac9a209 elementor-widget elementor-widget-text-editor\" data-id=\"ac9a209\" data-element_type=\"widget\" data-e-type=\"widget\" data-widget_type=\"text-editor.default\">\n\t\t\t\t<div class=\"elementor-widget-container\">\n\t\t\t\t\t\t\t\t\t<p>In Peru, labor productivity per person recorded a modest increase of 1.3% per year over the past two years (2023\u20132024).<\/p>\t\t\t\t\t\t\t\t<\/div>\n\t\t\t\t<\/div>\n\t\t<div class=\"elementor-element elementor-element-108c24e e-con-full e-flex elementor-invisible e-con e-child\" data-id=\"108c24e\" data-element_type=\"container\" data-e-type=\"container\" data-settings=\"{&quot;animation&quot;:&quot;zoomIn&quot;}\">\n\t\t\t\t<div class=\"elementor-element elementor-element-ea99d78 elementor-widget elementor-widget-image\" data-id=\"ea99d78\" data-element_type=\"widget\" data-e-type=\"widget\" data-widget_type=\"image.default\">\n\t\t\t\t<div class=\"elementor-widget-container\">\n\t\t\t\t\t\t\t\t\t\t\t\t\t\t\t<img decoding=\"async\" width=\"900\" height=\"466\" src=\"https:\/\/www.producempresarial.pe\/wp-content\/uploads\/2025\/08\/tejido-empresarial-vs2-.jpg\" class=\"elementor-animation-grow attachment-large size-large wp-image-27712\" alt=\"\" \/>\t\t\t\t\t\t\t\t\t\t\t\t\t\t\t<\/div>\n\t\t\t\t<\/div>\n\t\t\t\t<\/div>\n\t\t\t\t<\/div>\n\t\t\t\t<\/div>\n\t\t\t\t<\/div>","protected":false},"excerpt":{"rendered":"<p>Empresas en N\u00fameros Inicio &gt; Tejido Empresarial &gt; Empresas en N\u00fameros &gt; Tableros &gt; Productividad Empresarial Productividad Productividad Total de Factores (PTF) La PTF en el Per\u00fa muestra una leve recuperaci\u00f3n, pasando de -2.0% (2021-2023) a -1.3% en 2024, aunque a\u00fan se requieren reformas estructurales para sostener y acelerar esta mejora. Productividad laboral por persona &#8230; <a title=\"tejido-empresas-tablero-productividad\" class=\"read-more\" href=\"https:\/\/www.producempresarial.pe\/en\/tejido-empresas-tablero-productividad\/\" aria-label=\"Read more about tejido-empresas-tablero-productividad\">Read more<\/a><\/p>","protected":false},"author":1,"featured_media":0,"parent":0,"menu_order":0,"comment_status":"closed","ping_status":"closed","template":"elementor_header_footer","meta":{"_acf_changed":false,"footnotes":""},"class_list":["post-7871","page","type-page","status-publish"],"acf":[],"yoast_head":"<!-- This site is optimized with the Yoast SEO plugin v27.1.1 - https:\/\/yoast.com\/product\/yoast-seo-wordpress\/ -->\n<title>tejido-empresas-tablero-productividad - Observatorio PRODUCEmpresarial<\/title>\n<meta name=\"robots\" content=\"index, follow, max-snippet:-1, max-image-preview:large, max-video-preview:-1\" \/>\n<link rel=\"canonical\" href=\"https:\/\/www.producempresarial.pe\/en\/tejido-empresas-tablero-productividad\/\" \/>\n<meta property=\"og:locale\" content=\"en_US\" \/>\n<meta property=\"og:type\" content=\"article\" \/>\n<meta property=\"og:title\" content=\"tejido-empresas-tablero-productividad - Observatorio PRODUCEmpresarial\" \/>\n<meta property=\"og:description\" content=\"Empresas en N\u00fameros Inicio &gt; Tejido Empresarial &gt; Empresas en N\u00fameros &gt; Tableros &gt; Productividad Empresarial Productividad Productividad Total de Factores (PTF) La PTF en el Per\u00fa muestra una leve recuperaci\u00f3n, pasando de -2.0% (2021-2023) a -1.3% en 2024, aunque a\u00fan se requieren reformas estructurales para sostener y acelerar esta mejora. Productividad laboral por persona ... Read more\" \/>\n<meta property=\"og:url\" content=\"https:\/\/www.producempresarial.pe\/en\/tejido-empresas-tablero-productividad\/\" \/>\n<meta property=\"og:site_name\" content=\"Observatorio PRODUCEmpresarial\" \/>\n<meta property=\"article:modified_time\" content=\"2025-08-28T15:39:42+00:00\" \/>\n<meta property=\"og:image\" content=\"https:\/\/www.producempresarial.pe\/wp-content\/uploads\/2025\/08\/tejido-empresarial-vs1-.jpg\" \/>\n\t<meta property=\"og:image:width\" content=\"1068\" \/>\n\t<meta property=\"og:image:height\" content=\"545\" \/>\n\t<meta property=\"og:image:type\" content=\"image\/jpeg\" \/>\n<meta name=\"twitter:card\" content=\"summary_large_image\" \/>\n<meta name=\"twitter:label1\" content=\"Est. reading time\" \/>\n\t<meta name=\"twitter:data1\" content=\"1 minute\" \/>\n<script type=\"application\/ld+json\" class=\"yoast-schema-graph\">{\"@context\":\"https:\/\/schema.org\",\"@graph\":[{\"@type\":\"WebPage\",\"@id\":\"https:\/\/www.producempresarial.pe\/tejido-empresas-tablero-productividad\/\",\"url\":\"https:\/\/www.producempresarial.pe\/tejido-empresas-tablero-productividad\/\",\"name\":\"tejido-empresas-tablero-productividad - Observatorio PRODUCEmpresarial\",\"isPartOf\":{\"@id\":\"https:\/\/www.producempresarial.pe\/#website\"},\"primaryImageOfPage\":{\"@id\":\"https:\/\/www.producempresarial.pe\/tejido-empresas-tablero-productividad\/#primaryimage\"},\"image\":{\"@id\":\"https:\/\/www.producempresarial.pe\/tejido-empresas-tablero-productividad\/#primaryimage\"},\"thumbnailUrl\":\"https:\/\/www.producempresarial.pe\/wp-content\/uploads\/2025\/08\/tejido-empresarial-vs1-.jpg\",\"datePublished\":\"2024-01-26T20:21:26+00:00\",\"dateModified\":\"2025-08-28T15:39:42+00:00\",\"breadcrumb\":{\"@id\":\"https:\/\/www.producempresarial.pe\/tejido-empresas-tablero-productividad\/#breadcrumb\"},\"inLanguage\":\"en-US\",\"potentialAction\":[{\"@type\":\"ReadAction\",\"target\":[\"https:\/\/www.producempresarial.pe\/tejido-empresas-tablero-productividad\/\"]}]},{\"@type\":\"ImageObject\",\"inLanguage\":\"en-US\",\"@id\":\"https:\/\/www.producempresarial.pe\/tejido-empresas-tablero-productividad\/#primaryimage\",\"url\":\"https:\/\/www.producempresarial.pe\/wp-content\/uploads\/2025\/08\/tejido-empresarial-vs1-.jpg\",\"contentUrl\":\"https:\/\/www.producempresarial.pe\/wp-content\/uploads\/2025\/08\/tejido-empresarial-vs1-.jpg\"},{\"@type\":\"BreadcrumbList\",\"@id\":\"https:\/\/www.producempresarial.pe\/tejido-empresas-tablero-productividad\/#breadcrumb\",\"itemListElement\":[{\"@type\":\"ListItem\",\"position\":1,\"name\":\"Home\",\"item\":\"https:\/\/www.producempresarial.pe\/\"},{\"@type\":\"ListItem\",\"position\":2,\"name\":\"tejido-empresas-tablero-productividad\"}]},{\"@type\":\"WebSite\",\"@id\":\"https:\/\/www.producempresarial.pe\/#website\",\"url\":\"https:\/\/www.producempresarial.pe\/\",\"name\":\"Observatorio PRODUCEmpresarial\",\"description\":\"Herramienta estrat\u00e9gica que integra y genera peri\u00f3dicamente evidencia y an\u00e1lisis sobre el desempe\u00f1o productivo del sector empresarial, as\u00ed como contribuye en la difusi\u00f3n de informaci\u00f3n y documentos t\u00e9cnicos anal\u00edticos y especializados sobre el desempe\u00f1o de las empresas en el Per\u00fa.\",\"publisher\":{\"@id\":\"https:\/\/www.producempresarial.pe\/#organization\"},\"potentialAction\":[{\"@type\":\"SearchAction\",\"target\":{\"@type\":\"EntryPoint\",\"urlTemplate\":\"https:\/\/www.producempresarial.pe\/?s={search_term_string}\"},\"query-input\":{\"@type\":\"PropertyValueSpecification\",\"valueRequired\":true,\"valueName\":\"search_term_string\"}}],\"inLanguage\":\"en-US\"},{\"@type\":\"Organization\",\"@id\":\"https:\/\/www.producempresarial.pe\/#organization\",\"name\":\"PRDOUCE\",\"url\":\"https:\/\/www.producempresarial.pe\/\",\"logo\":{\"@type\":\"ImageObject\",\"inLanguage\":\"en-US\",\"@id\":\"https:\/\/www.producempresarial.pe\/#\/schema\/logo\/image\/\",\"url\":\"https:\/\/www.producempresarial.pe\/wp-content\/uploads\/2024\/02\/image-logo-share.png\",\"contentUrl\":\"https:\/\/www.producempresarial.pe\/wp-content\/uploads\/2024\/02\/image-logo-share.png\",\"width\":1200,\"height\":628,\"caption\":\"PRDOUCE\"},\"image\":{\"@id\":\"https:\/\/www.producempresarial.pe\/#\/schema\/logo\/image\/\"}}]}<\/script>\n<!-- \/ Yoast SEO plugin. -->","yoast_head_json":{"title":"tejido-empresas-tablero-productividad - Observatorio PRODUCEmpresarial","robots":{"index":"index","follow":"follow","max-snippet":"max-snippet:-1","max-image-preview":"max-image-preview:large","max-video-preview":"max-video-preview:-1"},"canonical":"https:\/\/www.producempresarial.pe\/en\/tejido-empresas-tablero-productividad\/","og_locale":"en_US","og_type":"article","og_title":"tejido-empresas-tablero-productividad - Observatorio PRODUCEmpresarial","og_description":"Empresas en N\u00fameros Inicio &gt; Tejido Empresarial &gt; Empresas en N\u00fameros &gt; Tableros &gt; Productividad Empresarial Productividad Productividad Total de Factores (PTF) La PTF en el Per\u00fa muestra una leve recuperaci\u00f3n, pasando de -2.0% (2021-2023) a -1.3% en 2024, aunque a\u00fan se requieren reformas estructurales para sostener y acelerar esta mejora. Productividad laboral por persona ... Read more","og_url":"https:\/\/www.producempresarial.pe\/en\/tejido-empresas-tablero-productividad\/","og_site_name":"Observatorio PRODUCEmpresarial","article_modified_time":"2025-08-28T15:39:42+00:00","og_image":[{"width":1068,"height":545,"url":"https:\/\/www.producempresarial.pe\/wp-content\/uploads\/2025\/08\/tejido-empresarial-vs1-.jpg","type":"image\/jpeg"}],"twitter_card":"summary_large_image","twitter_misc":{"Est. reading time":"1 minute"},"schema":{"@context":"https:\/\/schema.org","@graph":[{"@type":"WebPage","@id":"https:\/\/www.producempresarial.pe\/tejido-empresas-tablero-productividad\/","url":"https:\/\/www.producempresarial.pe\/tejido-empresas-tablero-productividad\/","name":"tejido-empresas-tablero-productividad - Observatorio PRODUCEmpresarial","isPartOf":{"@id":"https:\/\/www.producempresarial.pe\/#website"},"primaryImageOfPage":{"@id":"https:\/\/www.producempresarial.pe\/tejido-empresas-tablero-productividad\/#primaryimage"},"image":{"@id":"https:\/\/www.producempresarial.pe\/tejido-empresas-tablero-productividad\/#primaryimage"},"thumbnailUrl":"https:\/\/www.producempresarial.pe\/wp-content\/uploads\/2025\/08\/tejido-empresarial-vs1-.jpg","datePublished":"2024-01-26T20:21:26+00:00","dateModified":"2025-08-28T15:39:42+00:00","breadcrumb":{"@id":"https:\/\/www.producempresarial.pe\/tejido-empresas-tablero-productividad\/#breadcrumb"},"inLanguage":"en-US","potentialAction":[{"@type":"ReadAction","target":["https:\/\/www.producempresarial.pe\/tejido-empresas-tablero-productividad\/"]}]},{"@type":"ImageObject","inLanguage":"en-US","@id":"https:\/\/www.producempresarial.pe\/tejido-empresas-tablero-productividad\/#primaryimage","url":"https:\/\/www.producempresarial.pe\/wp-content\/uploads\/2025\/08\/tejido-empresarial-vs1-.jpg","contentUrl":"https:\/\/www.producempresarial.pe\/wp-content\/uploads\/2025\/08\/tejido-empresarial-vs1-.jpg"},{"@type":"BreadcrumbList","@id":"https:\/\/www.producempresarial.pe\/tejido-empresas-tablero-productividad\/#breadcrumb","itemListElement":[{"@type":"ListItem","position":1,"name":"Home","item":"https:\/\/www.producempresarial.pe\/"},{"@type":"ListItem","position":2,"name":"tejido-empresas-tablero-productividad"}]},{"@type":"WebSite","@id":"https:\/\/www.producempresarial.pe\/#website","url":"https:\/\/www.producempresarial.pe\/","name":"Observatorio PRODUCEmpresarial","description":"Herramienta estrat\u00e9gica que integra y genera peri\u00f3dicamente evidencia y an\u00e1lisis sobre el desempe\u00f1o productivo del sector empresarial, as\u00ed como contribuye en la difusi\u00f3n de informaci\u00f3n y documentos t\u00e9cnicos anal\u00edticos y especializados sobre el desempe\u00f1o de las empresas en el Per\u00fa.","publisher":{"@id":"https:\/\/www.producempresarial.pe\/#organization"},"potentialAction":[{"@type":"SearchAction","target":{"@type":"EntryPoint","urlTemplate":"https:\/\/www.producempresarial.pe\/?s={search_term_string}"},"query-input":{"@type":"PropertyValueSpecification","valueRequired":true,"valueName":"search_term_string"}}],"inLanguage":"en-US"},{"@type":"Organization","@id":"https:\/\/www.producempresarial.pe\/#organization","name":"PRDOUCE","url":"https:\/\/www.producempresarial.pe\/","logo":{"@type":"ImageObject","inLanguage":"en-US","@id":"https:\/\/www.producempresarial.pe\/#\/schema\/logo\/image\/","url":"https:\/\/www.producempresarial.pe\/wp-content\/uploads\/2024\/02\/image-logo-share.png","contentUrl":"https:\/\/www.producempresarial.pe\/wp-content\/uploads\/2024\/02\/image-logo-share.png","width":1200,"height":628,"caption":"PRDOUCE"},"image":{"@id":"https:\/\/www.producempresarial.pe\/#\/schema\/logo\/image\/"}}]}},"_links":{"self":[{"href":"https:\/\/www.producempresarial.pe\/en\/wp-json\/wp\/v2\/pages\/7871","targetHints":{"allow":["GET"]}}],"collection":[{"href":"https:\/\/www.producempresarial.pe\/en\/wp-json\/wp\/v2\/pages"}],"about":[{"href":"https:\/\/www.producempresarial.pe\/en\/wp-json\/wp\/v2\/types\/page"}],"author":[{"embeddable":true,"href":"https:\/\/www.producempresarial.pe\/en\/wp-json\/wp\/v2\/users\/1"}],"replies":[{"embeddable":true,"href":"https:\/\/www.producempresarial.pe\/en\/wp-json\/wp\/v2\/comments?post=7871"}],"version-history":[{"count":46,"href":"https:\/\/www.producempresarial.pe\/en\/wp-json\/wp\/v2\/pages\/7871\/revisions"}],"predecessor-version":[{"id":27715,"href":"https:\/\/www.producempresarial.pe\/en\/wp-json\/wp\/v2\/pages\/7871\/revisions\/27715"}],"wp:attachment":[{"href":"https:\/\/www.producempresarial.pe\/en\/wp-json\/wp\/v2\/media?parent=7871"}],"curies":[{"name":"wp","href":"https:\/\/api.w.org\/{rel}","templated":true}]}}