{"id":7915,"date":"2024-01-26T15:32:48","date_gmt":"2024-01-26T20:32:48","guid":{"rendered":"https:\/\/www.producempresarial.pe\/?page_id=7915"},"modified":"2024-06-25T23:05:12","modified_gmt":"2024-06-26T04:05:12","slug":"comercio-externo-tablero-productos","status":"publish","type":"page","link":"https:\/\/www.producempresarial.pe\/en\/comercio-externo-tablero-productos\/","title":{"rendered":"comercio-externo-tablero-productos"},"content":{"rendered":"<div data-elementor-type=\"wp-page\" data-elementor-id=\"7915\" class=\"elementor elementor-7915\" data-elementor-post-type=\"page\">\n\t\t\t\t<div class=\"elementor-element elementor-element-cbc5c1f e-grid e-con-full e-con e-child\" data-id=\"cbc5c1f\" data-element_type=\"container\" data-e-type=\"container\" data-settings=\"{&quot;background_background&quot;:&quot;classic&quot;}\">\n\t\t<div class=\"elementor-element elementor-element-190b352 e-grid e-con-full e-con e-child\" data-id=\"190b352\" data-element_type=\"container\" data-e-type=\"container\">\n\t\t\t\t<div class=\"elementor-element elementor-element-eb35707 elementor-widget elementor-widget-heading\" data-id=\"eb35707\" data-element_type=\"widget\" data-e-type=\"widget\" data-widget_type=\"heading.default\">\n\t\t\t\t<div class=\"elementor-widget-container\">\n\t\t\t\t\t<h2 class=\"elementor-heading-title elementor-size-default\">Foreign Trade<\/h2>\t\t\t\t<\/div>\n\t\t\t\t<\/div>\n\t\t\t\t<\/div>\n\t\t\t\t<\/div>\n\t\t<div class=\"elementor-element elementor-element-f9a990d e-con-full e-flex e-con e-parent\" data-id=\"f9a990d\" data-element_type=\"container\" data-e-type=\"container\">\n\t\t\t\t<div class=\"elementor-element elementor-element-dedd725 elementor-widget elementor-widget-html\" data-id=\"dedd725\" data-element_type=\"widget\" data-e-type=\"widget\" data-widget_type=\"html.default\">\n\t\t\t\t<div class=\"elementor-widget-container\">\n\t\t\t\t\t<div id='migas_de_pan' class='d-flex'>\n        <div id='div_opcion_inicio'>Home<\/div> \n        <div class='sep_opciones'>&gt;<\/div>\n        <div id='div_opcion_inicio'>Trade<\/div> \n        <div class='sep_opciones'>&gt;<\/div>\n        <div id='div_opcion_submenu_principal'>Foreign Trade<\/div>\n        <div class='sep_opciones'>&gt;<\/div>\n        <div id='div_opcion_submenu_principal'>Dashboards<\/div>\n        <div class='sep_opciones'>&gt;<\/div>\n        <div id='div_opcion_submenu_principal2'>Main exported products dashboard<\/div>\n\t<\/div>\t\t\t\t<\/div>\n\t\t\t\t<\/div>\n\t\t\t\t<\/div>\n\t\t<div class=\"elementor-element elementor-element-4a60451 e-con-full contenedorAdministrable e-flex e-con e-parent\" data-id=\"4a60451\" data-element_type=\"container\" data-e-type=\"container\">\n\t\t<div class=\"elementor-element elementor-element-8367d28 e-con-full bloque1Administrable e-flex e-con e-child\" data-id=\"8367d28\" data-element_type=\"container\" data-e-type=\"container\">\n\t\t\t\t<div class=\"elementor-element elementor-element-c9f12a4 elementor-widget elementor-widget-shortcode\" data-id=\"c9f12a4\" data-element_type=\"widget\" data-e-type=\"widget\" data-widget_type=\"shortcode.default\">\n\t\t\t\t<div class=\"elementor-widget-container\">\n\t\t\t\t\t\t\t<div class=\"elementor-shortcode\">\n        <input type='hidden' name='opcionMenu' id='opcionMenu' value='tejido_empresarial'>\n        <input type='hidden' name='urlWeb' id='urlWeb' value='https:\/\/www.producempresarial.pe\/'>\n        <input type='hidden' name='slugWeb' id='slugWeb' value='wp-json\/wp\/v2\/pages\/7915'>\n        <div class='row g-2' id='divContainerPublicaciones'>\n            <div class='col-12' id='menuGeneral'>\n                <div class='card menuCard'>\n                    <div id='divmenuGeneral' class='card-body'>\n                        <div id='divMenuGeneral' class='container-fluid'>\n                            <nav id='navMenuGeneral'>\n                                <ul>\n                                    <li>\n                                        <a class='tipoPublicacion' onclick = 'event.preventDefault();' href='#'>\n                                            <p class='card-text text-center mb-3  classNombreCategoria'>External Trade Dashboard<\/p>\n                                            <input type='hidden' class='slug' value='comercio-externo-tablero-comercio'>\n                                        <\/a>\n                                    <\/li>\n                                    <li>\n                                        <a class='tipoPublicacion' onclick = 'event.preventDefault();' href='#'>\n                                            <p class='card-text text-center mb-3  classNombreCategoria'>Main exported products dashboard<\/p>\n                                            <input type='hidden' class='slug' value='comercio-externo-tablero-productos'>\n                                        <\/a>\n                                    <\/li>                                   \n                                    \n                                    <\/ul>\n                            <\/nav>\n                        <\/div>\n                    <\/div>\n                <\/div>\n            <\/div>\n        <\/div>\n    \n    <\/div>\n\t\t\t\t\t\t<\/div>\n\t\t\t\t<\/div>\n\t\t\t\t<\/div>\n\t\t<div class=\"elementor-element elementor-element-b388a52 e-con-full bloque2Administrable e-flex e-con e-child\" data-id=\"b388a52\" data-element_type=\"container\" data-e-type=\"container\">\n\t\t\t\t<div class=\"elementor-element elementor-element-25a065c elementor-widget elementor-widget-html\" data-id=\"25a065c\" data-element_type=\"widget\" data-e-type=\"widget\" data-widget_type=\"html.default\">\n\t\t\t\t<div class=\"elementor-widget-container\">\n\t\t\t\t\t<iframe  id='cuerpoPrincipal' src='https:\/\/app.powerbi.com\/view?r=eyJrIjoiMzc1OTc0MTItZmJlNC00YTE1LWEwYzAtODVjM2M2NmExYjUxIiwidCI6ImMzNGNjOGM2LTJiMjctNDA0Mi1hMGE2LWI3OWZiMmM0NDE4NyIsImMiOjR9' frameborder='0' allowfullscreen style='height: 100vh'><\/iframe>\t\t\t\t<\/div>\n\t\t\t\t<\/div>\n\t\t\t\t<\/div>\n\t\t\t\t<\/div>\n\t\t\t\t<\/div>","protected":false},"excerpt":{"rendered":"<p>Comercio Externo Inicio &gt; Comercio &gt; Comercio Externo &gt; Tableros &gt; Tablero Principales Productos Exportados<\/p>","protected":false},"author":1,"featured_media":0,"parent":0,"menu_order":0,"comment_status":"closed","ping_status":"closed","template":"elementor_header_footer","meta":{"_acf_changed":false,"footnotes":""},"class_list":["post-7915","page","type-page","status-publish"],"acf":[],"yoast_head":"<!-- This site is optimized with the Yoast SEO plugin v27.1.1 - https:\/\/yoast.com\/product\/yoast-seo-wordpress\/ -->\n<title>comercio-externo-tablero-productos - Observatorio PRODUCEmpresarial<\/title>\n<meta name=\"robots\" content=\"index, follow, max-snippet:-1, max-image-preview:large, max-video-preview:-1\" \/>\n<link rel=\"canonical\" href=\"https:\/\/www.producempresarial.pe\/en\/comercio-externo-tablero-productos\/\" \/>\n<meta property=\"og:locale\" content=\"en_US\" \/>\n<meta property=\"og:type\" content=\"article\" \/>\n<meta property=\"og:title\" content=\"comercio-externo-tablero-productos - Observatorio PRODUCEmpresarial\" \/>\n<meta property=\"og:description\" content=\"Comercio Externo Inicio &gt; Comercio &gt; Comercio Externo &gt; Tableros &gt; Tablero Principales Productos Exportados\" \/>\n<meta property=\"og:url\" content=\"https:\/\/www.producempresarial.pe\/en\/comercio-externo-tablero-productos\/\" \/>\n<meta property=\"og:site_name\" content=\"Observatorio PRODUCEmpresarial\" \/>\n<meta property=\"article:modified_time\" content=\"2024-06-26T04:05:12+00:00\" \/>\n<meta property=\"og:image\" content=\"https:\/\/www.producempresarial.pe\/wp-content\/uploads\/2024\/02\/image-logo-share.png\" \/>\n\t<meta property=\"og:image:width\" content=\"1200\" \/>\n\t<meta property=\"og:image:height\" content=\"628\" \/>\n\t<meta property=\"og:image:type\" content=\"image\/png\" \/>\n<meta name=\"twitter:card\" content=\"summary_large_image\" \/>\n<meta name=\"twitter:label1\" content=\"Est. reading time\" \/>\n\t<meta name=\"twitter:data1\" content=\"1 minute\" \/>\n<script type=\"application\/ld+json\" class=\"yoast-schema-graph\">{\"@context\":\"https:\/\/schema.org\",\"@graph\":[{\"@type\":\"WebPage\",\"@id\":\"https:\/\/www.producempresarial.pe\/comercio-externo-tablero-productos\/\",\"url\":\"https:\/\/www.producempresarial.pe\/comercio-externo-tablero-productos\/\",\"name\":\"comercio-externo-tablero-productos - Observatorio PRODUCEmpresarial\",\"isPartOf\":{\"@id\":\"https:\/\/www.producempresarial.pe\/#website\"},\"datePublished\":\"2024-01-26T20:32:48+00:00\",\"dateModified\":\"2024-06-26T04:05:12+00:00\",\"breadcrumb\":{\"@id\":\"https:\/\/www.producempresarial.pe\/comercio-externo-tablero-productos\/#breadcrumb\"},\"inLanguage\":\"en-US\",\"potentialAction\":[{\"@type\":\"ReadAction\",\"target\":[\"https:\/\/www.producempresarial.pe\/comercio-externo-tablero-productos\/\"]}]},{\"@type\":\"BreadcrumbList\",\"@id\":\"https:\/\/www.producempresarial.pe\/comercio-externo-tablero-productos\/#breadcrumb\",\"itemListElement\":[{\"@type\":\"ListItem\",\"position\":1,\"name\":\"Home\",\"item\":\"https:\/\/www.producempresarial.pe\/\"},{\"@type\":\"ListItem\",\"position\":2,\"name\":\"comercio-externo-tablero-productos\"}]},{\"@type\":\"WebSite\",\"@id\":\"https:\/\/www.producempresarial.pe\/#website\",\"url\":\"https:\/\/www.producempresarial.pe\/\",\"name\":\"Observatorio PRODUCEmpresarial\",\"description\":\"Herramienta estrat\u00e9gica que integra y genera peri\u00f3dicamente evidencia y an\u00e1lisis sobre el desempe\u00f1o productivo del sector empresarial, as\u00ed como contribuye en la difusi\u00f3n de informaci\u00f3n y documentos t\u00e9cnicos anal\u00edticos y especializados sobre el desempe\u00f1o de las empresas en el Per\u00fa.\",\"publisher\":{\"@id\":\"https:\/\/www.producempresarial.pe\/#organization\"},\"potentialAction\":[{\"@type\":\"SearchAction\",\"target\":{\"@type\":\"EntryPoint\",\"urlTemplate\":\"https:\/\/www.producempresarial.pe\/?s={search_term_string}\"},\"query-input\":{\"@type\":\"PropertyValueSpecification\",\"valueRequired\":true,\"valueName\":\"search_term_string\"}}],\"inLanguage\":\"en-US\"},{\"@type\":\"Organization\",\"@id\":\"https:\/\/www.producempresarial.pe\/#organization\",\"name\":\"PRDOUCE\",\"url\":\"https:\/\/www.producempresarial.pe\/\",\"logo\":{\"@type\":\"ImageObject\",\"inLanguage\":\"en-US\",\"@id\":\"https:\/\/www.producempresarial.pe\/#\/schema\/logo\/image\/\",\"url\":\"https:\/\/www.producempresarial.pe\/wp-content\/uploads\/2024\/02\/image-logo-share.png\",\"contentUrl\":\"https:\/\/www.producempresarial.pe\/wp-content\/uploads\/2024\/02\/image-logo-share.png\",\"width\":1200,\"height\":628,\"caption\":\"PRDOUCE\"},\"image\":{\"@id\":\"https:\/\/www.producempresarial.pe\/#\/schema\/logo\/image\/\"}}]}<\/script>\n<!-- \/ Yoast SEO plugin. -->","yoast_head_json":{"title":"comercio-externo-tablero-productos - Observatorio PRODUCEmpresarial","robots":{"index":"index","follow":"follow","max-snippet":"max-snippet:-1","max-image-preview":"max-image-preview:large","max-video-preview":"max-video-preview:-1"},"canonical":"https:\/\/www.producempresarial.pe\/en\/comercio-externo-tablero-productos\/","og_locale":"en_US","og_type":"article","og_title":"comercio-externo-tablero-productos - Observatorio PRODUCEmpresarial","og_description":"Comercio Externo Inicio &gt; Comercio &gt; Comercio Externo &gt; Tableros &gt; Tablero Principales Productos Exportados","og_url":"https:\/\/www.producempresarial.pe\/en\/comercio-externo-tablero-productos\/","og_site_name":"Observatorio PRODUCEmpresarial","article_modified_time":"2024-06-26T04:05:12+00:00","og_image":[{"width":1200,"height":628,"url":"https:\/\/www.producempresarial.pe\/wp-content\/uploads\/2024\/02\/image-logo-share.png","type":"image\/png"}],"twitter_card":"summary_large_image","twitter_misc":{"Est. reading time":"1 minute"},"schema":{"@context":"https:\/\/schema.org","@graph":[{"@type":"WebPage","@id":"https:\/\/www.producempresarial.pe\/comercio-externo-tablero-productos\/","url":"https:\/\/www.producempresarial.pe\/comercio-externo-tablero-productos\/","name":"comercio-externo-tablero-productos - Observatorio PRODUCEmpresarial","isPartOf":{"@id":"https:\/\/www.producempresarial.pe\/#website"},"datePublished":"2024-01-26T20:32:48+00:00","dateModified":"2024-06-26T04:05:12+00:00","breadcrumb":{"@id":"https:\/\/www.producempresarial.pe\/comercio-externo-tablero-productos\/#breadcrumb"},"inLanguage":"en-US","potentialAction":[{"@type":"ReadAction","target":["https:\/\/www.producempresarial.pe\/comercio-externo-tablero-productos\/"]}]},{"@type":"BreadcrumbList","@id":"https:\/\/www.producempresarial.pe\/comercio-externo-tablero-productos\/#breadcrumb","itemListElement":[{"@type":"ListItem","position":1,"name":"Home","item":"https:\/\/www.producempresarial.pe\/"},{"@type":"ListItem","position":2,"name":"comercio-externo-tablero-productos"}]},{"@type":"WebSite","@id":"https:\/\/www.producempresarial.pe\/#website","url":"https:\/\/www.producempresarial.pe\/","name":"Observatorio PRODUCEmpresarial","description":"Herramienta estrat\u00e9gica que integra y genera peri\u00f3dicamente evidencia y an\u00e1lisis sobre el desempe\u00f1o productivo del sector empresarial, as\u00ed como contribuye en la difusi\u00f3n de informaci\u00f3n y documentos t\u00e9cnicos anal\u00edticos y especializados sobre el desempe\u00f1o de las empresas en el Per\u00fa.","publisher":{"@id":"https:\/\/www.producempresarial.pe\/#organization"},"potentialAction":[{"@type":"SearchAction","target":{"@type":"EntryPoint","urlTemplate":"https:\/\/www.producempresarial.pe\/?s={search_term_string}"},"query-input":{"@type":"PropertyValueSpecification","valueRequired":true,"valueName":"search_term_string"}}],"inLanguage":"en-US"},{"@type":"Organization","@id":"https:\/\/www.producempresarial.pe\/#organization","name":"PRDOUCE","url":"https:\/\/www.producempresarial.pe\/","logo":{"@type":"ImageObject","inLanguage":"en-US","@id":"https:\/\/www.producempresarial.pe\/#\/schema\/logo\/image\/","url":"https:\/\/www.producempresarial.pe\/wp-content\/uploads\/2024\/02\/image-logo-share.png","contentUrl":"https:\/\/www.producempresarial.pe\/wp-content\/uploads\/2024\/02\/image-logo-share.png","width":1200,"height":628,"caption":"PRDOUCE"},"image":{"@id":"https:\/\/www.producempresarial.pe\/#\/schema\/logo\/image\/"}}]}},"_links":{"self":[{"href":"https:\/\/www.producempresarial.pe\/en\/wp-json\/wp\/v2\/pages\/7915","targetHints":{"allow":["GET"]}}],"collection":[{"href":"https:\/\/www.producempresarial.pe\/en\/wp-json\/wp\/v2\/pages"}],"about":[{"href":"https:\/\/www.producempresarial.pe\/en\/wp-json\/wp\/v2\/types\/page"}],"author":[{"embeddable":true,"href":"https:\/\/www.producempresarial.pe\/en\/wp-json\/wp\/v2\/users\/1"}],"replies":[{"embeddable":true,"href":"https:\/\/www.producempresarial.pe\/en\/wp-json\/wp\/v2\/comments?post=7915"}],"version-history":[{"count":22,"href":"https:\/\/www.producempresarial.pe\/en\/wp-json\/wp\/v2\/pages\/7915\/revisions"}],"predecessor-version":[{"id":17487,"href":"https:\/\/www.producempresarial.pe\/en\/wp-json\/wp\/v2\/pages\/7915\/revisions\/17487"}],"wp:attachment":[{"href":"https:\/\/www.producempresarial.pe\/en\/wp-json\/wp\/v2\/media?parent=7915"}],"curies":[{"name":"wp","href":"https:\/\/api.w.org\/{rel}","templated":true}]}}