{"id":8376,"date":"2024-01-26T20:04:15","date_gmt":"2024-01-27T01:04:15","guid":{"rendered":"https:\/\/www.producempresarial.pe\/?page_id=8376"},"modified":"2024-01-30T19:58:04","modified_gmt":"2024-01-31T00:58:04","slug":"modelo-economico","status":"publish","type":"page","link":"https:\/\/www.producempresarial.pe\/en\/modelo-economico\/","title":{"rendered":"Modelo Econ\u00f3mico"},"content":{"rendered":"<div data-elementor-type=\"wp-page\" data-elementor-id=\"8376\" class=\"elementor elementor-8376\" data-elementor-post-type=\"page\">\n\t\t\t\t<div class=\"elementor-element elementor-element-906c794 e-grid e-con-full e-con e-child\" data-id=\"906c794\" data-element_type=\"container\" data-e-type=\"container\" data-settings=\"{&quot;background_background&quot;:&quot;classic&quot;}\">\n\t\t<div class=\"elementor-element elementor-element-99a7199 e-grid e-con-full e-con e-child\" data-id=\"99a7199\" data-element_type=\"container\" data-e-type=\"container\">\n\t\t\t\t<div class=\"elementor-element elementor-element-dfeddba elementor-widget elementor-widget-heading\" data-id=\"dfeddba\" data-element_type=\"widget\" data-e-type=\"widget\" data-widget_type=\"heading.default\">\n\t\t\t\t<div class=\"elementor-widget-container\">\n\t\t\t\t\t<h2 class=\"elementor-heading-title elementor-size-default\">Economic Modeling<\/h2>\t\t\t\t<\/div>\n\t\t\t\t<\/div>\n\t\t\t\t<\/div>\n\t\t\t\t<\/div>\n\t\t<div class=\"elementor-element elementor-element-63736bc e-con-full e-flex e-con e-parent\" data-id=\"63736bc\" data-element_type=\"container\" data-e-type=\"container\">\n\t\t\t\t<div class=\"elementor-element elementor-element-d9f2a67 elementor-widget elementor-widget-heading\" data-id=\"d9f2a67\" data-element_type=\"widget\" data-e-type=\"widget\" data-widget_type=\"heading.default\">\n\t\t\t\t<div class=\"elementor-widget-container\">\n\t\t\t\t\t<h2 class=\"elementor-heading-title elementor-size-default\">Computable General Equilibrium Economic Model to simulate the impacts of Productive Development Policies<\/h2>\t\t\t\t<\/div>\n\t\t\t\t<\/div>\n\t\t\t\t<\/div>\n\t\t<div class=\"elementor-element elementor-element-9ea5a20 e-con-full e-flex e-con e-parent\" data-id=\"9ea5a20\" data-element_type=\"container\" data-e-type=\"container\">\n\t\t\t\t<div class=\"elementor-element elementor-element-a6ba8f7 elementor-widget elementor-widget-text-editor\" data-id=\"a6ba8f7\" data-element_type=\"widget\" data-e-type=\"widget\" data-widget_type=\"text-editor.default\">\n\t\t\t\t<div class=\"elementor-widget-container\">\n\t\t\t\t\t\t\t\t\t<p><strong class=\"negrita\">SUMMARY <br \/><\/strong><\/p><p style=\"text-align: justify;\">The Directorate of Economic Studies for SMEs and Industry (DEMI) developed and designed a computable general equilibrium model (CGEM) for the Peruvian economy. This model aims to simulate the impacts of productive development policies under various alternative scenarios. It serves as a powerful analytical tool for evaluating the effects of economic policies (such as tax changes, subsidies, etc.) and autonomous shocks (such as changes in international prices, technological advancements through increased productivity and\/or quality, etc.).<\/p>\t\t\t\t\t\t\t\t<\/div>\n\t\t\t\t<\/div>\n\t\t\t\t<\/div>\n\t\t<div class=\"elementor-element elementor-element-dc58ed9 e-grid e-con-full e-con e-parent\" data-id=\"dc58ed9\" data-element_type=\"container\" data-e-type=\"container\">\n\t\t\t\t<div class=\"elementor-element elementor-element-6cc4714 elementor-widget__width-initial elementor-widget elementor-widget-text-editor\" data-id=\"6cc4714\" data-element_type=\"widget\" data-e-type=\"widget\" data-widget_type=\"text-editor.default\">\n\t\t\t\t<div class=\"elementor-widget-container\">\n\t\t\t\t\t\t\t\t\t<p style=\"text-align: justify;\">\nOne of the main advantages that justify the use of the CGEM model for analysis and policy recommendations is that these models are built on solid microeconomic foundations that specify the behavior rules for all agents (consumers, producers, government, and the external sector). Another reason is that they consider the interrelationships between all variables, allowing for the capture of both direct and indirect effects. Additionally, they ensure internal consistency among all variables by considering macroeconomic and sectoral supply and demand equilibriums. Moreover, they provide numerical solutions rather than merely indicating the direction of change in the variables. In this context, policy packages can be simulated, as it is possible to implement and evaluate several changes simultaneously and precisely observe their effects on key economic variables such as GDP, tax revenue, sectoral value added, household welfare, and labor informality, among others.<\/p>\t\t\t\t\t\t\t\t<\/div>\n\t\t\t\t<\/div>\n\t\t\t\t<div class=\"elementor-element elementor-element-3ba0e02 elementor-widget__width-initial elementor-widget elementor-widget-image\" data-id=\"3ba0e02\" data-element_type=\"widget\" data-e-type=\"widget\" data-widget_type=\"image.default\">\n\t\t\t\t<div class=\"elementor-widget-container\">\n\t\t\t\t\t\t\t\t\t\t\t\t\t\t\t<img decoding=\"async\" src=\"https:\/\/www.producempresarial.pe\/wp-content\/uploads\/2024\/01\/50353138303_d3933f6168_o-scaled.jpg\" title=\"50353138303_d3933f6168_o\" alt=\"50353138303_d3933f6168_o\" loading=\"lazy\" \/>\t\t\t\t\t\t\t\t\t\t\t\t\t\t\t<\/div>\n\t\t\t\t<\/div>\n\t\t\t\t<\/div>\n\t\t<div class=\"elementor-element elementor-element-7abe4af e-con-full e-flex e-con e-parent\" data-id=\"7abe4af\" data-element_type=\"container\" data-e-type=\"container\">\n\t\t\t\t<div class=\"elementor-element elementor-element-8393453 elementor-widget elementor-widget-text-editor\" data-id=\"8393453\" data-element_type=\"widget\" data-e-type=\"widget\" data-widget_type=\"text-editor.default\">\n\t\t\t\t<div class=\"elementor-widget-container\">\n\t\t\t\t\t\t\t\t\t<p style=\"text-align: justify;\">\nThe model employs information from the Social Accounting Matrix (SAM) updated to 2014, which DEMI developed using various sources, including the 2007 Input-Output Matrix, ENAHO, SUNAT, BCRP, MEF, and SIAF. This matrix coherently reflects the circular flow of the economy. It features a detailed breakdown of 36 productive activities, 8 types of labor (categorized by dependent-independent, skilled-unskilled, formal-informal combinations), 2 types of capital (mobile and fixed), and 10 types of households, with rural and urban households each divided into 5 income quintiles.<\/p>\t\t\t\t\t\t\t\t<\/div>\n\t\t\t\t<\/div>\n\t\t\t\t<\/div>\n\t\t<div class=\"elementor-element elementor-element-9658656 e-grid e-con-full e-con e-parent\" data-id=\"9658656\" data-element_type=\"container\" data-e-type=\"container\">\n\t\t<div class=\"elementor-element elementor-element-d4c95d3 e-grid e-con-boxed e-con e-child\" data-id=\"d4c95d3\" data-element_type=\"container\" data-e-type=\"container\">\n\t\t\t\t\t<div class=\"e-con-inner\">\n\t\t\t\t<div class=\"elementor-element elementor-element-92cc449 elementor-widget elementor-widget-image\" data-id=\"92cc449\" data-element_type=\"widget\" data-e-type=\"widget\" data-widget_type=\"image.default\">\n\t\t\t\t<div class=\"elementor-widget-container\">\n\t\t\t\t\t\t\t\t\t\t\t\t\t\t\t<img fetchpriority=\"high\" decoding=\"async\" width=\"1024\" height=\"545\" src=\"https:\/\/www.producempresarial.pe\/wp-content\/uploads\/2024\/01\/37780512732_666c84bd16_o-1024x545.jpg\" class=\"attachment-large size-large wp-image-9392\" alt=\"\" srcset=\"https:\/\/www.producempresarial.pe\/wp-content\/uploads\/2024\/01\/37780512732_666c84bd16_o-1024x545.jpg 1024w, https:\/\/www.producempresarial.pe\/wp-content\/uploads\/2024\/01\/37780512732_666c84bd16_o-300x160.jpg 300w, https:\/\/www.producempresarial.pe\/wp-content\/uploads\/2024\/01\/37780512732_666c84bd16_o-768x409.jpg 768w, https:\/\/www.producempresarial.pe\/wp-content\/uploads\/2024\/01\/37780512732_666c84bd16_o-1536x818.jpg 1536w, https:\/\/www.producempresarial.pe\/wp-content\/uploads\/2024\/01\/37780512732_666c84bd16_o-2048x1091.jpg 2048w, https:\/\/www.producempresarial.pe\/wp-content\/uploads\/2024\/01\/37780512732_666c84bd16_o-200x106.jpg 200w\" sizes=\"(max-width: 1024px) 100vw, 1024px\" \/>\t\t\t\t\t\t\t\t\t\t\t\t\t\t\t<\/div>\n\t\t\t\t<\/div>\n\t\t\t\t<div class=\"elementor-element elementor-element-fc91ed7 elementor-widget elementor-widget-text-editor\" data-id=\"fc91ed7\" data-element_type=\"widget\" data-e-type=\"widget\" data-widget_type=\"text-editor.default\">\n\t\t\t\t<div class=\"elementor-widget-container\">\n\t\t\t\t\t\t\t\t\t<p><span style=\"color: #ff0000;\"><strong>Download the complete documents:<\/strong><\/span><\/p><ul><li><a href=\"https:\/\/www.producempresarial.pe\/wp-content\/uploads\/2024\/01\/mcge.pdf\" target=\"_blank\" rel=\"noopener\">Computable General Equilibrium Economic Model to simulate the impacts of Productive Development Policies<\/a><\/li><li><a href=\"https:\/\/www.producempresarial.pe\/wp-content\/uploads\/2024\/01\/Presentacion_Green-Sector_CGE.pdf\" target=\"_blank\" rel=\"noopener\">Using green economic models for informed decision making: the example of Peru<\/a><\/li><\/ul>\t\t\t\t\t\t\t\t<\/div>\n\t\t\t\t<\/div>\n\t\t\t\t\t<\/div>\n\t\t\t\t<\/div>\n\t\t\t\t<div class=\"elementor-element elementor-element-b10a861 elementor-widget elementor-widget-text-editor\" data-id=\"b10a861\" data-element_type=\"widget\" data-e-type=\"widget\" data-widget_type=\"text-editor.default\">\n\t\t\t\t<div class=\"elementor-widget-container\">\n\t\t\t\t\t\t\t\t\t<p style=\"text-align: justify;\">\nThe model evaluates the effects of providing tax incentives in the form of a 49% income tax deduction for research and development expenditures. For the manufacturing sector, it simulates an increase in product quality as well as progressive improvements in productivity. Additionally, it assesses the impact of formalizing workers by applying the tax rate of formal workers to informal workers. The model also evaluates the effects of a 10% reduction in international mineral export prices. Furthermore, it analyzes the general equilibrium effects of increased efficiency in the use of road infrastructure through the implementation of industrial parks. The effects of increased technical assistance and training supply through Technological Innovation Centers (CITE) are also evaluated. For MSEs policies, the model assesses the impact of reducing financial costs and providing tax incentives for workforce training. Finally, it evaluates the impact of increased foreign direct investment in the Forestry, Aquaculture, and Creative Industries sectors.<\/p>\t\t\t\t\t\t\t\t<\/div>\n\t\t\t\t<\/div>\n\t\t\t\t<\/div>\n\t\t\t\t<\/div>","protected":false},"excerpt":{"rendered":"<p>Modelamiento Econ\u00f3mico\u200b Modelo Econ\u00f3mico de Equilibrio General Computable para simular impactos de Pol\u00edticas de Desarrollo Productivo RESUMEN La Direcci\u00f3n de Estudios Econ\u00f3micos de Mype e Industria (DEMI) elabor\u00f3 y dise\u00f1\u00f3 un modelo computable de equilibrio general (MCEG) para la econom\u00eda peruana con el objetivo de simular impactos de pol\u00edticas de desarrollo productivo ante escenarios alternativos. &#8230; <a title=\"Modelo Econ\u00f3mico\" class=\"read-more\" href=\"https:\/\/www.producempresarial.pe\/en\/modelo-economico\/\" aria-label=\"Read more about Modelo Econ\u00f3mico\">Read more<\/a><\/p>","protected":false},"author":1,"featured_media":0,"parent":0,"menu_order":0,"comment_status":"closed","ping_status":"closed","template":"elementor_header_footer","meta":{"_acf_changed":false,"footnotes":""},"class_list":["post-8376","page","type-page","status-publish"],"acf":[],"yoast_head":"<!-- This site is optimized with the Yoast SEO plugin v27.1.1 - https:\/\/yoast.com\/product\/yoast-seo-wordpress\/ -->\n<title>Modelo Econ\u00f3mico - Observatorio PRODUCEmpresarial<\/title>\n<meta name=\"robots\" content=\"index, follow, max-snippet:-1, max-image-preview:large, max-video-preview:-1\" \/>\n<link rel=\"canonical\" href=\"https:\/\/www.producempresarial.pe\/en\/modelo-economico\/\" \/>\n<meta property=\"og:locale\" content=\"en_US\" \/>\n<meta property=\"og:type\" content=\"article\" \/>\n<meta property=\"og:title\" content=\"Modelo Econ\u00f3mico - Observatorio PRODUCEmpresarial\" \/>\n<meta property=\"og:description\" content=\"Modelamiento Econ\u00f3mico\u200b Modelo Econ\u00f3mico de Equilibrio General Computable para simular impactos de Pol\u00edticas de Desarrollo Productivo RESUMEN La Direcci\u00f3n de Estudios Econ\u00f3micos de Mype e Industria (DEMI) elabor\u00f3 y dise\u00f1\u00f3 un modelo computable de equilibrio general (MCEG) para la econom\u00eda peruana con el objetivo de simular impactos de pol\u00edticas de desarrollo productivo ante escenarios alternativos. ... Read more\" \/>\n<meta property=\"og:url\" content=\"https:\/\/www.producempresarial.pe\/en\/modelo-economico\/\" \/>\n<meta property=\"og:site_name\" content=\"Observatorio PRODUCEmpresarial\" \/>\n<meta property=\"article:modified_time\" content=\"2024-01-31T00:58:04+00:00\" \/>\n<meta property=\"og:image\" content=\"https:\/\/www.producempresarial.pe\/wp-content\/uploads\/2024\/01\/50353138303_d3933f6168_o-scaled.jpg\" \/>\n<meta name=\"twitter:card\" content=\"summary_large_image\" \/>\n<meta name=\"twitter:label1\" content=\"Est. reading time\" \/>\n\t<meta name=\"twitter:data1\" content=\"3 minutes\" \/>\n<script type=\"application\/ld+json\" class=\"yoast-schema-graph\">{\"@context\":\"https:\/\/schema.org\",\"@graph\":[{\"@type\":\"WebPage\",\"@id\":\"https:\/\/www.producempresarial.pe\/modelo-economico\/\",\"url\":\"https:\/\/www.producempresarial.pe\/modelo-economico\/\",\"name\":\"Modelo Econ\u00f3mico - Observatorio PRODUCEmpresarial\",\"isPartOf\":{\"@id\":\"https:\/\/www.producempresarial.pe\/#website\"},\"primaryImageOfPage\":{\"@id\":\"https:\/\/www.producempresarial.pe\/modelo-economico\/#primaryimage\"},\"image\":{\"@id\":\"https:\/\/www.producempresarial.pe\/modelo-economico\/#primaryimage\"},\"thumbnailUrl\":\"https:\/\/www.producempresarial.pe\/wp-content\/uploads\/2024\/01\/50353138303_d3933f6168_o-scaled.jpg\",\"datePublished\":\"2024-01-27T01:04:15+00:00\",\"dateModified\":\"2024-01-31T00:58:04+00:00\",\"breadcrumb\":{\"@id\":\"https:\/\/www.producempresarial.pe\/modelo-economico\/#breadcrumb\"},\"inLanguage\":\"en-US\",\"potentialAction\":[{\"@type\":\"ReadAction\",\"target\":[\"https:\/\/www.producempresarial.pe\/modelo-economico\/\"]}]},{\"@type\":\"ImageObject\",\"inLanguage\":\"en-US\",\"@id\":\"https:\/\/www.producempresarial.pe\/modelo-economico\/#primaryimage\",\"url\":\"https:\/\/www.producempresarial.pe\/wp-content\/uploads\/2024\/01\/50353138303_d3933f6168_o-scaled.jpg\",\"contentUrl\":\"https:\/\/www.producempresarial.pe\/wp-content\/uploads\/2024\/01\/50353138303_d3933f6168_o-scaled.jpg\"},{\"@type\":\"BreadcrumbList\",\"@id\":\"https:\/\/www.producempresarial.pe\/modelo-economico\/#breadcrumb\",\"itemListElement\":[{\"@type\":\"ListItem\",\"position\":1,\"name\":\"Home\",\"item\":\"https:\/\/www.producempresarial.pe\/\"},{\"@type\":\"ListItem\",\"position\":2,\"name\":\"Modelo Econ\u00f3mico\"}]},{\"@type\":\"WebSite\",\"@id\":\"https:\/\/www.producempresarial.pe\/#website\",\"url\":\"https:\/\/www.producempresarial.pe\/\",\"name\":\"Observatorio PRODUCEmpresarial\",\"description\":\"Herramienta estrat\u00e9gica que integra y genera peri\u00f3dicamente evidencia y an\u00e1lisis sobre el desempe\u00f1o productivo del sector empresarial, as\u00ed como contribuye en la difusi\u00f3n de informaci\u00f3n y documentos t\u00e9cnicos anal\u00edticos y especializados sobre el desempe\u00f1o de las empresas en el Per\u00fa.\",\"publisher\":{\"@id\":\"https:\/\/www.producempresarial.pe\/#organization\"},\"potentialAction\":[{\"@type\":\"SearchAction\",\"target\":{\"@type\":\"EntryPoint\",\"urlTemplate\":\"https:\/\/www.producempresarial.pe\/?s={search_term_string}\"},\"query-input\":{\"@type\":\"PropertyValueSpecification\",\"valueRequired\":true,\"valueName\":\"search_term_string\"}}],\"inLanguage\":\"en-US\"},{\"@type\":\"Organization\",\"@id\":\"https:\/\/www.producempresarial.pe\/#organization\",\"name\":\"PRDOUCE\",\"url\":\"https:\/\/www.producempresarial.pe\/\",\"logo\":{\"@type\":\"ImageObject\",\"inLanguage\":\"en-US\",\"@id\":\"https:\/\/www.producempresarial.pe\/#\/schema\/logo\/image\/\",\"url\":\"https:\/\/www.producempresarial.pe\/wp-content\/uploads\/2024\/02\/image-logo-share.png\",\"contentUrl\":\"https:\/\/www.producempresarial.pe\/wp-content\/uploads\/2024\/02\/image-logo-share.png\",\"width\":1200,\"height\":628,\"caption\":\"PRDOUCE\"},\"image\":{\"@id\":\"https:\/\/www.producempresarial.pe\/#\/schema\/logo\/image\/\"}}]}<\/script>\n<!-- \/ Yoast SEO plugin. -->","yoast_head_json":{"title":"Modelo Econ\u00f3mico - Observatorio PRODUCEmpresarial","robots":{"index":"index","follow":"follow","max-snippet":"max-snippet:-1","max-image-preview":"max-image-preview:large","max-video-preview":"max-video-preview:-1"},"canonical":"https:\/\/www.producempresarial.pe\/en\/modelo-economico\/","og_locale":"en_US","og_type":"article","og_title":"Modelo Econ\u00f3mico - Observatorio PRODUCEmpresarial","og_description":"Modelamiento Econ\u00f3mico\u200b Modelo Econ\u00f3mico de Equilibrio General Computable para simular impactos de Pol\u00edticas de Desarrollo Productivo RESUMEN La Direcci\u00f3n de Estudios Econ\u00f3micos de Mype e Industria (DEMI) elabor\u00f3 y dise\u00f1\u00f3 un modelo computable de equilibrio general (MCEG) para la econom\u00eda peruana con el objetivo de simular impactos de pol\u00edticas de desarrollo productivo ante escenarios alternativos. ... Read more","og_url":"https:\/\/www.producempresarial.pe\/en\/modelo-economico\/","og_site_name":"Observatorio PRODUCEmpresarial","article_modified_time":"2024-01-31T00:58:04+00:00","og_image":[{"url":"https:\/\/www.producempresarial.pe\/wp-content\/uploads\/2024\/01\/50353138303_d3933f6168_o-scaled.jpg","type":"","width":"","height":""}],"twitter_card":"summary_large_image","twitter_misc":{"Est. reading time":"3 minutes"},"schema":{"@context":"https:\/\/schema.org","@graph":[{"@type":"WebPage","@id":"https:\/\/www.producempresarial.pe\/modelo-economico\/","url":"https:\/\/www.producempresarial.pe\/modelo-economico\/","name":"Modelo Econ\u00f3mico - Observatorio PRODUCEmpresarial","isPartOf":{"@id":"https:\/\/www.producempresarial.pe\/#website"},"primaryImageOfPage":{"@id":"https:\/\/www.producempresarial.pe\/modelo-economico\/#primaryimage"},"image":{"@id":"https:\/\/www.producempresarial.pe\/modelo-economico\/#primaryimage"},"thumbnailUrl":"https:\/\/www.producempresarial.pe\/wp-content\/uploads\/2024\/01\/50353138303_d3933f6168_o-scaled.jpg","datePublished":"2024-01-27T01:04:15+00:00","dateModified":"2024-01-31T00:58:04+00:00","breadcrumb":{"@id":"https:\/\/www.producempresarial.pe\/modelo-economico\/#breadcrumb"},"inLanguage":"en-US","potentialAction":[{"@type":"ReadAction","target":["https:\/\/www.producempresarial.pe\/modelo-economico\/"]}]},{"@type":"ImageObject","inLanguage":"en-US","@id":"https:\/\/www.producempresarial.pe\/modelo-economico\/#primaryimage","url":"https:\/\/www.producempresarial.pe\/wp-content\/uploads\/2024\/01\/50353138303_d3933f6168_o-scaled.jpg","contentUrl":"https:\/\/www.producempresarial.pe\/wp-content\/uploads\/2024\/01\/50353138303_d3933f6168_o-scaled.jpg"},{"@type":"BreadcrumbList","@id":"https:\/\/www.producempresarial.pe\/modelo-economico\/#breadcrumb","itemListElement":[{"@type":"ListItem","position":1,"name":"Home","item":"https:\/\/www.producempresarial.pe\/"},{"@type":"ListItem","position":2,"name":"Modelo Econ\u00f3mico"}]},{"@type":"WebSite","@id":"https:\/\/www.producempresarial.pe\/#website","url":"https:\/\/www.producempresarial.pe\/","name":"PRODUCEmpresarial Observatory","description":"Herramienta estrat\u00e9gica que integra y genera peri\u00f3dicamente evidencia y an\u00e1lisis sobre el desempe\u00f1o productivo del sector empresarial, as\u00ed como contribuye en la difusi\u00f3n de informaci\u00f3n y documentos t\u00e9cnicos anal\u00edticos y especializados sobre el desempe\u00f1o de las empresas en el Per\u00fa.","publisher":{"@id":"https:\/\/www.producempresarial.pe\/#organization"},"potentialAction":[{"@type":"SearchAction","target":{"@type":"EntryPoint","urlTemplate":"https:\/\/www.producempresarial.pe\/?s={search_term_string}"},"query-input":{"@type":"PropertyValueSpecification","valueRequired":true,"valueName":"search_term_string"}}],"inLanguage":"en-US"},{"@type":"Organization","@id":"https:\/\/www.producempresarial.pe\/#organization","name":"PRDOUCE","url":"https:\/\/www.producempresarial.pe\/","logo":{"@type":"ImageObject","inLanguage":"en-US","@id":"https:\/\/www.producempresarial.pe\/#\/schema\/logo\/image\/","url":"https:\/\/www.producempresarial.pe\/wp-content\/uploads\/2024\/02\/image-logo-share.png","contentUrl":"https:\/\/www.producempresarial.pe\/wp-content\/uploads\/2024\/02\/image-logo-share.png","width":1200,"height":628,"caption":"PRDOUCE"},"image":{"@id":"https:\/\/www.producempresarial.pe\/#\/schema\/logo\/image\/"}}]}},"_links":{"self":[{"href":"https:\/\/www.producempresarial.pe\/en\/wp-json\/wp\/v2\/pages\/8376","targetHints":{"allow":["GET"]}}],"collection":[{"href":"https:\/\/www.producempresarial.pe\/en\/wp-json\/wp\/v2\/pages"}],"about":[{"href":"https:\/\/www.producempresarial.pe\/en\/wp-json\/wp\/v2\/types\/page"}],"author":[{"embeddable":true,"href":"https:\/\/www.producempresarial.pe\/en\/wp-json\/wp\/v2\/users\/1"}],"replies":[{"embeddable":true,"href":"https:\/\/www.producempresarial.pe\/en\/wp-json\/wp\/v2\/comments?post=8376"}],"version-history":[{"count":151,"href":"https:\/\/www.producempresarial.pe\/en\/wp-json\/wp\/v2\/pages\/8376\/revisions"}],"predecessor-version":[{"id":12565,"href":"https:\/\/www.producempresarial.pe\/en\/wp-json\/wp\/v2\/pages\/8376\/revisions\/12565"}],"wp:attachment":[{"href":"https:\/\/www.producempresarial.pe\/en\/wp-json\/wp\/v2\/media?parent=8376"}],"curies":[{"name":"wp","href":"https:\/\/api.w.org\/{rel}","templated":true}]}}